{"id":9267,"date":"2018-05-23T16:29:11","date_gmt":"2018-05-23T14:29:11","guid":{"rendered":"https:\/\/www.schraml.de\/?page_id=9267"},"modified":"2025-03-18T12:11:36","modified_gmt":"2025-03-18T11:11:36","slug":"datenschutzerklaerung","status":"publish","type":"page","link":"https:\/\/www.schraml.de\/index.php\/datenschutzerklaerung\/","title":{"rendered":"Datenschutzerkl\u00e4rung"},"content":{"rendered":"<div id='layer_slider_1'  class='avia-layerslider main_color avia-shadow  avia-builder-el-0  el_before_av_section  avia-builder-el-first  container_wrap fullsize'  style='height: 181px; max-width: 1920px; margin: 0 auto;'  ><\/div>\n<div id='av_section_1'  class='avia-section av-4xbn8k-4338beb0eaf81a08322778bebacd3789 main_color avia-section-default avia-no-shadow  avia-builder-el-1  el_after_av_layerslider  avia-builder-el-last  avia-bg-style-scroll container_wrap fullsize'  ><div class='container av-section-cont-open' ><div class='template-page content  av-content-full alpha units'><div class='post-entry post-entry-type-page post-entry-9267'><div class='entry-content-wrapper clearfix'>\n<section  class='av_textblock_section av-2jql10-6d8272059b3a2856f5e9a8604e861350 '   itemscope=\"itemscope\" itemtype=\"https:\/\/schema.org\/CreativeWork\" ><div class='avia_textblock'  itemprop=\"text\" ><h2>SCHRAML Datenschutzerkl\u00e4rung<\/h2>\n<p>Die SCHRAML GmbH als Betreiber dieser Seiten nimmt den Schutz Ihrer pers\u00f6nlichen Daten sehr ernst. Wir behandeln Ihre personenbezogenen Daten vertraulich und entsprechend der gesetzlichen Datenschutzvorschriften sowie dieser Datenschutzerkl\u00e4rung.<\/p>\n<h3>Personenbezogene Daten<\/h3>\n<p>Im Folgenden informieren wir \u00fcber die Erhebung personenbezogener Daten bei Nutzung unserer Website und von Sub-Domains unserer Webseite. Personenbezogene Daten sind alle Daten, die auf Sie pers\u00f6nlich beziehbar sind, z.\u2009B. Name oder Adresse. Die Daten, die wir von Ihnen erheben k\u00f6nnen, umfassen: Name, Postanschrift, Telefonnummer, E-Mail-Adresse, Kontakt Voreinstellungen, Marketingeinstellungen und ggf. IP-Adresse.<\/p>\n<p>Sie m\u00fcssen keine personenbezogenen Daten preisgeben, um unsere Internetseite besuchen zu k\u00f6nnen. In einigen F\u00e4llen ben\u00f6tigen wir Ihren Namen und Adresse sowie weitere Informationen, um Ihnen die gew\u00fcnschte Dienstleistung anbieten zu k\u00f6nnen.\u00a0 Das Gleiche gilt f\u00fcr den Fall, dass wir Sie auf Wunsch mit Informationsmaterial beliefern bzw. wenn wir Ihre Anfragen beantworten. Wenn Sie einen unserer Services nutzen, sammeln wir in der Regel nur die Daten, die notwendig sind, um Ihnen unseren Service bieten zu k\u00f6nnen. M\u00f6glicherweise fragen wir Sie nach weiteren Informationen, die aber freiwilliger Natur sind. Wann immer wir personenbezogene Daten verarbeiten, tun wir dies, um Ihnen unseren Service anbieten zu k\u00f6nnen oder um unsere kommerziellen Ziele zu verfolgen.<\/p>\n<p>Im Rahmen der Bearbeitung eines Supportfalls besteht eventuell die Notwendigkeit, sich auf Ihr System einzuw\u00e4hlen. In der Regel verwenden wir in diesem Zusammenhang das Produkt TeamViewer. Eine TeamViewer-Sitzung wird nur er\u00f6ffnet mit Ihrer Zustimmung. Eine TeamViewer-Sitzung wird stets durch Sie begleitet. In keiner Situation hat die SCHRAML GmbH eine unbeaufsichtigte TeamViewer-Sitzung zu verantworten. Die Zug\u00e4nglichkeit von vertraulichen, organisationsbezogenen Daten sowie personenbezogenen Daten im Rahmen einer TeamViewer-Sitzung liegt rein im Verantwortungsbereich des Auftraggebers. Ihre Zustimmung gilt f\u00fcr den aktuellen Supportfall. Informationen wie TeamViewer-Login und -Passwort werden von der SCHRAML GmbH nicht gespeichert.<\/p>\n<p>Unseren Datenschutzbeauftragten erreichen Sie unter Datenschutz@schraml.de oder unserer Postadresse Herxheimer Stra\u00dfe 7, 83620 Vagen.<\/p>\n<p>Wir weisen darauf hin, dass die Daten\u00fcbertragung im Internet (z.B. bei der Kommunikation per E-Mail) Sicherheitsl\u00fccken aufweisen kann. Ein l\u00fcckenloser Schutz der Daten vor dem Zugriff durch Dritte ist nicht m\u00f6glich.<\/p>\n<h3>Automatisch gespeicherte nicht personenbezogene Daten<\/h3>\n<p>Wenn Sie unsere Internetseiten besuchen, speichern wir aus administrativen und technischen Gr\u00fcnden bestimmte Informationen. Diese sind: Typ und Version des verwendeten Webbrowsers, Datum und Uhrzeit des Zugriffs, sowie die IP-Adresse. Diese Daten werden anonymisiert und lediglich f\u00fcr statistische Zwecke bzw. daf\u00fcr verwendet, unsere Onlinedienste zu verbessern. Diese anonymisierten Daten werden - getrennt von personenbezogenen Daten - auf sicheren Systemen gespeichert und k\u00f6nnen keinen individuellen Personen zugeordnet werden. Das bedeutet, dass Ihre personenbezogenen Daten jederzeit gesch\u00fctzt bleiben.<\/p>\n<h3>Newsletterversand<\/h3>\n<p>Wenn Sie den auf der Webseite angebotenen Newsletter beziehen m\u00f6chten, ben\u00f6tigen wir von Ihnen eine E-Mail-Adresse sowie Informationen, welche uns die \u00dcberpr\u00fcfung gestatten, dass Sie der Inhaber der angegebenen E-Mail-Adresse und mit dem Empfang des Newsletters einverstanden sind.<\/p>\n<p>Zur Gew\u00e4hrleistung einer einverst\u00e4ndlichen Newsletter-Versendung nutzen wir das sogenannte Double-Opt-in-Verfahren. Im Zuge dessen l\u00e4sst sich der potentielle Empf\u00e4nger in einen Verteiler aufnehmen. Anschlie\u00dfend erh\u00e4lt der Nutzer durch eine Best\u00e4tigungs-E-Mail die M\u00f6glichkeit, die Anmeldung rechtssicher zu best\u00e4tigen. Nur wenn die Best\u00e4tigung erfolgt, wird die Adresse aktiv in den Verteiler aufgenommen.<\/p>\n<p>Diese Daten verwenden wir ausschlie\u00dflich f\u00fcr den Versand der angeforderten Informationen und Angebote.<\/p>\n<p>Als Newsletter Software wird <a href=\"https:\/\/www.brevo.com\/de\">Brevo<\/a> verwendet. Ihre Daten werden dabei an Brevo \u00fcbermittelt. Brevo ist es dabei untersagt, Ihre Daten zu verkaufen und f\u00fcr andere Zwecke, als f\u00fcr den Versand von Newslettern zu nutzen. Brevo ist ein deutscher, zertifizierter Anbieter, welcher nach den Anforderungen der Datenschutz-Grundverordnung und des Bundesdatenschutzgesetzes ausgew\u00e4hlt wurde.<\/p>\n<p>Weitere Informationen finden Sie hier: <a href=\"https:\/\/www.brevo.com\/de\/informationen-newsletter-empfaenger\/\">https:\/\/www.brevo.com\/de\/informationen-newsletter-empfaenger\/<\/a><\/p>\n<p>Die erteilte Einwilligung zur Speicherung der Daten, der E-Mail-Adresse sowie deren Nutzung zum Versand des Newsletters k\u00f6nnen Sie jederzeit widerrufen, etwa \u00fcber den \"Abmelden\"-Link im Newsletter.<\/p>\n<p>Die datenschutzrechtlichen Ma\u00dfnahmen unterliegen stets technischen Erneuerungen aus diesem Grund bitten wir Sie, sich \u00fcber unsere Datenschutzma\u00dfnahmen in regelm\u00e4\u00dfigen Abst\u00e4nden durch Einsichtnahme in unsere Datenschutzerkl\u00e4rung zu informieren.<\/p>\n<h3>Auskunft, L\u00f6schung, Sperrung<\/h3>\n<p>Sie haben jederzeit das Recht auf unentgeltliche Auskunft \u00fcber Ihre gespeicherten personenbezogenen Daten, deren Herkunft und Empf\u00e4nger und den Zweck der Datenverarbeitung sowie ein Recht auf Berichtigung, Sperrung oder L\u00f6schung dieser Daten. Hierzu sowie zu weiteren Fragen zum Thema personenbezogene Daten k\u00f6nnen Sie sich jederzeit unter datenschutz@schraml.de an uns wenden.<\/p>\n<h3>Server-Log-Files<\/h3>\n<p>Der Provider der Seiten erhebt und speichert automatisch Informationen in so genannten Server-Log Files, die Ihr Browser automatisch an uns \u00fcbermittelt. Dies sind:<\/p>\n<ul>\n<li>Browsertyp\/ Browserversion<\/li>\n<li>verwendetes Betriebssystem<\/li>\n<li>Referrer URL<\/li>\n<li>Hostname des zugreifenden Rechners<\/li>\n<li>Uhrzeit der Serveranfrage<\/li>\n<\/ul>\n<p>Diese Daten sind nicht bestimmten Personen zuordenbar. Eine Zusammenf\u00fchrung dieser Daten mit anderen Datenquellen wird nicht vorgenommen. Wir behalten uns vor, diese Daten nachtr\u00e4glich zu pr\u00fcfen, wenn uns konkrete Anhaltspunkte f\u00fcr eine rechtswidrige Nutzung bekannt werden.<\/p>\n<h3>Cookies<\/h3>\n<p>Die Internetseiten verwenden teilweise so genannte Cookies. Cookies richten auf Ihrem Rechner keinen Schaden an und enthalten keine Viren. Cookies dienen dazu, unser Angebot nutzerfreundlicher, effektiver und sicherer zu machen. Cookies sind kleine Textdateien, die auf Ihrem Rechner abgelegt werden und die Ihr Browser speichert.<\/p>\n<p>Die meisten der von uns verwendeten Cookies sind so genannte \u201eSession-Cookies\u201c. Sie werden nach Ende Ihres Besuchs automatisch gel\u00f6scht. Andere Cookies bleiben auf Ihrem Endger\u00e4t gespeichert, bis Sie diese l\u00f6schen. Diese Cookies erm\u00f6glichen es uns, Ihren Browser beim n\u00e4chsten Besuch wiederzuerkennen.<\/p>\n<p>Sie k\u00f6nnen Ihren Browser so einstellen, dass Sie \u00fcber das Setzen von Cookies informiert werden und Cookies nur im Einzelfall erlauben, die Annahme von Cookies f\u00fcr bestimmte F\u00e4lle oder generell ausschlie\u00dfen sowie das automatische L\u00f6schen der Cookies beim Schlie\u00dfen des Browser aktivieren. Bei der Deaktivierung von Cookies kann die Funktionalit\u00e4t dieser Website eingeschr\u00e4nkt sein.<\/p>\n<h4 data-start=\"469\" data-end=\"501\">Einsatz von Google Analytics<\/h4>\n<p data-start=\"503\" data-end=\"763\">Unsere Website verwendet Google Analytics, einen Webanalysedienst der Google LLC, 1600 Amphitheatre Parkway, Mountain View, CA 94043, USA (\u201eGoogle\u201c). Die Nutzung erfolgt auf Grundlage Ihrer Einwilligung gem\u00e4\u00df Art. 6 Abs. 1 lit. a DSGVO sowie \u00a7 25 Abs. 1 TTDSG.<\/p>\n<p data-start=\"765\" data-end=\"1137\">Google Analytics verwendet Cookies, die eine Analyse Ihrer Benutzung unserer Website erm\u00f6glichen. Die durch die Cookies erzeugten Informationen \u00fcber Ihre Benutzung dieser Website (einschlie\u00dflich Ihrer IP-Adresse, die jedoch durch die Aktivierung der IP-Anonymisierung gek\u00fcrzt wird) werden in der Regel an einen Server von Google in den USA \u00fcbertragen und dort gespeichert.<\/p>\n<p data-start=\"1139\" data-end=\"1507\">Wir haben auf dieser Website die IP-Anonymisierung aktiviert. Dadurch wird Ihre IP-Adresse von Google innerhalb von Mitgliedstaaten der Europ\u00e4ischen Union oder in anderen Vertragsstaaten des Abkommens \u00fcber den Europ\u00e4ischen Wirtschaftsraum zuvor gek\u00fcrzt. Nur in Ausnahmef\u00e4llen wird die volle IP-Adresse an einen Server von Google in den USA \u00fcbertragen und dort gek\u00fcrzt.<\/p>\n<p data-start=\"1509\" data-end=\"1794\">Google wird diese Informationen in unserem Auftrag benutzen, um Ihre Nutzung der Website auszuwerten, um Reports \u00fcber die Website-Aktivit\u00e4ten zusammenzustellen und um weitere mit der Website- und Internetnutzung verbundene Dienstleistungen gegen\u00fcber dem Website-Betreiber zu erbringen.<\/p>\n<p data-start=\"1796\" data-end=\"1929\">Die im Rahmen von Google Analytics von Ihrem Browser \u00fcbermittelte IP-Adresse wird nicht mit anderen Daten von Google zusammengef\u00fchrt.<\/p>\n<p data-start=\"1931\" data-end=\"1955\"><strong>Drittstaatentransfer<\/strong><\/p>\n<p data-start=\"1957\" data-end=\"2360\">Durch die Einbindung von Google Analytics kann es zu einer \u00dcbermittlung personenbezogener Daten in ein Drittland (USA) kommen. Die USA gelten derzeit nicht als Land mit einem angemessenen Datenschutzniveau im Sinne der DSGVO. Es besteht das Risiko, dass US-Beh\u00f6rden auf personenbezogene Daten zugreifen k\u00f6nnen, ohne dass Ihnen als betroffene Person hiergegen wirksame Rechtsbehelfe zur Verf\u00fcgung stehen.<\/p>\n<p data-start=\"2362\" data-end=\"2381\"><strong>Rechtsgrundlage<\/strong><\/p>\n<p data-start=\"2383\" data-end=\"2618\">Die Verarbeitung erfolgt ausschlie\u00dflich auf Grundlage Ihrer Einwilligung gem\u00e4\u00df Art. 6 Abs. 1 lit. a DSGVO sowie \u00a7 25 Abs. 1 TTDSG (bei Einsatz von Cookies oder \u00e4hnlichen Technologien zur Speicherung von Informationen auf dem Endger\u00e4t).<\/p>\n<p data-start=\"2620\" data-end=\"2649\"><strong>Widerruf der Einwilligung<\/strong><\/p>\n<p data-start=\"2651\" data-end=\"2847\">Sie k\u00f6nnen Ihre Einwilligung jederzeit mit Wirkung f\u00fcr die Zukunft widerrufen, indem Sie die Cookie-Einstellungen \u00fcber das Symbol unten links auf der Website erneut \u00f6ffnen und Ihre Auswahl \u00e4ndern.<\/p>\n<p data-start=\"2849\" data-end=\"2918\">Weitere Informationen zur Datennutzung durch Google finden Sie unter:<\/p>\n<ul data-start=\"2919\" data-end=\"3104\">\n<li data-start=\"2919\" data-end=\"2995\"><a target=\"_new\" rel=\"noopener\" data-start=\"2921\" data-end=\"2995\">https:\/\/policies.google.com\/privacy<\/a><\/li>\n<li data-start=\"2996\" data-end=\"3104\"><a target=\"_new\" rel=\"noopener\" data-start=\"2998\" data-end=\"3104\">https:\/\/support.google.com\/analytics\/answer\/6004245<\/a><\/li>\n<\/ul>\n<h3>Kontaktformular<\/h3>\n<p>Wenn Sie uns per Kontaktformular Anfragen zukommen lassen, werden Ihre Angaben aus dem Anfrageformular inklusive der von Ihnen dort angegebenen Kontaktdaten zwecks Bearbeitung der Anfrage und f\u00fcr den Fall von Anschlussfragen bei uns gespeichert. Diese Daten geben wir nicht ohne Ihre Einwilligung weiter.<\/p>\n<h3>Widerspruch Werbe-Mails<\/h3>\n<p>Der Nutzung von im Rahmen der Impressumspflicht ver\u00f6ffentlichten Kontaktdaten zur \u00dcbersendung von nicht ausdr\u00fccklich angeforderter Werbung und Informationsmaterialien wird hiermit widersprochen. Die Betreiber der Seiten behalten sich ausdr\u00fccklich rechtliche Schritte im Falle der unverlangten Zusendung von Werbeinformationen, etwa durch Spam-E-Mails, vor.<\/p>\n<h3>Betroffenenrechte<\/h3>\n<p>Bitte kontaktieren Sie uns jederzeit, wenn Sie sich informieren m\u00f6chten, welche personenbezogenen Daten wir \u00fcber Sie speichern bzw. wenn Sie diese berichtigen oder l\u00f6schen lassen wollen. Des Weiteren haben Sie das Recht auf Einschr\u00e4nkung der Verarbeitung (Art. 18 DSGVO), ein Widerspruchsrechts gegen die Verarbeitung (Art. 21 DSGVO) sowie das Recht auf Daten\u00fcbertragbarkeit (Art. 20 DSGVO). In diesen F\u00e4llen wenden Sie sich bitte direkt an uns.<\/p>\n<h3>\u00c4nderungen dieser Datenschutzerkl\u00e4rung<\/h3>\n<p>Wir behalten uns das Recht vor, unsere Datenschutzerkl\u00e4rungen zu \u00e4ndern, falls dies aufgrund neuer Technologien notwendig sein sollte. Bitte stellen Sie sicher, dass Ihnen die aktuellste Version vorliegt. Werden an dieser Datenschutzerkl\u00e4rung grundlegende \u00c4nderungen vorgenommen, geben wir diese auf unserer Website bekannt.<\/p>\n<p>Vagen, Mai 2018<\/p>\n<p>SCHRAML GmbH<\/p>\n<p>Herxheimer Stra\u00dfe 7<\/p>\n<p>D-83620 Vagen<\/p>\n<p>Tel.: +49 8062 70 71-0<\/p>\n<p><a href=\"http:\/\/www.schraml.de\">www.schraml.de<\/a><\/p>\n<p><a href=\"mailto:info@schraml.de\">info@schraml.de<\/a><\/p>\n<\/div><\/section>\n<section  class='av_textblock_section av-jhj7bd5w-dadee9cbbe9f59e207b17f86b1025a9d '   itemscope=\"itemscope\" itemtype=\"https:\/\/schema.org\/CreativeWork\" ><div class='avia_textblock'  itemprop=\"text\" ><p><a href=\"https:\/\/www.schraml.de\/wp-content\/uploads\/2018\/05\/SCHRAML-Datenschutzerkl\u00e4rung-DSGVO-ab-250518.pdf\" target=\"_blank\" rel=\"noopener\">SCHRAML Datenschutzerkl\u00e4rung als pdf herunterladen<\/a><\/p>\n<\/div><\/section>\n\n","protected":false},"excerpt":{"rendered":"","protected":false},"author":10,"featured_media":0,"parent":0,"menu_order":0,"comment_status":"closed","ping_status":"closed","template":"","meta":{"om_disable_all_campaigns":false,"_uf_show_specific_survey":0,"_uf_disable_surveys":false,"footnotes":""},"class_list":["post-9267","page","type-page","status-publish","hentry"],"yoast_head":"<!-- This site is optimized with the Yoast SEO plugin v27.3 - https:\/\/yoast.com\/product\/yoast-seo-wordpress\/ -->\n<title>Datenschutzerkl\u00e4rung - SCHRAML Prozessleit- und Fernwirktechnik<\/title>\n<meta name=\"description\" content=\"Datenschutzerkl\u00e4rung der SCHRAML GmbH, Anbieter von Prozessleit-, Fernwirk- und Automatisierungstechnik f\u00fcr die Wasser- und Abwasserwirtschaft\" \/>\n<meta name=\"robots\" content=\"index, follow, max-snippet:-1, max-image-preview:large, max-video-preview:-1\" \/>\n<link rel=\"canonical\" href=\"https:\/\/www.schraml.de\/index.php\/datenschutzerklaerung\/\" \/>\n<meta property=\"og:locale\" content=\"de_DE\" \/>\n<meta property=\"og:type\" content=\"article\" \/>\n<meta property=\"og:title\" content=\"Datenschutzerkl\u00e4rung - SCHRAML Prozessleit- und Fernwirktechnik\" \/>\n<meta property=\"og:description\" content=\"Datenschutzerkl\u00e4rung der SCHRAML GmbH, Anbieter von Prozessleit-, Fernwirk- und Automatisierungstechnik f\u00fcr die Wasser- und Abwasserwirtschaft\" \/>\n<meta property=\"og:url\" content=\"https:\/\/www.schraml.de\/index.php\/datenschutzerklaerung\/\" \/>\n<meta property=\"og:site_name\" content=\"SCHRAML Prozessleit- und Fernwirktechnik\" \/>\n<meta property=\"article:modified_time\" content=\"2025-03-18T11:11:36+00:00\" \/>\n<meta name=\"twitter:card\" content=\"summary_large_image\" \/>\n<meta name=\"twitter:label1\" content=\"Gesch\u00e4tzte Lesezeit\" \/>\n\t<meta name=\"twitter:data1\" content=\"8\u00a0Minuten\" \/>\n<!-- \/ Yoast SEO plugin. -->","yoast_head_json":{"title":"Datenschutzerkl\u00e4rung - SCHRAML Prozessleit- und Fernwirktechnik","description":"Datenschutzerkl\u00e4rung der SCHRAML GmbH, Anbieter von Prozessleit-, Fernwirk- und Automatisierungstechnik f\u00fcr die Wasser- und Abwasserwirtschaft","robots":{"index":"index","follow":"follow","max-snippet":"max-snippet:-1","max-image-preview":"max-image-preview:large","max-video-preview":"max-video-preview:-1"},"canonical":"https:\/\/www.schraml.de\/index.php\/datenschutzerklaerung\/","og_locale":"de_DE","og_type":"article","og_title":"Datenschutzerkl\u00e4rung - SCHRAML Prozessleit- und Fernwirktechnik","og_description":"Datenschutzerkl\u00e4rung der SCHRAML GmbH, Anbieter von Prozessleit-, Fernwirk- und Automatisierungstechnik f\u00fcr die Wasser- und Abwasserwirtschaft","og_url":"https:\/\/www.schraml.de\/index.php\/datenschutzerklaerung\/","og_site_name":"SCHRAML Prozessleit- und Fernwirktechnik","article_modified_time":"2025-03-18T11:11:36+00:00","twitter_card":"summary_large_image","twitter_misc":{"Gesch\u00e4tzte Lesezeit":"8\u00a0Minuten"},"schema":{"@context":"https:\/\/schema.org","@graph":[{"@type":"WebPage","@id":"https:\/\/www.schraml.de\/index.php\/datenschutzerklaerung\/","url":"https:\/\/www.schraml.de\/index.php\/datenschutzerklaerung\/","name":"Datenschutzerkl\u00e4rung - SCHRAML Prozessleit- und Fernwirktechnik","isPartOf":{"@id":"https:\/\/www.schraml.de\/#website"},"datePublished":"2018-05-23T14:29:11+00:00","dateModified":"2025-03-18T11:11:36+00:00","description":"Datenschutzerkl\u00e4rung der SCHRAML GmbH, Anbieter von Prozessleit-, Fernwirk- und Automatisierungstechnik f\u00fcr die Wasser- und Abwasserwirtschaft","breadcrumb":{"@id":"https:\/\/www.schraml.de\/index.php\/datenschutzerklaerung\/#breadcrumb"},"inLanguage":"de","potentialAction":[{"@type":"ReadAction","target":["https:\/\/www.schraml.de\/index.php\/datenschutzerklaerung\/"]}]},{"@type":"BreadcrumbList","@id":"https:\/\/www.schraml.de\/index.php\/datenschutzerklaerung\/#breadcrumb","itemListElement":[{"@type":"ListItem","position":1,"name":"Startseite","item":"https:\/\/www.schraml.de\/"},{"@type":"ListItem","position":2,"name":"Datenschutzerkl\u00e4rung"}]},{"@type":"WebSite","@id":"https:\/\/www.schraml.de\/#website","url":"https:\/\/www.schraml.de\/","name":"SCHRAML Prozessleit- und Fernwirktechnik","description":"Prozessleit-, Fernwirk- und Automatisierungstechnik f\u00fcr intelligentes Wassermanagement","publisher":{"@id":"https:\/\/www.schraml.de\/#organization"},"potentialAction":[{"@type":"SearchAction","target":{"@type":"EntryPoint","urlTemplate":"https:\/\/www.schraml.de\/?s={search_term_string}"},"query-input":{"@type":"PropertyValueSpecification","valueRequired":true,"valueName":"search_term_string"}}],"inLanguage":"de"},{"@type":"Organization","@id":"https:\/\/www.schraml.de\/#organization","name":"SCHRAML GmbH","url":"https:\/\/www.schraml.de\/","logo":{"@type":"ImageObject","inLanguage":"de","@id":"https:\/\/www.schraml.de\/#\/schema\/logo\/image\/","url":"https:\/\/www.schraml.de\/wp-content\/uploads\/2016\/06\/SCHRAML-Logo.png","contentUrl":"https:\/\/www.schraml.de\/wp-content\/uploads\/2016\/06\/SCHRAML-Logo.png","width":512,"height":148,"caption":"SCHRAML GmbH"},"image":{"@id":"https:\/\/www.schraml.de\/#\/schema\/logo\/image\/"},"sameAs":["https:\/\/www.linkedin.com\/company\/schraml-gmbh","https:\/\/www.youtube.com\/channel\/UClSE-NVUQx_Cvs6hDnImkWg"]}]}},"_links":{"self":[{"href":"https:\/\/www.schraml.de\/index.php\/wp-json\/wp\/v2\/pages\/9267","targetHints":{"allow":["GET"]}}],"collection":[{"href":"https:\/\/www.schraml.de\/index.php\/wp-json\/wp\/v2\/pages"}],"about":[{"href":"https:\/\/www.schraml.de\/index.php\/wp-json\/wp\/v2\/types\/page"}],"author":[{"embeddable":true,"href":"https:\/\/www.schraml.de\/index.php\/wp-json\/wp\/v2\/users\/10"}],"replies":[{"embeddable":true,"href":"https:\/\/www.schraml.de\/index.php\/wp-json\/wp\/v2\/comments?post=9267"}],"version-history":[{"count":4,"href":"https:\/\/www.schraml.de\/index.php\/wp-json\/wp\/v2\/pages\/9267\/revisions"}],"predecessor-version":[{"id":22804,"href":"https:\/\/www.schraml.de\/index.php\/wp-json\/wp\/v2\/pages\/9267\/revisions\/22804"}],"wp:attachment":[{"href":"https:\/\/www.schraml.de\/index.php\/wp-json\/wp\/v2\/media?parent=9267"}],"curies":[{"name":"wp","href":"https:\/\/api.w.org\/{rel}","templated":true}]}}