{"id":8989,"date":"2017-12-20T15:42:11","date_gmt":"2017-12-20T14:42:11","guid":{"rendered":"https:\/\/www.schraml.de\/?page_id=8989"},"modified":"2017-12-20T15:42:11","modified_gmt":"2017-12-20T14:42:11","slug":"weihnachtsspende-2017-an-rosenheimer-aktion","status":"publish","type":"page","link":"https:\/\/www.schraml.de\/index.php\/weihnachtsspende-2017-an-rosenheimer-aktion\/","title":{"rendered":"Weihnachtsspende 2017 an Rosenheimer Aktion"},"content":{"rendered":"<div id='av_section_1'  class='avia-section av-av_section-e45cf08da12eaf0aa4c516511f912788 main_color avia-section-default avia-no-shadow  avia-builder-el-0  el_before_av_one_third  avia-builder-el-first  avia-bg-style-scroll container_wrap fullsize'  ><div class='container av-section-cont-open' ><main  role=\"main\" itemprop=\"mainContentOfPage\"  class='template-page content  av-content-full alpha units'><div class='post-entry post-entry-type-page post-entry-8989'><div class='entry-content-wrapper clearfix'>\n\n<style type=\"text\/css\" data-created_by=\"avia_inline_auto\" id=\"style-css-av-av_heading-99482edf1e1c7c4d6a735c816271b599\">\n#top .av-special-heading.av-av_heading-99482edf1e1c7c4d6a735c816271b599{\npadding-bottom:20px;\ncolor:#587ca1;\n}\nbody .av-special-heading.av-av_heading-99482edf1e1c7c4d6a735c816271b599 .av-special-heading-tag .heading-char{\nfont-size:25px;\n}\n.av-special-heading.av-av_heading-99482edf1e1c7c4d6a735c816271b599 .special-heading-inner-border{\nborder-color:#587ca1;\n}\n.av-special-heading.av-av_heading-99482edf1e1c7c4d6a735c816271b599 .av-subheading{\nfont-size:15px;\n}\n<\/style>\n<div  class='av-special-heading av-av_heading-99482edf1e1c7c4d6a735c816271b599 av-special-heading-h1 custom-color-heading blockquote modern-quote  avia-builder-el-1  avia-builder-el-no-sibling '><h1 class='av-special-heading-tag '  itemprop=\"headline\"  >Technologie trifft Gef\u00fchl \u2013 SCHRAML spendet an die Rosenheimer Aktion f\u00fcr das Leben e.V.<\/h1><div class='av_custom_color av-subheading av-subheading_below'><p>Vagen, 19. Dezember 2017<\/p>\n<\/div><div class=\"special-heading-border\"><div class=\"special-heading-inner-border\"><\/div><\/div><\/div>\n<\/div><\/div><\/main><!-- close content main element --><\/div><\/div><div id='after_section_1'  class='main_color av_default_container_wrap container_wrap fullsize'  ><div class='container av-section-cont-open' ><div class='template-page content  av-content-full alpha units'><div class='post-entry post-entry-type-page post-entry-8989'><div class='entry-content-wrapper clearfix'>\n\n<style type=\"text\/css\" data-created_by=\"avia_inline_auto\" id=\"style-css-av-av_one_third-6126cab7d8fab8d08143dd2dacdf673c\">\n.flex_column.av-av_one_third-6126cab7d8fab8d08143dd2dacdf673c{\nborder-radius:0px 0px 0px 0px;\npadding:0px 0px 0px 0px;\n}\n<\/style>\n<div  class='flex_column av-av_one_third-6126cab7d8fab8d08143dd2dacdf673c av_one_third  avia-builder-el-2  el_after_av_section  el_before_av_two_fifth  avia-builder-el-first  first flex_column_div av-zero-column-padding  '     ><p>\n<style type=\"text\/css\" data-created_by=\"avia_inline_auto\" id=\"style-css-av-av_image-d8452c5392be7c42d857668e172fed6f\">\n.avia-image-container.av-av_image-d8452c5392be7c42d857668e172fed6f img.avia_image{\nbox-shadow:none;\n}\n.avia-image-container.av-av_image-d8452c5392be7c42d857668e172fed6f .av-image-caption-overlay-center{\ncolor:#ffffff;\nfont-size:10px;\n}\n<\/style>\n<div  class='avia-image-container av-av_image-d8452c5392be7c42d857668e172fed6f av-styling- avia-align-center  avia-builder-el-3  el_before_av_textblock  avia-builder-el-first '   itemprop=\"image\" itemscope=\"itemscope\" itemtype=\"https:\/\/schema.org\/ImageObject\" ><div class=\"avia-image-container-inner\"><div class=\"avia-image-overlay-wrap\"><img fetchpriority=\"high\" fetchpriority=\"high\" decoding=\"async\" fetchpriority=\"high\" class='wp-image-8992 avia-img-lazy-loading-not-8992 avia_image ' src=\"https:\/\/www.schraml.de\/wp-content\/uploads\/2017\/12\/SCHRAML-Spendenuebergabe-Rosenheimer-Aktion_1-1.jpg\" alt='' title='SCHRAML-Spendenuebergabe-Rosenheimer-Aktion_1'  height=\"628\" width=\"600\"  itemprop=\"thumbnailUrl\" srcset=\"https:\/\/www.schraml.de\/wp-content\/uploads\/2017\/12\/SCHRAML-Spendenuebergabe-Rosenheimer-Aktion_1-1.jpg 600w, https:\/\/www.schraml.de\/wp-content\/uploads\/2017\/12\/SCHRAML-Spendenuebergabe-Rosenheimer-Aktion_1-1-287x300.jpg 287w, https:\/\/www.schraml.de\/wp-content\/uploads\/2017\/12\/SCHRAML-Spendenuebergabe-Rosenheimer-Aktion_1-1-450x471.jpg 450w\" sizes=\"(max-width: 600px) 100vw, 600px\" \/><\/div><\/div><\/div><br \/>\n\n<style type=\"text\/css\" data-created_by=\"avia_inline_auto\" id=\"style-css-av-av_textblock-3ef3e4f66a2bcbb6f9b35afb905e5c3d\">\n#top .av_textblock_section.av-av_textblock-3ef3e4f66a2bcbb6f9b35afb905e5c3d .avia_textblock{\nfont-size:14px;\n}\n<\/style>\n<section  class='av_textblock_section av-av_textblock-3ef3e4f66a2bcbb6f9b35afb905e5c3d '   itemscope=\"itemscope\" itemtype=\"https:\/\/schema.org\/CreativeWork\" ><div class='avia_textblock'  itemprop=\"text\" ><p>Gesch\u00e4ftsf\u00fchrerin der Rosenheimer Aktion f\u00fcr das Leben e.V. Brigitte Plank, 1. Vorsitzender Alfred Trageser und Mitglied der SCHRAML-Gesch\u00e4ftsleitung Dr. Stephanie Kauf-Schraml<\/p>\n<\/div><\/section><\/p><\/div>\n<style type=\"text\/css\" data-created_by=\"avia_inline_auto\" id=\"style-css-av-av_two_fifth-0aa7055fe62c3622faec82866afbaeb2\">\n.flex_column.av-av_two_fifth-0aa7055fe62c3622faec82866afbaeb2{\nborder-radius:0px 0px 0px 0px;\npadding:0px 0px 0px 0px;\n}\n<\/style>\n<div  class='flex_column av-av_two_fifth-0aa7055fe62c3622faec82866afbaeb2 av_two_fifth  avia-builder-el-5  el_after_av_one_third  el_before_av_hr  flex_column_div av-zero-column-padding  '     ><p><section  class='av_textblock_section av-av_textblock-2de302bf1aa3cf4c9157dbe6f50ac7eb '   itemscope=\"itemscope\" itemtype=\"https:\/\/schema.org\/CreativeWork\" ><div class='avia_textblock'  itemprop=\"text\" ><p>An Weihnachten etwas Sinnvolles schenken, diesem Motto folgen wir seit vielen Jahren. Deshalb w\u00e4hlen wir immer wieder mit viel Sorgfalt regionale Institutionen f\u00fcr unsere traditionelle Weihnachtsspende aus. Nun wurde eine Summe von 1.000 Euro an die Rosenheimer Aktion f\u00fcr das Leben e.V. an Brigitte Plank und Alfred Trageser vom Verein \u00fcbergeben.<\/p>\n<\/div><\/section><br \/>\n\n<style type=\"text\/css\" data-created_by=\"avia_inline_auto\" id=\"style-css-av-av_hr-4474f20d2389e2e5ecf918a02da5132e\">\n#top .hr.hr-invisible.av-av_hr-4474f20d2389e2e5ecf918a02da5132e{\nheight:50px;\n}\n<\/style>\n<div  class='hr av-av_hr-4474f20d2389e2e5ecf918a02da5132e hr-invisible  avia-builder-el-7  el_after_av_textblock  el_before_av_image '><span class='hr-inner '><span class=\"hr-inner-style\"><\/span><\/span><\/div><br \/>\n\n<style type=\"text\/css\" data-created_by=\"avia_inline_auto\" id=\"style-css-av-av_image-2e2efac37719193f6de5e6672d64e6d5\">\n.avia-image-container.av-av_image-2e2efac37719193f6de5e6672d64e6d5 img.avia_image{\nbox-shadow:none;\n}\n.avia-image-container.av-av_image-2e2efac37719193f6de5e6672d64e6d5 .av-image-caption-overlay-center{\ncolor:#ffffff;\n}\n<\/style>\n<div  class='avia-image-container av-av_image-2e2efac37719193f6de5e6672d64e6d5 av-styling- av-img-linked avia-align-center  avia-builder-el-8  el_after_av_hr  avia-builder-el-last '   itemprop=\"image\" itemscope=\"itemscope\" itemtype=\"https:\/\/schema.org\/ImageObject\" ><div class=\"avia-image-container-inner\"><div class=\"avia-image-overlay-wrap\"><a href=\"https:\/\/www.rosenheimer-aktion.de\/\" class='avia_image '  target=\"_blank\"  rel=\"noopener noreferrer\" aria-label='Logo-Rosenheimer-Aktion'><img fetchpriority=\"high\" fetchpriority=\"high\" decoding=\"async\" fetchpriority=\"high\" class='wp-image-8994 avia-img-lazy-loading-not-8994 avia_image ' src=\"https:\/\/www.schraml.de\/wp-content\/uploads\/2017\/12\/Logo-Rosenheimer-Aktion.jpg\" alt='' title='Logo-Rosenheimer-Aktion'  height=\"136\" width=\"528\"  itemprop=\"thumbnailUrl\" srcset=\"https:\/\/www.schraml.de\/wp-content\/uploads\/2017\/12\/Logo-Rosenheimer-Aktion.jpg 528w, https:\/\/www.schraml.de\/wp-content\/uploads\/2017\/12\/Logo-Rosenheimer-Aktion-300x77.jpg 300w, https:\/\/www.schraml.de\/wp-content\/uploads\/2017\/12\/Logo-Rosenheimer-Aktion-450x116.jpg 450w\" sizes=\"(max-width: 528px) 100vw, 528px\" \/><\/a><\/div><\/div><\/div><\/p><\/div><\/p>\n\n<style type=\"text\/css\" data-created_by=\"avia_inline_auto\" id=\"style-css-av-av_hr-e51f6258d6b52ff5dc673cbd0df88b0f\">\n#top .hr.hr-invisible.av-av_hr-e51f6258d6b52ff5dc673cbd0df88b0f{\nheight:60px;\n}\n<\/style>\n<div  class='hr av-av_hr-e51f6258d6b52ff5dc673cbd0df88b0f hr-invisible  avia-builder-el-9  el_after_av_two_fifth  el_before_av_three_fourth '><span class='hr-inner '><span class=\"hr-inner-style\"><\/span><\/span><\/div>\n\n<style type=\"text\/css\" data-created_by=\"avia_inline_auto\" id=\"style-css-av-av_three_fourth-15d750bd1b332b34c6e70b077ebbccdf\">\n.flex_column.av-av_three_fourth-15d750bd1b332b34c6e70b077ebbccdf{\nborder-radius:0px 0px 0px 0px;\npadding:0px 0px 0px 0px;\n}\n<\/style>\n<div  class='flex_column av-av_three_fourth-15d750bd1b332b34c6e70b077ebbccdf av_three_fourth  avia-builder-el-10  el_after_av_hr  avia-builder-el-last  first flex_column_div av-zero-column-padding  '     ><section  class='av_textblock_section av-av_textblock-2de302bf1aa3cf4c9157dbe6f50ac7eb '   itemscope=\"itemscope\" itemtype=\"https:\/\/schema.org\/CreativeWork\" ><div class='avia_textblock'  itemprop=\"text\" ><p>Familie ist das gemeinsame Stichwort f\u00fcr die Rosenheimer Aktion f\u00fcr das Leben e.V. und f\u00fcr die SCHRAML GmbH. Unser Unternehmen wird in erster und zweiter Generation von der namensgebenden Familie Schraml erfolgreich gef\u00fchrt, in \u00fcber 30 Jahren hat es sich als Technologieunternehmen einen festen Namen in der Wasser- und Abwasserbranche gemacht. Dass Technologie, Umweltschutz und Familie gut unter einen Hut passen, zeigt sich bei uns tagt\u00e4glich. Einerseits werden technologisch f\u00fchrende Produkte f\u00fcr die Prozessleit- und Fernwirktechnik entwickelt, andererseits ist das Arbeiten im SCHRAML-Team fast schon famili\u00e4r. Stolz sind wir darauf, dass unsere Produkte nachhaltig zum Schutz der wertvollen Ressource Wasser beitragen.<\/p>\n<p>Mit der Spende haben wir den Verein \"Rosenheimer Aktion f\u00fcr das Leben\" kennengelernt \u2013 und zusammen gleich neue Ideen aus dem Hut gezaubert. So k\u00f6nnen wir uns vorstellen, f\u00fcr das Patenprojekt im Landkreis \u201eJugend in Arbeit\u201c eine Firmenf\u00fchrung zu gestalten und den Jugendlichen und Paten viel Wissenswertes \u00fcber uns zu berichten. \u00dcber die finanzielle Zuweisung hinaus sind damit noch B\u00e4nder zwischen Verein und dem Unternehmen gekn\u00fcpft worden.<\/p>\n<\/div><\/section><\/div>\n","protected":false},"excerpt":{"rendered":"","protected":false},"author":10,"featured_media":0,"parent":0,"menu_order":0,"comment_status":"closed","ping_status":"closed","template":"","meta":{"om_disable_all_campaigns":false,"_uf_show_specific_survey":0,"_uf_disable_surveys":false,"footnotes":""},"class_list":["post-8989","page","type-page","status-publish","hentry"],"yoast_head":"<!-- This site is optimized with the Yoast SEO plugin v27.3 - https:\/\/yoast.com\/product\/yoast-seo-wordpress\/ -->\n<title>Weihnachtsspende 2017 an Rosenheimer Aktion - SCHRAML Prozessleit- und Fernwirktechnik<\/title>\n<meta name=\"robots\" content=\"index, follow, max-snippet:-1, max-image-preview:large, max-video-preview:-1\" \/>\n<link rel=\"canonical\" href=\"https:\/\/www.schraml.de\/index.php\/weihnachtsspende-2017-an-rosenheimer-aktion\/\" \/>\n<meta property=\"og:locale\" content=\"de_DE\" \/>\n<meta property=\"og:type\" content=\"article\" \/>\n<meta property=\"og:title\" content=\"Weihnachtsspende 2017 an Rosenheimer Aktion - SCHRAML Prozessleit- und Fernwirktechnik\" \/>\n<meta property=\"og:url\" content=\"https:\/\/www.schraml.de\/index.php\/weihnachtsspende-2017-an-rosenheimer-aktion\/\" \/>\n<meta property=\"og:site_name\" content=\"SCHRAML Prozessleit- und Fernwirktechnik\" \/>\n<meta name=\"twitter:card\" content=\"summary_large_image\" \/>\n<meta name=\"twitter:label1\" content=\"Gesch\u00e4tzte Lesezeit\" \/>\n\t<meta name=\"twitter:data1\" content=\"4\u00a0Minuten\" \/>\n<!-- \/ Yoast SEO plugin. -->","yoast_head_json":{"title":"Weihnachtsspende 2017 an Rosenheimer Aktion - SCHRAML Prozessleit- und Fernwirktechnik","robots":{"index":"index","follow":"follow","max-snippet":"max-snippet:-1","max-image-preview":"max-image-preview:large","max-video-preview":"max-video-preview:-1"},"canonical":"https:\/\/www.schraml.de\/index.php\/weihnachtsspende-2017-an-rosenheimer-aktion\/","og_locale":"de_DE","og_type":"article","og_title":"Weihnachtsspende 2017 an Rosenheimer Aktion - SCHRAML Prozessleit- und Fernwirktechnik","og_url":"https:\/\/www.schraml.de\/index.php\/weihnachtsspende-2017-an-rosenheimer-aktion\/","og_site_name":"SCHRAML Prozessleit- und Fernwirktechnik","twitter_card":"summary_large_image","twitter_misc":{"Gesch\u00e4tzte Lesezeit":"4\u00a0Minuten"},"schema":{"@context":"https:\/\/schema.org","@graph":[{"@type":"WebPage","@id":"https:\/\/www.schraml.de\/index.php\/weihnachtsspende-2017-an-rosenheimer-aktion\/","url":"https:\/\/www.schraml.de\/index.php\/weihnachtsspende-2017-an-rosenheimer-aktion\/","name":"Weihnachtsspende 2017 an Rosenheimer Aktion - SCHRAML Prozessleit- und Fernwirktechnik","isPartOf":{"@id":"https:\/\/www.schraml.de\/#website"},"datePublished":"2017-12-20T14:42:11+00:00","breadcrumb":{"@id":"https:\/\/www.schraml.de\/index.php\/weihnachtsspende-2017-an-rosenheimer-aktion\/#breadcrumb"},"inLanguage":"de","potentialAction":[{"@type":"ReadAction","target":["https:\/\/www.schraml.de\/index.php\/weihnachtsspende-2017-an-rosenheimer-aktion\/"]}]},{"@type":"BreadcrumbList","@id":"https:\/\/www.schraml.de\/index.php\/weihnachtsspende-2017-an-rosenheimer-aktion\/#breadcrumb","itemListElement":[{"@type":"ListItem","position":1,"name":"Startseite","item":"https:\/\/www.schraml.de\/"},{"@type":"ListItem","position":2,"name":"Weihnachtsspende 2017 an Rosenheimer Aktion"}]},{"@type":"WebSite","@id":"https:\/\/www.schraml.de\/#website","url":"https:\/\/www.schraml.de\/","name":"SCHRAML Prozessleit- und Fernwirktechnik","description":"Prozessleit-, Fernwirk- und Automatisierungstechnik f\u00fcr intelligentes Wassermanagement","publisher":{"@id":"https:\/\/www.schraml.de\/#organization"},"potentialAction":[{"@type":"SearchAction","target":{"@type":"EntryPoint","urlTemplate":"https:\/\/www.schraml.de\/?s={search_term_string}"},"query-input":{"@type":"PropertyValueSpecification","valueRequired":true,"valueName":"search_term_string"}}],"inLanguage":"de"},{"@type":"Organization","@id":"https:\/\/www.schraml.de\/#organization","name":"SCHRAML GmbH","url":"https:\/\/www.schraml.de\/","logo":{"@type":"ImageObject","inLanguage":"de","@id":"https:\/\/www.schraml.de\/#\/schema\/logo\/image\/","url":"https:\/\/www.schraml.de\/wp-content\/uploads\/2016\/06\/SCHRAML-Logo.png","contentUrl":"https:\/\/www.schraml.de\/wp-content\/uploads\/2016\/06\/SCHRAML-Logo.png","width":512,"height":148,"caption":"SCHRAML GmbH"},"image":{"@id":"https:\/\/www.schraml.de\/#\/schema\/logo\/image\/"},"sameAs":["https:\/\/www.linkedin.com\/company\/schraml-gmbh","https:\/\/www.youtube.com\/channel\/UClSE-NVUQx_Cvs6hDnImkWg"]}]}},"_links":{"self":[{"href":"https:\/\/www.schraml.de\/index.php\/wp-json\/wp\/v2\/pages\/8989","targetHints":{"allow":["GET"]}}],"collection":[{"href":"https:\/\/www.schraml.de\/index.php\/wp-json\/wp\/v2\/pages"}],"about":[{"href":"https:\/\/www.schraml.de\/index.php\/wp-json\/wp\/v2\/types\/page"}],"author":[{"embeddable":true,"href":"https:\/\/www.schraml.de\/index.php\/wp-json\/wp\/v2\/users\/10"}],"replies":[{"embeddable":true,"href":"https:\/\/www.schraml.de\/index.php\/wp-json\/wp\/v2\/comments?post=8989"}],"version-history":[{"count":0,"href":"https:\/\/www.schraml.de\/index.php\/wp-json\/wp\/v2\/pages\/8989\/revisions"}],"wp:attachment":[{"href":"https:\/\/www.schraml.de\/index.php\/wp-json\/wp\/v2\/media?parent=8989"}],"curies":[{"name":"wp","href":"https:\/\/api.w.org\/{rel}","templated":true}]}}