{"id":87,"date":"2015-08-18T08:25:54","date_gmt":"2015-08-18T06:25:54","guid":{"rendered":"http:\/\/192.168.0.85\/?page_id=87"},"modified":"2023-03-29T10:21:41","modified_gmt":"2023-03-29T08:21:41","slug":"schraml-firmenprofil","status":"publish","type":"page","link":"https:\/\/www.schraml.de\/index.php\/schraml-firmenprofil\/","title":{"rendered":"Wir \u00fcber uns"},"content":{"rendered":"<div id='layer_slider_1'  class='avia-layerslider main_color avia-shadow  avia-builder-el-0  el_before_av_section  avia-builder-el-first  container_wrap fullsize'  style='height: 361px; max-width: 1920px; margin: 0 auto;'  ><\/div>\n<div id='av_section_1'  class='avia-section av-1iw83-fc272b1d4cec437b789a391dfd78e8f5 main_color avia-section-large avia-no-shadow  avia-builder-el-1  el_after_av_layerslider  el_before_av_section  avia-bg-style-scroll container_wrap fullsize'  ><div class='container av-section-cont-open' ><div class='template-page content  av-content-full alpha units'><div class='post-entry post-entry-type-page post-entry-87'><div class='entry-content-wrapper clearfix'>\n\n<style type=\"text\/css\" data-created_by=\"avia_inline_auto\" id=\"style-css-av-tzljpx-965b2d3038c44e893c56fcfb6d142d3b\">\n.flex_column.av-tzljpx-965b2d3038c44e893c56fcfb6d142d3b{\nborder-radius:0px 0px 0px 0px;\npadding:0px 0px 0px 0px;\n}\n<\/style>\n<div  class='flex_column av-tzljpx-965b2d3038c44e893c56fcfb6d142d3b av_one_third  avia-builder-el-2  el_before_av_two_third  avia-builder-el-first  first flex_column_div av-zero-column-padding  '     ><p>\n<style type=\"text\/css\" data-created_by=\"avia_inline_auto\" id=\"style-css-av-k197zdmc-45758dd1b651acb808d5c68a15211af7\">\n.avia-image-container.av-k197zdmc-45758dd1b651acb808d5c68a15211af7 img.avia_image{\nbox-shadow:none;\n}\n.avia-image-container.av-k197zdmc-45758dd1b651acb808d5c68a15211af7 .av-image-caption-overlay-center{\ncolor:#ffffff;\n}\n<\/style>\n<div  class='avia-image-container av-k197zdmc-45758dd1b651acb808d5c68a15211af7 av-styling- av-img-linked avia-align-center  avia-builder-el-3  el_before_av_textblock  avia-builder-el-first '   itemprop=\"image\" itemscope=\"itemscope\" itemtype=\"https:\/\/schema.org\/ImageObject\" ><div class=\"avia-image-container-inner\"><div class=\"avia-image-overlay-wrap\"><a href=\"https:\/\/youtu.be\/ELqC_LOkZkI\" class='avia_image '  target=\"_blank\"  rel=\"noopener noreferrer\" aria-label='Top Jobs bei SCHRAML'><img fetchpriority=\"high\" fetchpriority=\"high\" decoding=\"async\" fetchpriority=\"high\" class='wp-image-11009 avia-img-lazy-loading-not-11009 avia_image ' src=\"https:\/\/www.schraml.de\/wp-content\/uploads\/2019\/10\/Teaserbild-Website.png\" alt='Hier geht&#039;s zum Film zu SCHRAML als Arbeitgeber' title='Top Jobs bei SCHRAML'  height=\"359\" width=\"500\"  itemprop=\"thumbnailUrl\" srcset=\"https:\/\/www.schraml.de\/wp-content\/uploads\/2019\/10\/Teaserbild-Website.png 500w, https:\/\/www.schraml.de\/wp-content\/uploads\/2019\/10\/Teaserbild-Website-300x215.png 300w\" sizes=\"(max-width: 500px) 100vw, 500px\" \/><\/a><\/div><\/div><\/div><br \/>\n<section  class='av_textblock_section av-k1983pv7-1fb65a4c54577d31dfc773e5f592b4a1 '   itemscope=\"itemscope\" itemtype=\"https:\/\/schema.org\/CreativeWork\" ><div class='avia_textblock'  itemprop=\"text\" ><p><a href=\"https:\/\/youtu.be\/ELqC_LOkZkI\">Du suchst einen Top Job mit Wohlf\u00fchlfaktor? Dann schau mal bei uns rein - mit diesem Video....<\/a><\/p>\n<\/div><\/section><br \/>\n\n<style type=\"text\/css\" data-created_by=\"avia_inline_auto\" id=\"style-css-av-kxhloxc4-ccfb84080128252baea5b8c3977f512b\">\n.avia-image-container.av-kxhloxc4-ccfb84080128252baea5b8c3977f512b img.avia_image{\nbox-shadow:none;\n}\n.avia-image-container.av-kxhloxc4-ccfb84080128252baea5b8c3977f512b .av-image-caption-overlay-center{\ncolor:#ffffff;\n}\n<\/style>\n<div  class='avia-image-container av-kxhloxc4-ccfb84080128252baea5b8c3977f512b av-styling- av-img-linked avia-align-center  avia-builder-el-5  el_after_av_textblock  el_before_av_textblock '   itemprop=\"image\" itemscope=\"itemscope\" itemtype=\"https:\/\/schema.org\/ImageObject\" ><div class=\"avia-image-container-inner\"><div class=\"avia-image-overlay-wrap\"><a href=\"https:\/\/www.instagram.com\/invites\/contact\/?i=2doldr0yhk97&amp;utm_content=nehoj3z\" class='avia_image '  target=\"_blank\"  rel=\"noopener noreferrer\" aria-label='Instagram_Glyph_Gradient_RGB_100x100'><img fetchpriority=\"high\" fetchpriority=\"high\" decoding=\"async\" fetchpriority=\"high\" class='wp-image-15231 avia-img-lazy-loading-not-15231 avia_image ' src=\"https:\/\/www.schraml.de\/wp-content\/uploads\/2021\/12\/Instagram_Glyph_Gradient_RGB_100x100.png\" alt='' title='Instagram_Glyph_Gradient_RGB_100x100'  height=\"100\" width=\"100\"  itemprop=\"thumbnailUrl\" srcset=\"https:\/\/www.schraml.de\/wp-content\/uploads\/2021\/12\/Instagram_Glyph_Gradient_RGB_100x100.png 100w, https:\/\/www.schraml.de\/wp-content\/uploads\/2021\/12\/Instagram_Glyph_Gradient_RGB_100x100-80x80.png 80w, https:\/\/www.schraml.de\/wp-content\/uploads\/2021\/12\/Instagram_Glyph_Gradient_RGB_100x100-36x36.png 36w\" sizes=\"(max-width: 100px) 100vw, 100px\" \/><\/a><\/div><\/div><\/div><br \/>\n<section  class='av_textblock_section av-kxhlpf54-4439201dde25b6463c88976651cac685 '   itemscope=\"itemscope\" itemtype=\"https:\/\/schema.org\/CreativeWork\" ><div class='avia_textblock'  itemprop=\"text\" ><p style=\"text-align: center;\"><a href=\"https:\/\/www.instagram.com\/invites\/contact\/?i=2doldr0yhk97&utm_content=nehoj3z\" target=\"_blank\" rel=\"noopener\">Folge uns auch auf Instagram<\/a><\/p>\n<\/div><\/section><\/p><\/div>\n<style type=\"text\/css\" data-created_by=\"avia_inline_auto\" id=\"style-css-av-dgxbj-6dcbd5cf603a25e0d83b101e47753f6b\">\n.flex_column.av-dgxbj-6dcbd5cf603a25e0d83b101e47753f6b{\nborder-radius:0px 0px 0px 0px;\npadding:0px 0px 0px 0px;\n}\n<\/style>\n<div  class='flex_column av-dgxbj-6dcbd5cf603a25e0d83b101e47753f6b av_two_third  avia-builder-el-7  el_after_av_one_third  el_before_av_one_half  flex_column_div av-zero-column-padding  '     ><p>\n<style type=\"text\/css\" data-created_by=\"avia_inline_auto\" id=\"style-css-av-qwtf-d6e2bde83b98337e3ff5e43cf5227534\">\n#top .av-special-heading.av-qwtf-d6e2bde83b98337e3ff5e43cf5227534{\npadding-bottom:20px;\n}\nbody .av-special-heading.av-qwtf-d6e2bde83b98337e3ff5e43cf5227534 .av-special-heading-tag .heading-char{\nfont-size:25px;\n}\n.av-special-heading.av-qwtf-d6e2bde83b98337e3ff5e43cf5227534 .av-subheading{\nfont-size:15px;\n}\n<\/style>\n<div  class='av-special-heading av-qwtf-d6e2bde83b98337e3ff5e43cf5227534 av-special-heading-h1 blockquote modern-quote  avia-builder-el-8  el_before_av_textblock  avia-builder-el-first '><h1 class='av-special-heading-tag '  itemprop=\"headline\"  >SCHRAML &#8211; wir bieten Technologie f\u00fcr eine nachhaltige Zukunft des Wassers<\/h1><div class=\"special-heading-border\"><div class=\"special-heading-inner-border\"><\/div><\/div><\/div><br \/>\n<section  class='av_textblock_section av-18t13-3ee8ae03c48300acbe144d6e9bb7ef68 '   itemscope=\"itemscope\" itemtype=\"https:\/\/schema.org\/CreativeWork\" ><div class='avia_textblock'  itemprop=\"text\" ><p>SCHRAML hat sich seit \u00fcber 35 Jahren ganz auf Wasser- und Abwasserbetriebe, auf Umweltwirtschaft und Infrastrukturanlagen spezialisiert. Als familiengef\u00fchrtes Unternehmen ist es unsere Mission, <strong>L\u00f6sungen f\u00fcr eine hoch effiziente Trinkwasserversorgung sowie energie- und umweltschonende Abwasserbehandlung<\/strong> zu entwickeln. Damit t<span style=\"color: #000000;\">ragen wir zu einem nachhaltigen Einsatz der kostbaren Ressource Wasser und zum Schutz von Umwelt und Mensch bei.<\/span><\/p>\n<p><span style=\"color: #000000;\">Mit SCHRAML Technik lassen sich Schlagworte wie \"Industrie 4.0\" oder \"Internet of Things\" auf die Wasser- und Abwasserwirtschaft \u00fcbertragen. Unsere Produkte bieten den Anlagenbetreibern Arbeitserleichterungen und Optimierungsm\u00f6glichkeiten in allt\u00e4glichen Prozessen - sozusagen <strong>\"Wasser 4.0\".<\/strong> Denn die SCHRAML Systeme erfassen, verdichten und analysieren\u00a0gro\u00dfe Datenmengen aus Anlagen und Wassernetzen und\u00a0bilden damit die Grundlage f\u00fcr ein intelligentes, energieoptimiertes Wassermanagement und f\u00fcr innovative Steuerungsoptionen f\u00fcr die Wassergewinnung, die Aufbereitung, Reinigung und Verteilung von Wasser- und Abwasserstr\u00f6men.<\/span><\/p>\n<\/div><\/section><\/p><\/div>\n<style type=\"text\/css\" data-created_by=\"avia_inline_auto\" id=\"style-css-av-btil3-d9d0d33b36f6b9b0e6cb421d886f3093\">\n.flex_column.av-btil3-d9d0d33b36f6b9b0e6cb421d886f3093{\nborder-radius:0px 0px 0px 0px;\npadding:0px 0px 0px 0px;\n}\n<\/style>\n<div  class='flex_column av-btil3-d9d0d33b36f6b9b0e6cb421d886f3093 av_one_half  avia-builder-el-10  el_after_av_two_third  el_before_av_one_half  first flex_column_div av-zero-column-padding  column-top-margin'     ><p>\n<style type=\"text\/css\" data-created_by=\"avia_inline_auto\" id=\"style-css-av-ax5xb-f57d7522d3bd1855cf3ed42c1ab050d3\">\n.avia-image-container.av-ax5xb-f57d7522d3bd1855cf3ed42c1ab050d3 img.avia_image{\nbox-shadow:none;\n}\n.avia-image-container.av-ax5xb-f57d7522d3bd1855cf3ed42c1ab050d3 .av-image-caption-overlay-center{\ncolor:#ffffff;\n}\n<\/style>\n<div  class='avia-image-container av-ax5xb-f57d7522d3bd1855cf3ed42c1ab050d3 av-styling- avia-align-center  avia-builder-el-11  el_before_av_textblock  avia-builder-el-first '   itemprop=\"image\" itemscope=\"itemscope\" itemtype=\"https:\/\/schema.org\/ImageObject\" ><div class=\"avia-image-container-inner\"><div class=\"avia-image-overlay-wrap\"><img fetchpriority=\"high\" fetchpriority=\"high\" decoding=\"async\" fetchpriority=\"high\" class='wp-image-17053 avia-img-lazy-loading-not-17053 avia_image ' src=\"https:\/\/www.schraml.de\/wp-content\/uploads\/2023\/03\/SCHRAML-Family.jpg\" alt='' title='SCHRAML Family'  height=\"1280\" width=\"1920\"  itemprop=\"thumbnailUrl\" srcset=\"https:\/\/www.schraml.de\/wp-content\/uploads\/2023\/03\/SCHRAML-Family.jpg 1920w, https:\/\/www.schraml.de\/wp-content\/uploads\/2023\/03\/SCHRAML-Family-300x200.jpg 300w, https:\/\/www.schraml.de\/wp-content\/uploads\/2023\/03\/SCHRAML-Family-1030x687.jpg 1030w, https:\/\/www.schraml.de\/wp-content\/uploads\/2023\/03\/SCHRAML-Family-768x512.jpg 768w, https:\/\/www.schraml.de\/wp-content\/uploads\/2023\/03\/SCHRAML-Family-1536x1024.jpg 1536w, https:\/\/www.schraml.de\/wp-content\/uploads\/2023\/03\/SCHRAML-Family-1500x1000.jpg 1500w, https:\/\/www.schraml.de\/wp-content\/uploads\/2023\/03\/SCHRAML-Family-705x470.jpg 705w\" sizes=\"(max-width: 1920px) 100vw, 1920px\" \/><\/div><\/div><\/div><br \/>\n<section  class='av_textblock_section av-lfsd51dc-19fb313bf4ee7a14c1ede436c3319d61 '   itemscope=\"itemscope\" itemtype=\"https:\/\/schema.org\/CreativeWork\" ><div class='avia_textblock'  itemprop=\"text\" ><p>V.l.n.r.: Dr. Tobias Kauf, Waltraud Schraml, Johann Schraml, Dr. Stephanie Kauf-Schraml, Christian Schraml<\/p>\n<\/div><\/section><\/p><\/div>\n<style type=\"text\/css\" data-created_by=\"avia_inline_auto\" id=\"style-css-av-21ct3-0a3b81f8eed58d3c263a99aedecc8d7c\">\n.flex_column.av-21ct3-0a3b81f8eed58d3c263a99aedecc8d7c{\nborder-radius:0px 0px 0px 0px;\npadding:50px 0px 00px 00px;\n}\n<\/style>\n<div  class='flex_column av-21ct3-0a3b81f8eed58d3c263a99aedecc8d7c av_one_half  avia-builder-el-13  el_after_av_one_half  avia-builder-el-last  flex_column_div  column-top-margin'     ><section  class='av_textblock_section av-lfsd38u3-1287e7bcee3a0d53e46a3d9635b8f0cd '   itemscope=\"itemscope\" itemtype=\"https:\/\/schema.org\/CreativeWork\" ><div class='avia_textblock'  itemprop=\"text\" ><p>Als Familie f\u00fchren wir das Unternehmen seit \u00fcber 35 Jahren, mittlerweile in der zweiten Generation. Wir managen den Betrieb mit dem Fokus auf\u00a0<strong>verl\u00e4ssliche Konstanz, vern\u00fcnftiges und nachhaltiges Wachstum und gro\u00dfe N\u00e4he zu unseren Kunden und Mitarbeitern<\/strong>. Johann und Waltraud Schraml als Gr\u00fcnder sind nach wie vor genauso an Bord wie die zweite Generation bestehend aus Stephanie Kauf-Schraml, Tobias Kauf und Christian Schraml.<\/p>\n<\/div><\/section><\/div><\/div><\/div><\/div><!-- close content main div --><\/div><\/div>\n<style type=\"text\/css\" data-created_by=\"avia_inline_auto\" id=\"style-css-av-9i1yf-71c58b2e4dc6ef0d3648ba42bb37387b\">\n.avia-section.av-9i1yf-71c58b2e4dc6ef0d3648ba42bb37387b{\nbackground-color:#dbe2ea;\nbackground-image:unset;\n}\n<\/style>\n<div id='av_section_2'  class='avia-section av-9i1yf-71c58b2e4dc6ef0d3648ba42bb37387b main_color avia-section-default avia-no-shadow  avia-builder-el-15  el_after_av_section  el_before_av_section  avia-bg-style-scroll container_wrap fullsize'  ><div class='container av-section-cont-open' ><div class='template-page content  av-content-full alpha units'><div class='post-entry post-entry-type-page post-entry-87'><div class='entry-content-wrapper clearfix'>\n\n<style type=\"text\/css\" data-created_by=\"avia_inline_auto\" id=\"style-css-av-8wtzn-aa4a38bcc94e28204ac92b6f748a3fc5\">\n.flex_column.av-8wtzn-aa4a38bcc94e28204ac92b6f748a3fc5{\nborder-radius:0px 0px 0px 0px;\npadding:0px 0px 0px 0px;\n}\n<\/style>\n<div  class='flex_column av-8wtzn-aa4a38bcc94e28204ac92b6f748a3fc5 av_one_fourth  avia-builder-el-16  el_before_av_three_fourth  avia-builder-el-first  first flex_column_div av-zero-column-padding  '     ><style type=\"text\/css\" data-created_by=\"avia_inline_auto\" id=\"style-css-av-82ijz-f0b25d7953f2810a5322c0b0a7b5e943\">\n.avia-image-container.av-82ijz-f0b25d7953f2810a5322c0b0a7b5e943 img.avia_image{\nbox-shadow:none;\n}\n.avia-image-container.av-82ijz-f0b25d7953f2810a5322c0b0a7b5e943 .av-image-caption-overlay-center{\ncolor:#ffffff;\n}\n<\/style>\n<div  class='avia-image-container av-82ijz-f0b25d7953f2810a5322c0b0a7b5e943 av-styling- avia-align-center  avia-builder-el-17  avia-builder-el-no-sibling '   itemprop=\"image\" itemscope=\"itemscope\" itemtype=\"https:\/\/schema.org\/ImageObject\" ><div class=\"avia-image-container-inner\"><div class=\"avia-image-overlay-wrap\"><img fetchpriority=\"high\" fetchpriority=\"high\" decoding=\"async\" fetchpriority=\"high\" class='wp-image-6659 avia-img-lazy-loading-not-6659 avia_image ' src=\"https:\/\/www.schraml.de\/wp-content\/uploads\/2015\/08\/Qualitaetsplakette-1.png\" alt='' title='Qualitaetsplakette'  height=\"156\" width=\"100\"  itemprop=\"thumbnailUrl\"  \/><\/div><\/div><\/div><\/div>\n<style type=\"text\/css\" data-created_by=\"avia_inline_auto\" id=\"style-css-av-7k37f-b6167133c971ce8db954521eacdddb72\">\n.flex_column.av-7k37f-b6167133c971ce8db954521eacdddb72{\nborder-radius:0px 0px 0px 0px;\npadding:0px 0px 0px 0px;\n}\n<\/style>\n<div  class='flex_column av-7k37f-b6167133c971ce8db954521eacdddb72 av_three_fourth  avia-builder-el-18  el_after_av_one_fourth  avia-builder-el-last  flex_column_div av-zero-column-padding  '     ><p>\n<style type=\"text\/css\" data-created_by=\"avia_inline_auto\" id=\"style-css-av-p2jb-703e1c5bdb5d1ccb3f7c7ee947462808\">\n#top .av-special-heading.av-p2jb-703e1c5bdb5d1ccb3f7c7ee947462808{\npadding-bottom:10px;\n}\nbody .av-special-heading.av-p2jb-703e1c5bdb5d1ccb3f7c7ee947462808 .av-special-heading-tag .heading-char{\nfont-size:25px;\n}\n.av-special-heading.av-p2jb-703e1c5bdb5d1ccb3f7c7ee947462808 .av-subheading{\nfont-size:15px;\n}\n<\/style>\n<div  class='av-special-heading av-p2jb-703e1c5bdb5d1ccb3f7c7ee947462808 av-special-heading-h2 blockquote modern-quote  avia-builder-el-19  el_before_av_textblock  avia-builder-el-first '><h2 class='av-special-heading-tag '  itemprop=\"headline\"  >Super Service und verl\u00e4ssliche Qualit\u00e4t &#8211; daf\u00fcr stehen wir<\/h2><div class=\"special-heading-border\"><div class=\"special-heading-inner-border\"><\/div><\/div><\/div><br \/>\n<section  class='av_textblock_section av-2bxv-8277c71b21438b5be38433c4f31cc1b8 '   itemscope=\"itemscope\" itemtype=\"https:\/\/schema.org\/CreativeWork\" ><div class='avia_textblock'  itemprop=\"text\" ><p>Wir sind ein Team von \u00fcber 40 engagierten Mitarbeitern, die sich tagt\u00e4glich der Aufgabe stellen, herausragende Produkte zu entwickeln und f\u00fcr unsere Kunden besten Service zu bieten. Unser Erfolg basiert auf unserer<strong> ganzheitlichen Denkweise<\/strong> und unserer <strong>umfassenden Kompetenz in den Bereichen Prozesssteuerung, Elektrotechnik und Softwareentwicklung<\/strong>.<\/p>\n<\/div><\/section><br \/>\n<section  class='av_textblock_section av-5mzbj-d94d9baad8b4d407705fe255e5897233 '   itemscope=\"itemscope\" itemtype=\"https:\/\/schema.org\/CreativeWork\" ><div class='avia_textblock'  itemprop=\"text\" ><p><em>\"Wir legen Wert auf den direkten Draht zu unseren Kunden. Wir unterst\u00fctzen Anlagenbetreiber, Sytemintegratoren und Ingenieurb\u00fcros mit erfahrenem Fachpersonal vor Ort und am Telefon, bei der Installation und im Betrieb, wo und wann immer sie uns brauchen.\"<\/em><\/p>\n<p><em>Dr. Stephanie Kauf-Schraml und Dr. Tobias Kauf, die zweite Unternehmergeneration bei SCHRAML<\/em><\/p>\n<\/div><\/section><\/p><\/div>\n<\/p>\n<\/div><\/div><\/div><!-- close content main div --><\/div><\/div><div id='av_section_3'  class='avia-section av-4yvyj-816d864e8cf47445fccd78d250b7988b main_color avia-section-default avia-no-shadow  avia-builder-el-22  el_after_av_section  avia-builder-el-last  avia-bg-style-scroll container_wrap fullsize'  ><div class='container av-section-cont-open' ><div class='template-page content  av-content-full alpha units'><div class='post-entry post-entry-type-page post-entry-87'><div class='entry-content-wrapper clearfix'>\n\n<style type=\"text\/css\" data-created_by=\"avia_inline_auto\" id=\"style-css-av-4mxbr-5c0eb842ae4a952470aeadfabd79da0a\">\n.flex_column.av-4mxbr-5c0eb842ae4a952470aeadfabd79da0a{\nborder-radius:0px 0px 0px 0px;\npadding:0px 0px 0px 0px;\n}\n<\/style>\n<div  class='flex_column av-4mxbr-5c0eb842ae4a952470aeadfabd79da0a av_one_full  avia-builder-el-23  avia-builder-el-no-sibling  first flex_column_div av-zero-column-padding  '     ><p>\n<style type=\"text\/css\" data-created_by=\"avia_inline_auto\" id=\"style-css-av-12d5v-c59821b5d00e0b9a49a1e57a6f75b291\">\n#top .av-special-heading.av-12d5v-c59821b5d00e0b9a49a1e57a6f75b291{\npadding-bottom:10px;\n}\nbody .av-special-heading.av-12d5v-c59821b5d00e0b9a49a1e57a6f75b291 .av-special-heading-tag .heading-char{\nfont-size:25px;\n}\n.av-special-heading.av-12d5v-c59821b5d00e0b9a49a1e57a6f75b291 .av-subheading{\nfont-size:15px;\n}\n<\/style>\n<div  class='av-special-heading av-12d5v-c59821b5d00e0b9a49a1e57a6f75b291 av-special-heading-h2 blockquote modern-quote  avia-builder-el-24  el_before_av_textblock  avia-builder-el-first '><h2 class='av-special-heading-tag '  itemprop=\"headline\"  >Wir k\u00f6nnen Wasser<\/h2><div class=\"special-heading-border\"><div class=\"special-heading-inner-border\"><\/div><\/div><\/div><br \/>\n<section  class='av_textblock_section av-352ij-d604cd237476040895b21589521b8da2 '   itemscope=\"itemscope\" itemtype=\"https:\/\/schema.org\/CreativeWork\" ><div class='avia_textblock'  itemprop=\"text\" ><p>SCHRAML L\u00f6sungen sind in <strong>\u00fcber 2.000 Anlagen<\/strong> installiert. Gut <strong>20.000 Fernwirkstationen<\/strong> von SCHRAML leisten Tag f\u00fcr Tag zuverl\u00e4ssige Arbeit drau\u00dfen im Feld. Die Daten von \u00fcber vielen Hundert Kilometern Rohrleitungsnetz werden von SCHRAML Stationen erfasst, sicher gespeichert und an das AQASYS Prozessleitsystem \u00fcbergeben.<\/p>\n<p>Letzteres wiederum ist bei Kunden<strong> in \u00fcber 20 L\u00e4ndern<\/strong> im Einsatz, prim\u00e4r in Deutschland und Westeuropa, aber auch in Skandinavien, S\u00fcdamerika, Asien und vielen anderen Regionen.<\/p>\n<\/div><\/section><\/p><\/div>\n\n","protected":false},"excerpt":{"rendered":"","protected":false},"author":3,"featured_media":0,"parent":0,"menu_order":0,"comment_status":"closed","ping_status":"closed","template":"","meta":{"om_disable_all_campaigns":false,"_uf_show_specific_survey":0,"_uf_disable_surveys":false,"footnotes":""},"class_list":["post-87","page","type-page","status-publish","hentry"],"yoast_head":"<!-- This site is optimized with the Yoast SEO plugin v27.4 - https:\/\/yoast.com\/product\/yoast-seo-wordpress\/ -->\n<title>Wir \u00fcber uns - SCHRAML Prozessleit- und Fernwirktechnik<\/title>\n<meta name=\"description\" content=\"SCHRAML Prozessleitsystem - Fernwirktechnik - Automatisierung - wir bieten Technologie f\u00fcr eine nachhaltige Zukunft des Wassers.\" \/>\n<meta name=\"robots\" content=\"index, follow, max-snippet:-1, max-image-preview:large, max-video-preview:-1\" \/>\n<link rel=\"canonical\" href=\"https:\/\/www.schraml.de\/index.php\/schraml-firmenprofil\/\" \/>\n<meta property=\"og:locale\" content=\"de_DE\" \/>\n<meta property=\"og:type\" content=\"article\" \/>\n<meta property=\"og:title\" content=\"Wir \u00fcber uns - SCHRAML Prozessleit- und Fernwirktechnik\" \/>\n<meta property=\"og:description\" content=\"SCHRAML Prozessleitsystem - Fernwirktechnik - Automatisierung - wir bieten Technologie f\u00fcr eine nachhaltige Zukunft des Wassers.\" \/>\n<meta property=\"og:url\" content=\"https:\/\/www.schraml.de\/index.php\/schraml-firmenprofil\/\" \/>\n<meta property=\"og:site_name\" content=\"SCHRAML Prozessleit- und Fernwirktechnik\" \/>\n<meta property=\"article:modified_time\" content=\"2023-03-29T08:21:41+00:00\" \/>\n<meta name=\"twitter:card\" content=\"summary_large_image\" \/>\n<meta name=\"twitter:label1\" content=\"Gesch\u00e4tzte Lesezeit\" \/>\n\t<meta name=\"twitter:data1\" content=\"7\u00a0Minuten\" \/>\n<!-- \/ Yoast SEO plugin. -->","yoast_head_json":{"title":"Wir \u00fcber uns - SCHRAML Prozessleit- und Fernwirktechnik","description":"SCHRAML Prozessleitsystem - Fernwirktechnik - Automatisierung - wir bieten Technologie f\u00fcr eine nachhaltige Zukunft des Wassers.","robots":{"index":"index","follow":"follow","max-snippet":"max-snippet:-1","max-image-preview":"max-image-preview:large","max-video-preview":"max-video-preview:-1"},"canonical":"https:\/\/www.schraml.de\/index.php\/schraml-firmenprofil\/","og_locale":"de_DE","og_type":"article","og_title":"Wir \u00fcber uns - SCHRAML Prozessleit- und Fernwirktechnik","og_description":"SCHRAML Prozessleitsystem - Fernwirktechnik - Automatisierung - wir bieten Technologie f\u00fcr eine nachhaltige Zukunft des Wassers.","og_url":"https:\/\/www.schraml.de\/index.php\/schraml-firmenprofil\/","og_site_name":"SCHRAML Prozessleit- und Fernwirktechnik","article_modified_time":"2023-03-29T08:21:41+00:00","twitter_card":"summary_large_image","twitter_misc":{"Gesch\u00e4tzte Lesezeit":"7\u00a0Minuten"},"schema":{"@context":"https:\/\/schema.org","@graph":[{"@type":"WebPage","@id":"https:\/\/www.schraml.de\/index.php\/schraml-firmenprofil\/","url":"https:\/\/www.schraml.de\/index.php\/schraml-firmenprofil\/","name":"Wir \u00fcber uns - SCHRAML Prozessleit- und Fernwirktechnik","isPartOf":{"@id":"https:\/\/www.schraml.de\/#website"},"datePublished":"2015-08-18T06:25:54+00:00","dateModified":"2023-03-29T08:21:41+00:00","description":"SCHRAML Prozessleitsystem - Fernwirktechnik - Automatisierung - wir bieten Technologie f\u00fcr eine nachhaltige Zukunft des Wassers.","breadcrumb":{"@id":"https:\/\/www.schraml.de\/index.php\/schraml-firmenprofil\/#breadcrumb"},"inLanguage":"de","potentialAction":[{"@type":"ReadAction","target":["https:\/\/www.schraml.de\/index.php\/schraml-firmenprofil\/"]}]},{"@type":"BreadcrumbList","@id":"https:\/\/www.schraml.de\/index.php\/schraml-firmenprofil\/#breadcrumb","itemListElement":[{"@type":"ListItem","position":1,"name":"Startseite","item":"https:\/\/www.schraml.de\/"},{"@type":"ListItem","position":2,"name":"Wir \u00fcber uns"}]},{"@type":"WebSite","@id":"https:\/\/www.schraml.de\/#website","url":"https:\/\/www.schraml.de\/","name":"SCHRAML Prozessleit- und Fernwirktechnik","description":"Prozessleit-, Fernwirk- und Automatisierungstechnik f\u00fcr intelligentes Wassermanagement","publisher":{"@id":"https:\/\/www.schraml.de\/#organization"},"potentialAction":[{"@type":"SearchAction","target":{"@type":"EntryPoint","urlTemplate":"https:\/\/www.schraml.de\/?s={search_term_string}"},"query-input":{"@type":"PropertyValueSpecification","valueRequired":true,"valueName":"search_term_string"}}],"inLanguage":"de"},{"@type":"Organization","@id":"https:\/\/www.schraml.de\/#organization","name":"SCHRAML GmbH","url":"https:\/\/www.schraml.de\/","logo":{"@type":"ImageObject","inLanguage":"de","@id":"https:\/\/www.schraml.de\/#\/schema\/logo\/image\/","url":"https:\/\/www.schraml.de\/wp-content\/uploads\/2016\/06\/SCHRAML-Logo.png","contentUrl":"https:\/\/www.schraml.de\/wp-content\/uploads\/2016\/06\/SCHRAML-Logo.png","width":512,"height":148,"caption":"SCHRAML GmbH"},"image":{"@id":"https:\/\/www.schraml.de\/#\/schema\/logo\/image\/"},"sameAs":["https:\/\/www.linkedin.com\/company\/schraml-gmbh","https:\/\/www.youtube.com\/channel\/UClSE-NVUQx_Cvs6hDnImkWg"]}]}},"_links":{"self":[{"href":"https:\/\/www.schraml.de\/index.php\/wp-json\/wp\/v2\/pages\/87","targetHints":{"allow":["GET"]}}],"collection":[{"href":"https:\/\/www.schraml.de\/index.php\/wp-json\/wp\/v2\/pages"}],"about":[{"href":"https:\/\/www.schraml.de\/index.php\/wp-json\/wp\/v2\/types\/page"}],"author":[{"embeddable":true,"href":"https:\/\/www.schraml.de\/index.php\/wp-json\/wp\/v2\/users\/3"}],"replies":[{"embeddable":true,"href":"https:\/\/www.schraml.de\/index.php\/wp-json\/wp\/v2\/comments?post=87"}],"version-history":[{"count":0,"href":"https:\/\/www.schraml.de\/index.php\/wp-json\/wp\/v2\/pages\/87\/revisions"}],"wp:attachment":[{"href":"https:\/\/www.schraml.de\/index.php\/wp-json\/wp\/v2\/media?parent=87"}],"curies":[{"name":"wp","href":"https:\/\/api.w.org\/{rel}","templated":true}]}}