{"id":85,"date":"2015-08-18T08:25:34","date_gmt":"2015-08-18T06:25:34","guid":{"rendered":"http:\/\/192.168.0.85\/?page_id=85"},"modified":"2023-05-24T17:05:31","modified_gmt":"2023-05-24T15:05:31","slug":"schraml-newsletter","status":"publish","type":"page","link":"https:\/\/www.schraml.de\/index.php\/schraml-newsletter\/","title":{"rendered":"SCHRAML Newsletter"},"content":{"rendered":"<div id='layer_slider_1'  class='avia-layerslider main_color avia-shadow  avia-builder-el-0  el_before_av_section  avia-builder-el-first  container_wrap fullsize'  style='height: 181px; max-width: 1920px; margin: 0 auto;'  ><\/div>\n<div id='av_section_1'  class='avia-section av-31rop-0ccb5d4ab2fcf7b0baab64ec3eb70757 main_color avia-section-default avia-no-shadow  avia-builder-el-1  el_after_av_layerslider  avia-builder-el-last  avia-bg-style-scroll container_wrap fullsize'  ><div class='container av-section-cont-open' ><div class='template-page content  av-content-full alpha units'><div class='post-entry post-entry-type-page post-entry-85'><div class='entry-content-wrapper clearfix'>\n\n<style type=\"text\/css\" data-created_by=\"avia_inline_auto\" id=\"style-css-av-2mzid-ad50eb01748c936317e687eb074a67fb\">\n.flex_column.av-2mzid-ad50eb01748c936317e687eb074a67fb{\nborder-radius:0px 0px 0px 0px;\npadding:0px 0px 0px 0px;\n}\n<\/style>\n<div  class='flex_column av-2mzid-ad50eb01748c936317e687eb074a67fb av_one_half  avia-builder-el-2  el_before_av_one_half  avia-builder-el-first  first flex_column_div av-zero-column-padding  '     ><section  class='av_textblock_section av-2cpoh-3178282e163340cfdfe963e190c81f2e '   itemscope=\"itemscope\" itemtype=\"https:\/\/schema.org\/CreativeWork\" ><div class='avia_textblock'  itemprop=\"text\" ><p>Regelm\u00e4\u00dfig verschicken wir E-Mails mit aktuellen Informationen zu folgenden Themen:<\/p>\n<p><img decoding=\"async\" src=\"\/wp-content\/uploads\/2015\/12\/Dreieck-gelb.png\" alt=\"\" \/> Einladungen zu SCHRAML Veranstaltungen wie Schulungen und Fachmessen<\/p>\n<p><img decoding=\"async\" src=\"\/wp-content\/uploads\/2015\/12\/Dreieck-gelb.png\" alt=\"\" \/>\u00a0Fachthemen rund um die Prozessleit-, Fernwirk- und Automatisierungstechnik<\/p>\n<p><img decoding=\"async\" src=\"\/wp-content\/uploads\/2015\/12\/Dreieck-gelb.png\" alt=\"\" \/>\u00a0aktuelle Produktneuigkeiten von SCHRAML<\/p>\n<p><img decoding=\"async\" src=\"\/wp-content\/uploads\/2015\/12\/Dreieck-gelb.png\" alt=\"\" \/> und vieles mehr.<\/p>\n<p><strong>Damit wir Sie auch in Zukunft auf dem Laufenden halten k\u00f6nnen, tragen Sie bitte hier Ihre E-Mail-Adresse ein und klicken auf den \"Abschicken\"-Button.<\/strong><\/p>\n<p>Die EU-Datenschutzgrundverordnung (EU-DSGVO) schreibt Ihre Anmeldung in Form eines Double-Opt-In-Verfahrens vor. Das sollte in einer Minute f\u00fcr Sie erledigt sein - bitte schenken Sie uns diese Zeit und Ihr Vertrauen!<\/p>\n<p>Selbstverst\u00e4ndlich k\u00f6nnen Sie den Newsletterempfang sp\u00e4ter auch wieder stornieren.<\/p>\n<\/div><\/section><\/div>\n<style type=\"text\/css\" data-created_by=\"avia_inline_auto\" id=\"style-css-av-1rkc5-c881c1f991115b30bc0fbf5919413480\">\n.flex_column.av-1rkc5-c881c1f991115b30bc0fbf5919413480{\nborder-radius:0px 0px 0px 0px;\npadding:0px 0px 0px 0px;\n}\n<\/style>\n<div  class='flex_column av-1rkc5-c881c1f991115b30bc0fbf5919413480 av_one_half  avia-builder-el-4  el_after_av_one_half  avia-builder-el-last  flex_column_div av-zero-column-padding  '     ><\/div>\n","protected":false},"excerpt":{"rendered":"","protected":false},"author":3,"featured_media":0,"parent":0,"menu_order":0,"comment_status":"closed","ping_status":"closed","template":"","meta":{"om_disable_all_campaigns":false,"_uf_show_specific_survey":0,"_uf_disable_surveys":false,"footnotes":""},"class_list":["post-85","page","type-page","status-publish","hentry"],"yoast_head":"<!-- This site is optimized with the Yoast SEO plugin v27.2 - https:\/\/yoast.com\/product\/yoast-seo-wordpress\/ -->\n<title>SCHRAML Newsletter - SCHRAML Prozessleit- und Fernwirktechnik<\/title>\n<meta name=\"description\" content=\"SCHRAML Newsletter Abonnement - das Informationsmedium rund um die Prozessleit-, Fernwirk- und Automatisierungstechnik von SCHRAML.\" \/>\n<meta name=\"robots\" content=\"index, follow, max-snippet:-1, max-image-preview:large, max-video-preview:-1\" \/>\n<link rel=\"canonical\" href=\"https:\/\/www.schraml.de\/index.php\/schraml-newsletter\/\" \/>\n<meta property=\"og:locale\" content=\"de_DE\" \/>\n<meta property=\"og:type\" content=\"article\" \/>\n<meta property=\"og:title\" content=\"SCHRAML Newsletter - SCHRAML Prozessleit- und Fernwirktechnik\" \/>\n<meta property=\"og:description\" content=\"SCHRAML Newsletter Abonnement - das Informationsmedium rund um die Prozessleit-, Fernwirk- und Automatisierungstechnik von SCHRAML.\" \/>\n<meta property=\"og:url\" content=\"https:\/\/www.schraml.de\/index.php\/schraml-newsletter\/\" \/>\n<meta property=\"og:site_name\" content=\"SCHRAML Prozessleit- und Fernwirktechnik\" \/>\n<meta property=\"article:modified_time\" content=\"2023-05-24T15:05:31+00:00\" \/>\n<meta name=\"twitter:card\" content=\"summary_large_image\" \/>\n<!-- \/ Yoast SEO plugin. -->","yoast_head_json":{"title":"SCHRAML Newsletter - SCHRAML Prozessleit- und Fernwirktechnik","description":"SCHRAML Newsletter Abonnement - das Informationsmedium rund um die Prozessleit-, Fernwirk- und Automatisierungstechnik von SCHRAML.","robots":{"index":"index","follow":"follow","max-snippet":"max-snippet:-1","max-image-preview":"max-image-preview:large","max-video-preview":"max-video-preview:-1"},"canonical":"https:\/\/www.schraml.de\/index.php\/schraml-newsletter\/","og_locale":"de_DE","og_type":"article","og_title":"SCHRAML Newsletter - SCHRAML Prozessleit- und Fernwirktechnik","og_description":"SCHRAML Newsletter Abonnement - das Informationsmedium rund um die Prozessleit-, Fernwirk- und Automatisierungstechnik von SCHRAML.","og_url":"https:\/\/www.schraml.de\/index.php\/schraml-newsletter\/","og_site_name":"SCHRAML Prozessleit- und Fernwirktechnik","article_modified_time":"2023-05-24T15:05:31+00:00","twitter_card":"summary_large_image","schema":{"@context":"https:\/\/schema.org","@graph":[{"@type":"WebPage","@id":"https:\/\/www.schraml.de\/index.php\/schraml-newsletter\/","url":"https:\/\/www.schraml.de\/index.php\/schraml-newsletter\/","name":"SCHRAML Newsletter - SCHRAML Prozessleit- und Fernwirktechnik","isPartOf":{"@id":"https:\/\/www.schraml.de\/#website"},"datePublished":"2015-08-18T06:25:34+00:00","dateModified":"2023-05-24T15:05:31+00:00","description":"SCHRAML Newsletter Abonnement - das Informationsmedium rund um die Prozessleit-, Fernwirk- und Automatisierungstechnik von SCHRAML.","breadcrumb":{"@id":"https:\/\/www.schraml.de\/index.php\/schraml-newsletter\/#breadcrumb"},"inLanguage":"de","potentialAction":[{"@type":"ReadAction","target":["https:\/\/www.schraml.de\/index.php\/schraml-newsletter\/"]}]},{"@type":"BreadcrumbList","@id":"https:\/\/www.schraml.de\/index.php\/schraml-newsletter\/#breadcrumb","itemListElement":[{"@type":"ListItem","position":1,"name":"Startseite","item":"https:\/\/www.schraml.de\/"},{"@type":"ListItem","position":2,"name":"SCHRAML Newsletter"}]},{"@type":"WebSite","@id":"https:\/\/www.schraml.de\/#website","url":"https:\/\/www.schraml.de\/","name":"SCHRAML Prozessleit- und Fernwirktechnik","description":"Prozessleit-, Fernwirk- und Automatisierungstechnik f\u00fcr intelligentes Wassermanagement","publisher":{"@id":"https:\/\/www.schraml.de\/#organization"},"potentialAction":[{"@type":"SearchAction","target":{"@type":"EntryPoint","urlTemplate":"https:\/\/www.schraml.de\/?s={search_term_string}"},"query-input":{"@type":"PropertyValueSpecification","valueRequired":true,"valueName":"search_term_string"}}],"inLanguage":"de"},{"@type":"Organization","@id":"https:\/\/www.schraml.de\/#organization","name":"SCHRAML GmbH","url":"https:\/\/www.schraml.de\/","logo":{"@type":"ImageObject","inLanguage":"de","@id":"https:\/\/www.schraml.de\/#\/schema\/logo\/image\/","url":"https:\/\/www.schraml.de\/wp-content\/uploads\/2016\/06\/SCHRAML-Logo.png","contentUrl":"https:\/\/www.schraml.de\/wp-content\/uploads\/2016\/06\/SCHRAML-Logo.png","width":512,"height":148,"caption":"SCHRAML GmbH"},"image":{"@id":"https:\/\/www.schraml.de\/#\/schema\/logo\/image\/"},"sameAs":["https:\/\/www.linkedin.com\/company\/schraml-gmbh","https:\/\/www.youtube.com\/channel\/UClSE-NVUQx_Cvs6hDnImkWg"]}]}},"_links":{"self":[{"href":"https:\/\/www.schraml.de\/index.php\/wp-json\/wp\/v2\/pages\/85","targetHints":{"allow":["GET"]}}],"collection":[{"href":"https:\/\/www.schraml.de\/index.php\/wp-json\/wp\/v2\/pages"}],"about":[{"href":"https:\/\/www.schraml.de\/index.php\/wp-json\/wp\/v2\/types\/page"}],"author":[{"embeddable":true,"href":"https:\/\/www.schraml.de\/index.php\/wp-json\/wp\/v2\/users\/3"}],"replies":[{"embeddable":true,"href":"https:\/\/www.schraml.de\/index.php\/wp-json\/wp\/v2\/comments?post=85"}],"version-history":[{"count":0,"href":"https:\/\/www.schraml.de\/index.php\/wp-json\/wp\/v2\/pages\/85\/revisions"}],"wp:attachment":[{"href":"https:\/\/www.schraml.de\/index.php\/wp-json\/wp\/v2\/media?parent=85"}],"curies":[{"name":"wp","href":"https:\/\/api.w.org\/{rel}","templated":true}]}}