{"id":8257,"date":"2017-04-12T12:25:25","date_gmt":"2017-04-12T10:25:25","guid":{"rendered":"https:\/\/www.schraml.de\/?page_id=8257"},"modified":"2017-04-12T12:27:36","modified_gmt":"2017-04-12T10:27:36","slug":"sv-vagen-kickt-in-neuen-trikots-mit-schraml-aufdruck","status":"publish","type":"page","link":"https:\/\/www.schraml.de\/index.php\/sv-vagen-kickt-in-neuen-trikots-mit-schraml-aufdruck\/","title":{"rendered":"SV Vagen kickt in neuen Trikots mit SCHRAML Aufdruck"},"content":{"rendered":"<div id='av_section_1'  class='avia-section av-av_section-e45cf08da12eaf0aa4c516511f912788 main_color avia-section-default avia-no-shadow  avia-builder-el-0  el_before_av_one_fourth  avia-builder-el-first  avia-bg-style-scroll container_wrap fullsize'  ><div class='container av-section-cont-open' ><main  role=\"main\" itemprop=\"mainContentOfPage\"  class='template-page content  av-content-full alpha units'><div class='post-entry post-entry-type-page post-entry-8257'><div class='entry-content-wrapper clearfix'>\n\n<style type=\"text\/css\" data-created_by=\"avia_inline_auto\" id=\"style-css-av-av_heading-ab3795fd5676cf72e0777b559c616a97\">\n#top .av-special-heading.av-av_heading-ab3795fd5676cf72e0777b559c616a97{\npadding-bottom:20px;\ncolor:#587ca1;\n}\nbody .av-special-heading.av-av_heading-ab3795fd5676cf72e0777b559c616a97 .av-special-heading-tag .heading-char{\nfont-size:25px;\n}\n.av-special-heading.av-av_heading-ab3795fd5676cf72e0777b559c616a97 .special-heading-inner-border{\nborder-color:#587ca1;\n}\n.av-special-heading.av-av_heading-ab3795fd5676cf72e0777b559c616a97 .av-subheading{\nfont-size:15px;\n}\n<\/style>\n<div  class='av-special-heading av-av_heading-ab3795fd5676cf72e0777b559c616a97 av-special-heading-h1 custom-color-heading blockquote modern-quote  avia-builder-el-1  avia-builder-el-no-sibling '><h1 class='av-special-heading-tag '  itemprop=\"headline\"  >Der SV Vagen kickt in der aktuellen Saison in Trikots mit SCHRAML-Look<\/h1><div class='av_custom_color av-subheading av-subheading_below'><p>Vagen, April 2017<\/p>\n<\/div><div class=\"special-heading-border\"><div class=\"special-heading-inner-border\"><\/div><\/div><\/div>\n<\/div><\/div><\/main><!-- close content main element --><\/div><\/div><div id='after_section_1'  class='main_color av_default_container_wrap container_wrap fullsize'  ><div class='container av-section-cont-open' ><div class='template-page content  av-content-full alpha units'><div class='post-entry post-entry-type-page post-entry-8257'><div class='entry-content-wrapper clearfix'>\n\n<style type=\"text\/css\" data-created_by=\"avia_inline_auto\" id=\"style-css-av-av_one_fourth-6126cab7d8fab8d08143dd2dacdf673c\">\n.flex_column.av-av_one_fourth-6126cab7d8fab8d08143dd2dacdf673c{\nborder-radius:0px 0px 0px 0px;\npadding:0px 0px 0px 0px;\n}\n<\/style>\n<div  class='flex_column av-av_one_fourth-6126cab7d8fab8d08143dd2dacdf673c av_one_fourth  avia-builder-el-2  el_after_av_section  el_before_av_three_fourth  avia-builder-el-first  first flex_column_div av-zero-column-padding  '     ><style type=\"text\/css\" data-created_by=\"avia_inline_auto\" id=\"style-css-av-av_image-27e1098cfe5ea08433c1a01a1029e0c1\">\n.avia-image-container.av-av_image-27e1098cfe5ea08433c1a01a1029e0c1 img.avia_image{\nbox-shadow:none;\n}\n.avia-image-container.av-av_image-27e1098cfe5ea08433c1a01a1029e0c1 .av-image-caption-overlay-center{\ncolor:#ffffff;\n}\n<\/style>\n<div  class='avia-image-container av-av_image-27e1098cfe5ea08433c1a01a1029e0c1 av-styling- avia-align-center  avia-builder-el-3  avia-builder-el-no-sibling '   itemprop=\"image\" itemscope=\"itemscope\" itemtype=\"https:\/\/schema.org\/ImageObject\" ><div class=\"avia-image-container-inner\"><div class=\"avia-image-overlay-wrap\"><img fetchpriority=\"high\" fetchpriority=\"high\" decoding=\"async\" fetchpriority=\"high\" class='wp-image-8258 avia-img-lazy-loading-not-8258 avia_image ' src=\"https:\/\/www.schraml.de\/wp-content\/uploads\/2017\/04\/SV-Vagen-Logo.png\" alt='' title='SV Vagen Logo'  height=\"104\" width=\"92\"  itemprop=\"thumbnailUrl\"  \/><\/div><\/div><\/div><\/div>\n\n<style type=\"text\/css\" data-created_by=\"avia_inline_auto\" id=\"style-css-av-av_three_fourth-0aa7055fe62c3622faec82866afbaeb2\">\n.flex_column.av-av_three_fourth-0aa7055fe62c3622faec82866afbaeb2{\nborder-radius:0px 0px 0px 0px;\npadding:0px 0px 0px 0px;\n}\n<\/style>\n<div  class='flex_column av-av_three_fourth-0aa7055fe62c3622faec82866afbaeb2 av_three_fourth  avia-builder-el-4  el_after_av_one_fourth  el_before_av_one_half  flex_column_div av-zero-column-padding  '     ><section  class='av_textblock_section av-av_textblock-396ddf1f42196ca838231e61a4602801 '   itemscope=\"itemscope\" itemtype=\"https:\/\/schema.org\/CreativeWork\" ><div class='avia_textblock'  itemprop=\"text\" ><p>Die Spieler des SV Vagen\u00a0haben sich nach vielen Jahren in alten Trikots f\u00fcr die aktuelle Spielsaison endlich eine neue textile Ausr\u00fcstung gew\u00fcnscht. Zum Saisonstart 2017 war es dann so weit: Am Sonntag, 9. April 2017, liefen die Vagener erstmals in den schicken, neuen Trikots auf den Platz - und das gleich zum Lokalderby gegen den SV DJK Heufeld.<\/p>\n<p>SCHRAML hat gerne finanzielle Unterst\u00fctzung f\u00fcr die Trikot-Neuausstattung geleistet. Seit \u00fcber 30 Jahren in Vagen ans\u00e4ssig, ist uns die Verbundenheit zu unserer Heimatgemeinde sehr wichtig. Mit einigen Fu\u00dfballern und vielen Fu\u00dfballfans in der eigenen Belegschaft lag es denkbar nahe, dass wir den Vagener Kickern in dieser Form zur Seite stehen wollten.<\/p>\n<\/div><\/section><\/div>\n<style type=\"text\/css\" data-created_by=\"avia_inline_auto\" id=\"style-css-av-av_one_half-6126cab7d8fab8d08143dd2dacdf673c\">\n.flex_column.av-av_one_half-6126cab7d8fab8d08143dd2dacdf673c{\nborder-radius:0px 0px 0px 0px;\npadding:0px 0px 0px 0px;\n}\n<\/style>\n<div  class='flex_column av-av_one_half-6126cab7d8fab8d08143dd2dacdf673c av_one_half  avia-builder-el-6  el_after_av_three_fourth  el_before_av_one_half  first flex_column_div av-zero-column-padding  column-top-margin'     ><section  class='av_textblock_section av-av_textblock-396ddf1f42196ca838231e61a4602801 '   itemscope=\"itemscope\" itemtype=\"https:\/\/schema.org\/CreativeWork\" ><div class='avia_textblock'  itemprop=\"text\" ><p>Wie gut die neuen Trikots in tiefem Kobaltblau mit dem SCHRAML Logo und Leitspruch \"Technologie f\u00fcr unser Wasser\" aussehen, konnten die Zuschauer beim Lokalderby in Augenschein nehmen. Die Spieler und die Sonne strahlten um die Wette, und der ein oder andere Sonnenstrahl wird wohl auch f\u00fcr so gro\u00dfe Spiegelung in den Augen der Vagener Mannschaft gesorgt haben, dass das Spiel mit 2:3 knapp zu Vagener Ungunsten ausging. Aber die Saison ist ja noch lang, die Trikots neu und der Ehrgeiz gro\u00df.<\/p>\n<\/div><\/section><\/div><\/p>\n\n<style type=\"text\/css\" data-created_by=\"avia_inline_auto\" id=\"style-css-av-av_one_half-0aa7055fe62c3622faec82866afbaeb2\">\n.flex_column.av-av_one_half-0aa7055fe62c3622faec82866afbaeb2{\nborder-radius:0px 0px 0px 0px;\npadding:0px 0px 0px 0px;\n}\n<\/style>\n<div  class='flex_column av-av_one_half-0aa7055fe62c3622faec82866afbaeb2 av_one_half  avia-builder-el-8  el_after_av_one_half  el_before_av_one_half  flex_column_div av-zero-column-padding  column-top-margin'     ><style type=\"text\/css\" data-created_by=\"avia_inline_auto\" id=\"style-css-av-av_image-734b86dc91b7e1e109b0780b135490bf\">\n.avia-image-container.av-av_image-734b86dc91b7e1e109b0780b135490bf img.avia_image{\nbox-shadow:none;\n}\n.avia-image-container.av-av_image-734b86dc91b7e1e109b0780b135490bf .av-image-caption-overlay-center{\ncolor:#ffffff;\nfont-size:15px;\n}\n<\/style>\n<div  class='avia-image-container av-av_image-734b86dc91b7e1e109b0780b135490bf av-styling- avia-align-center  avia-builder-el-9  avia-builder-el-no-sibling '   itemprop=\"image\" itemscope=\"itemscope\" itemtype=\"https:\/\/schema.org\/ImageObject\" ><div class=\"avia-image-container-inner\"><div class=\"avia-image-overlay-wrap\"><img fetchpriority=\"high\" fetchpriority=\"high\" decoding=\"async\" fetchpriority=\"high\" class='wp-image-8260 avia-img-lazy-loading-not-8260 avia_image ' src=\"https:\/\/www.schraml.de\/wp-content\/uploads\/2017\/04\/SV-Vagen.jpg\" alt='' title='SV-Vagen'  height=\"366\" width=\"700\"  itemprop=\"thumbnailUrl\" srcset=\"https:\/\/www.schraml.de\/wp-content\/uploads\/2017\/04\/SV-Vagen.jpg 700w, https:\/\/www.schraml.de\/wp-content\/uploads\/2017\/04\/SV-Vagen-300x157.jpg 300w, https:\/\/www.schraml.de\/wp-content\/uploads\/2017\/04\/SV-Vagen-450x235.jpg 450w\" sizes=\"(max-width: 700px) 100vw, 700px\" \/><\/div><\/div><\/div><\/div>\n\n<style type=\"text\/css\" data-created_by=\"avia_inline_auto\" id=\"style-css-av-av_one_half-6126cab7d8fab8d08143dd2dacdf673c\">\n.flex_column.av-av_one_half-6126cab7d8fab8d08143dd2dacdf673c{\nborder-radius:0px 0px 0px 0px;\npadding:0px 0px 0px 0px;\n}\n<\/style>\n<div  class='flex_column av-av_one_half-6126cab7d8fab8d08143dd2dacdf673c av_one_half  avia-builder-el-10  el_after_av_one_half  el_before_av_one_half  first flex_column_div av-zero-column-padding  column-top-margin'     ><p>\n<style type=\"text\/css\" data-created_by=\"avia_inline_auto\" id=\"style-css-av-av_image-4957b2c89d73a178e98e598c1770e9a1\">\n.avia-image-container.av-av_image-4957b2c89d73a178e98e598c1770e9a1 img.avia_image{\nbox-shadow:none;\n}\n.avia-image-container.av-av_image-4957b2c89d73a178e98e598c1770e9a1 .av-image-caption-overlay-center{\ncolor:#ffffff;\n}\n<\/style>\n<div  class='avia-image-container av-av_image-4957b2c89d73a178e98e598c1770e9a1 av-styling- avia-align-center  avia-builder-el-11  el_before_av_textblock  avia-builder-el-first '   itemprop=\"image\" itemscope=\"itemscope\" itemtype=\"https:\/\/schema.org\/ImageObject\" ><div class=\"avia-image-container-inner\"><div class=\"avia-image-overlay-wrap\"><img fetchpriority=\"high\" fetchpriority=\"high\" decoding=\"async\" fetchpriority=\"high\" class='wp-image-8259 avia-img-lazy-loading-not-8259 avia_image ' src=\"https:\/\/www.schraml.de\/wp-content\/uploads\/2017\/04\/SV-Vagen_2.jpg\" alt='' title='SV-Vagen_2'  height=\"504\" width=\"700\"  itemprop=\"thumbnailUrl\" srcset=\"https:\/\/www.schraml.de\/wp-content\/uploads\/2017\/04\/SV-Vagen_2.jpg 700w, https:\/\/www.schraml.de\/wp-content\/uploads\/2017\/04\/SV-Vagen_2-300x216.jpg 300w, https:\/\/www.schraml.de\/wp-content\/uploads\/2017\/04\/SV-Vagen_2-450x324.jpg 450w\" sizes=\"(max-width: 700px) 100vw, 700px\" \/><\/div><\/div><\/div><br \/>\n<section  class='av_textblock_section av-av_textblock-396ddf1f42196ca838231e61a4602801 '   itemscope=\"itemscope\" itemtype=\"https:\/\/schema.org\/CreativeWork\" ><div class='avia_textblock'  itemprop=\"text\" ><p>Ein Bild der stolzen Mannschaft mit der zweiten Generation der SCHRAML Gesch\u00e4ftsf\u00fchrung vor dem Vagener Firmengeb\u00e4ude.<\/p>\n<\/div><\/section><\/p><\/div>\n<style type=\"text\/css\" data-created_by=\"avia_inline_auto\" id=\"style-css-av-av_one_half-0aa7055fe62c3622faec82866afbaeb2\">\n.flex_column.av-av_one_half-0aa7055fe62c3622faec82866afbaeb2{\nborder-radius:0px 0px 0px 0px;\npadding:0px 0px 0px 0px;\n}\n<\/style>\n<div  class='flex_column av-av_one_half-0aa7055fe62c3622faec82866afbaeb2 av_one_half  avia-builder-el-13  el_after_av_one_half  avia-builder-el-last  flex_column_div av-zero-column-padding  column-top-margin'     ><\/div><\/p>\n","protected":false},"excerpt":{"rendered":"","protected":false},"author":10,"featured_media":0,"parent":0,"menu_order":0,"comment_status":"closed","ping_status":"closed","template":"","meta":{"om_disable_all_campaigns":false,"_uf_show_specific_survey":0,"_uf_disable_surveys":false,"footnotes":""},"class_list":["post-8257","page","type-page","status-publish","hentry"],"yoast_head":"<!-- This site is optimized with the Yoast SEO plugin v27.3 - https:\/\/yoast.com\/product\/yoast-seo-wordpress\/ -->\n<title>SV Vagen kickt in neuen Trikots mit SCHRAML Aufdruck - SCHRAML Prozessleit- und Fernwirktechnik<\/title>\n<meta name=\"robots\" content=\"index, follow, max-snippet:-1, max-image-preview:large, max-video-preview:-1\" \/>\n<link rel=\"canonical\" href=\"https:\/\/www.schraml.de\/index.php\/sv-vagen-kickt-in-neuen-trikots-mit-schraml-aufdruck\/\" \/>\n<meta property=\"og:locale\" content=\"de_DE\" \/>\n<meta property=\"og:type\" content=\"article\" \/>\n<meta property=\"og:title\" content=\"SV Vagen kickt in neuen Trikots mit SCHRAML Aufdruck - SCHRAML Prozessleit- und Fernwirktechnik\" \/>\n<meta property=\"og:url\" content=\"https:\/\/www.schraml.de\/index.php\/sv-vagen-kickt-in-neuen-trikots-mit-schraml-aufdruck\/\" \/>\n<meta property=\"og:site_name\" content=\"SCHRAML Prozessleit- und Fernwirktechnik\" \/>\n<meta property=\"article:modified_time\" content=\"2017-04-12T10:27:36+00:00\" \/>\n<meta name=\"twitter:card\" content=\"summary_large_image\" \/>\n<meta name=\"twitter:label1\" content=\"Gesch\u00e4tzte Lesezeit\" \/>\n\t<meta name=\"twitter:data1\" content=\"4\u00a0Minuten\" \/>\n<!-- \/ Yoast SEO plugin. -->","yoast_head_json":{"title":"SV Vagen kickt in neuen Trikots mit SCHRAML Aufdruck - SCHRAML Prozessleit- und Fernwirktechnik","robots":{"index":"index","follow":"follow","max-snippet":"max-snippet:-1","max-image-preview":"max-image-preview:large","max-video-preview":"max-video-preview:-1"},"canonical":"https:\/\/www.schraml.de\/index.php\/sv-vagen-kickt-in-neuen-trikots-mit-schraml-aufdruck\/","og_locale":"de_DE","og_type":"article","og_title":"SV Vagen kickt in neuen Trikots mit SCHRAML Aufdruck - SCHRAML Prozessleit- und Fernwirktechnik","og_url":"https:\/\/www.schraml.de\/index.php\/sv-vagen-kickt-in-neuen-trikots-mit-schraml-aufdruck\/","og_site_name":"SCHRAML Prozessleit- und Fernwirktechnik","article_modified_time":"2017-04-12T10:27:36+00:00","twitter_card":"summary_large_image","twitter_misc":{"Gesch\u00e4tzte Lesezeit":"4\u00a0Minuten"},"schema":{"@context":"https:\/\/schema.org","@graph":[{"@type":"WebPage","@id":"https:\/\/www.schraml.de\/index.php\/sv-vagen-kickt-in-neuen-trikots-mit-schraml-aufdruck\/","url":"https:\/\/www.schraml.de\/index.php\/sv-vagen-kickt-in-neuen-trikots-mit-schraml-aufdruck\/","name":"SV Vagen kickt in neuen Trikots mit SCHRAML Aufdruck - SCHRAML Prozessleit- und Fernwirktechnik","isPartOf":{"@id":"https:\/\/www.schraml.de\/#website"},"datePublished":"2017-04-12T10:25:25+00:00","dateModified":"2017-04-12T10:27:36+00:00","breadcrumb":{"@id":"https:\/\/www.schraml.de\/index.php\/sv-vagen-kickt-in-neuen-trikots-mit-schraml-aufdruck\/#breadcrumb"},"inLanguage":"de","potentialAction":[{"@type":"ReadAction","target":["https:\/\/www.schraml.de\/index.php\/sv-vagen-kickt-in-neuen-trikots-mit-schraml-aufdruck\/"]}]},{"@type":"BreadcrumbList","@id":"https:\/\/www.schraml.de\/index.php\/sv-vagen-kickt-in-neuen-trikots-mit-schraml-aufdruck\/#breadcrumb","itemListElement":[{"@type":"ListItem","position":1,"name":"Startseite","item":"https:\/\/www.schraml.de\/"},{"@type":"ListItem","position":2,"name":"SV Vagen kickt in neuen Trikots mit SCHRAML Aufdruck"}]},{"@type":"WebSite","@id":"https:\/\/www.schraml.de\/#website","url":"https:\/\/www.schraml.de\/","name":"SCHRAML Prozessleit- und Fernwirktechnik","description":"Prozessleit-, Fernwirk- und Automatisierungstechnik f\u00fcr intelligentes Wassermanagement","publisher":{"@id":"https:\/\/www.schraml.de\/#organization"},"potentialAction":[{"@type":"SearchAction","target":{"@type":"EntryPoint","urlTemplate":"https:\/\/www.schraml.de\/?s={search_term_string}"},"query-input":{"@type":"PropertyValueSpecification","valueRequired":true,"valueName":"search_term_string"}}],"inLanguage":"de"},{"@type":"Organization","@id":"https:\/\/www.schraml.de\/#organization","name":"SCHRAML GmbH","url":"https:\/\/www.schraml.de\/","logo":{"@type":"ImageObject","inLanguage":"de","@id":"https:\/\/www.schraml.de\/#\/schema\/logo\/image\/","url":"https:\/\/www.schraml.de\/wp-content\/uploads\/2016\/06\/SCHRAML-Logo.png","contentUrl":"https:\/\/www.schraml.de\/wp-content\/uploads\/2016\/06\/SCHRAML-Logo.png","width":512,"height":148,"caption":"SCHRAML GmbH"},"image":{"@id":"https:\/\/www.schraml.de\/#\/schema\/logo\/image\/"},"sameAs":["https:\/\/www.linkedin.com\/company\/schraml-gmbh","https:\/\/www.youtube.com\/channel\/UClSE-NVUQx_Cvs6hDnImkWg"]}]}},"_links":{"self":[{"href":"https:\/\/www.schraml.de\/index.php\/wp-json\/wp\/v2\/pages\/8257","targetHints":{"allow":["GET"]}}],"collection":[{"href":"https:\/\/www.schraml.de\/index.php\/wp-json\/wp\/v2\/pages"}],"about":[{"href":"https:\/\/www.schraml.de\/index.php\/wp-json\/wp\/v2\/types\/page"}],"author":[{"embeddable":true,"href":"https:\/\/www.schraml.de\/index.php\/wp-json\/wp\/v2\/users\/10"}],"replies":[{"embeddable":true,"href":"https:\/\/www.schraml.de\/index.php\/wp-json\/wp\/v2\/comments?post=8257"}],"version-history":[{"count":0,"href":"https:\/\/www.schraml.de\/index.php\/wp-json\/wp\/v2\/pages\/8257\/revisions"}],"wp:attachment":[{"href":"https:\/\/www.schraml.de\/index.php\/wp-json\/wp\/v2\/media?parent=8257"}],"curies":[{"name":"wp","href":"https:\/\/api.w.org\/{rel}","templated":true}]}}