{"id":7796,"date":"2016-09-08T11:19:02","date_gmt":"2016-09-08T09:19:02","guid":{"rendered":"https:\/\/www.schraml.de\/?page_id=7796"},"modified":"2016-09-08T11:24:56","modified_gmt":"2016-09-08T09:24:56","slug":"automation-blue-berichtet-ueber-schraml-hmi","status":"publish","type":"page","link":"https:\/\/www.schraml.de\/index.php\/automation-blue-berichtet-ueber-schraml-hmi\/","title":{"rendered":"Automation Blue berichtet \u00fcber SCHRAML HMI"},"content":{"rendered":"<div id='av_section_1'  class='avia-section av-av_section-d18d8c2c81d10022ebd21ffa95322c35 main_color avia-section-default avia-no-shadow  avia-builder-el-0  el_before_av_one_half  avia-builder-el-first  avia-bg-style-scroll container_wrap fullsize'  ><div class='container av-section-cont-open' ><main  role=\"main\" itemprop=\"mainContentOfPage\"  class='template-page content  av-content-full alpha units'><div class='post-entry post-entry-type-page post-entry-7796'><div class='entry-content-wrapper clearfix'>\n\n<style type=\"text\/css\" data-created_by=\"avia_inline_auto\" id=\"style-css-av-av_heading-99b2a3ee5ed06b779bde4a206df44bb6\">\n#top .av-special-heading.av-av_heading-99b2a3ee5ed06b779bde4a206df44bb6{\npadding-bottom:50px;\ncolor:#587ca1;\n}\nbody .av-special-heading.av-av_heading-99b2a3ee5ed06b779bde4a206df44bb6 .av-special-heading-tag .heading-char{\nfont-size:25px;\n}\n.av-special-heading.av-av_heading-99b2a3ee5ed06b779bde4a206df44bb6 .special-heading-inner-border{\nborder-color:#587ca1;\n}\n.av-special-heading.av-av_heading-99b2a3ee5ed06b779bde4a206df44bb6 .av-subheading{\nfont-size:15px;\n}\n<\/style>\n<div  class='av-special-heading av-av_heading-99b2a3ee5ed06b779bde4a206df44bb6 av-special-heading-h1 custom-color-heading blockquote modern-quote  avia-builder-el-1  avia-builder-el-no-sibling '><h1 class='av-special-heading-tag '  itemprop=\"headline\"  >Newsletter der <span class='special_amp'>&#8222;<\/span>Automation Blue<span class='special_amp'>&#8220;<\/span> berichtet \u00fcber SCHRAML HMI-L\u00f6sung f\u00fcr ausfallsicheren Anlagen- und Netzbetrieb<\/h1><div class='av_custom_color av-subheading av-subheading_below'><p>07.09.2016<\/p>\n<\/div><div class=\"special-heading-border\"><div class=\"special-heading-inner-border\"><\/div><\/div><\/div>\n<\/div><\/div><\/main><!-- close content main element --><\/div><\/div><div id='after_section_1'  class='main_color av_default_container_wrap container_wrap fullsize'  ><div class='container av-section-cont-open' ><div class='template-page content  av-content-full alpha units'><div class='post-entry post-entry-type-page post-entry-7796'><div class='entry-content-wrapper clearfix'>\n\n<style type=\"text\/css\" data-created_by=\"avia_inline_auto\" id=\"style-css-av-av_one_half-6126cab7d8fab8d08143dd2dacdf673c\">\n.flex_column.av-av_one_half-6126cab7d8fab8d08143dd2dacdf673c{\nborder-radius:0px 0px 0px 0px;\npadding:0px 0px 0px 0px;\n}\n<\/style>\n<div  class='flex_column av-av_one_half-6126cab7d8fab8d08143dd2dacdf673c av_one_half  avia-builder-el-2  el_after_av_section  el_before_av_one_half  avia-builder-el-first  first flex_column_div av-zero-column-padding  '     ><style type=\"text\/css\" data-created_by=\"avia_inline_auto\" id=\"style-css-av-av_image-89be403a8cdb78db52b1b062f15160ac\">\n.avia-image-container.av-av_image-89be403a8cdb78db52b1b062f15160ac img.avia_image{\nbox-shadow:none;\n}\n.avia-image-container.av-av_image-89be403a8cdb78db52b1b062f15160ac .av-image-caption-overlay-center{\ncolor:#ffffff;\n}\n<\/style>\n<div  class='avia-image-container av-av_image-89be403a8cdb78db52b1b062f15160ac av-styling- av-img-linked avia-align-center  avia-builder-el-3  avia-builder-el-no-sibling '   itemprop=\"image\" itemscope=\"itemscope\" itemtype=\"https:\/\/schema.org\/ImageObject\" ><div class=\"avia-image-container-inner\"><div class=\"avia-image-overlay-wrap\"><a href=\"https:\/\/www.automation-blue.de\/nachrichten\/produkte-loesungen\/26-08-2016-alles-unter-kontrolle-selbst-bei-ausfall-des-prozessleitsystem-rechners\/\" class='avia_image '  target=\"_blank\"  rel=\"noopener noreferrer\" aria-label='automation-blue'><img fetchpriority=\"high\" fetchpriority=\"high\" decoding=\"async\" fetchpriority=\"high\" class='wp-image-7797 avia-img-lazy-loading-not-7797 avia_image ' src=\"https:\/\/www.schraml.de\/wp-content\/uploads\/2016\/09\/Automation-Blue.png\" alt='automation-blue' title='automation-blue'  height=\"375\" width=\"400\"  itemprop=\"thumbnailUrl\" srcset=\"https:\/\/www.schraml.de\/wp-content\/uploads\/2016\/09\/Automation-Blue.png 400w, https:\/\/www.schraml.de\/wp-content\/uploads\/2016\/09\/Automation-Blue-300x281.png 300w\" sizes=\"(max-width: 400px) 100vw, 400px\" \/><\/a><\/div><\/div><\/div><\/div>\n\n<style type=\"text\/css\" data-created_by=\"avia_inline_auto\" id=\"style-css-av-av_one_half-0aa7055fe62c3622faec82866afbaeb2\">\n.flex_column.av-av_one_half-0aa7055fe62c3622faec82866afbaeb2{\nborder-radius:0px 0px 0px 0px;\npadding:0px 0px 0px 0px;\n}\n<\/style>\n<div  class='flex_column av-av_one_half-0aa7055fe62c3622faec82866afbaeb2 av_one_half  avia-builder-el-4  el_after_av_one_half  el_before_av_one_half  flex_column_div av-zero-column-padding  '     ><section  class='av_textblock_section av-av_textblock-0366cc7376be6c9e82a3e9cc8987b64f '   itemscope=\"itemscope\" itemtype=\"https:\/\/schema.org\/CreativeWork\" ><div class='avia_textblock'  itemprop=\"text\" ><p>In der Septemberausgabe ihres\u00a0Newsletters hat die Fachzeitschrift \"Automation Blue\" \u00fcber die HMI-L\u00f6sung von SCHRAML ausf\u00fchrlich berichtet. Unter der \u00dcberschrift \"Alles unter Kontrolle selbst bei Ausfall des Prozessleitsystem-Rechners\" wird adressiert, was f\u00fcr die meisten Wasserversorger heute ein wichtiges Thema ist: Bediensicherheit f\u00fcr ihre Anlage.<\/p>\n<p>Lesen Sie <a href=\"https:\/\/www.automation-blue.de\/nachrichten\/produkte-loesungen\/26-08-2016-alles-unter-kontrolle-selbst-bei-ausfall-des-prozessleitsystem-rechners\/\">hier<\/a>\u00a0den\u00a0ganzen Newsletterbeitrag zu dem Notbediensystem, das die SCHRAML HMI-L\u00f6sung zusammen mit dem MIP Prozess-Server bietet.<\/p>\n<\/div><\/section><\/div>\n<style type=\"text\/css\" data-created_by=\"avia_inline_auto\" id=\"style-css-av-av_one_half-6126cab7d8fab8d08143dd2dacdf673c\">\n.flex_column.av-av_one_half-6126cab7d8fab8d08143dd2dacdf673c{\nborder-radius:0px 0px 0px 0px;\npadding:0px 0px 0px 0px;\n}\n<\/style>\n<div  class='flex_column av-av_one_half-6126cab7d8fab8d08143dd2dacdf673c av_one_half  avia-builder-el-6  el_after_av_one_half  avia-builder-el-last  first flex_column_div av-zero-column-padding  column-top-margin'     ><section  class='av_textblock_section av-av_textblock-0366cc7376be6c9e82a3e9cc8987b64f '   itemscope=\"itemscope\" itemtype=\"https:\/\/schema.org\/CreativeWork\" ><div class='avia_textblock'  itemprop=\"text\" ><p>Weitere Informationen zum AQASYS HMI-Softwaremodul finden Sie <a href=\"https:\/\/www.schraml.de\/index.php\/schraml-aqasys-hmi-panelvisualisierung\/\">hier<\/a>.<\/p>\n<p>Weitere Informationen zum SCHRAML MIP Prozess-Server finden Sie <a href=\"https:\/\/www.schraml.de\/index.php\/schraml-mip-prozess-server\/\">hier<\/a>.<\/p>\n<\/div><\/section><\/div><\/p>\n","protected":false},"excerpt":{"rendered":"","protected":false},"author":10,"featured_media":0,"parent":0,"menu_order":0,"comment_status":"closed","ping_status":"closed","template":"","meta":{"om_disable_all_campaigns":false,"_uf_show_specific_survey":0,"_uf_disable_surveys":false,"footnotes":""},"class_list":["post-7796","page","type-page","status-publish","hentry"],"yoast_head":"<!-- This site is optimized with the Yoast SEO plugin v27.3 - https:\/\/yoast.com\/product\/yoast-seo-wordpress\/ -->\n<title>Automation Blue Newsletter zu SCHRAML HMI-L\u00f6sung<\/title>\n<meta name=\"description\" content=\"Fachzeitschrift ver\u00f6ffentlicht Newsletterbeitrag mit dem Thema &quot;Alles unter Kontrolle selbst bei Ausfall des Prozessleitrechners&quot; \u00fcber SCHRAML HMI-L\u00f6sung\" \/>\n<meta name=\"robots\" content=\"index, follow, max-snippet:-1, max-image-preview:large, max-video-preview:-1\" \/>\n<link rel=\"canonical\" href=\"https:\/\/www.schraml.de\/index.php\/automation-blue-berichtet-ueber-schraml-hmi\/\" \/>\n<meta property=\"og:locale\" content=\"de_DE\" \/>\n<meta property=\"og:type\" content=\"article\" \/>\n<meta property=\"og:title\" content=\"Automation Blue Newsletter zu SCHRAML HMI-L\u00f6sung\" \/>\n<meta property=\"og:description\" content=\"Fachzeitschrift ver\u00f6ffentlicht Newsletterbeitrag mit dem Thema &quot;Alles unter Kontrolle selbst bei Ausfall des Prozessleitrechners&quot; \u00fcber SCHRAML HMI-L\u00f6sung\" \/>\n<meta property=\"og:url\" content=\"https:\/\/www.schraml.de\/index.php\/automation-blue-berichtet-ueber-schraml-hmi\/\" \/>\n<meta property=\"og:site_name\" content=\"SCHRAML Prozessleit- und Fernwirktechnik\" \/>\n<meta property=\"article:modified_time\" content=\"2016-09-08T09:24:56+00:00\" \/>\n<meta name=\"twitter:card\" content=\"summary_large_image\" \/>\n<meta name=\"twitter:label1\" content=\"Gesch\u00e4tzte Lesezeit\" \/>\n\t<meta name=\"twitter:data1\" content=\"2\u00a0Minuten\" \/>\n<!-- \/ Yoast SEO plugin. -->","yoast_head_json":{"title":"Automation Blue Newsletter zu SCHRAML HMI-L\u00f6sung","description":"Fachzeitschrift ver\u00f6ffentlicht Newsletterbeitrag mit dem Thema \"Alles unter Kontrolle selbst bei Ausfall des Prozessleitrechners\" \u00fcber SCHRAML HMI-L\u00f6sung","robots":{"index":"index","follow":"follow","max-snippet":"max-snippet:-1","max-image-preview":"max-image-preview:large","max-video-preview":"max-video-preview:-1"},"canonical":"https:\/\/www.schraml.de\/index.php\/automation-blue-berichtet-ueber-schraml-hmi\/","og_locale":"de_DE","og_type":"article","og_title":"Automation Blue Newsletter zu SCHRAML HMI-L\u00f6sung","og_description":"Fachzeitschrift ver\u00f6ffentlicht Newsletterbeitrag mit dem Thema \"Alles unter Kontrolle selbst bei Ausfall des Prozessleitrechners\" \u00fcber SCHRAML HMI-L\u00f6sung","og_url":"https:\/\/www.schraml.de\/index.php\/automation-blue-berichtet-ueber-schraml-hmi\/","og_site_name":"SCHRAML Prozessleit- und Fernwirktechnik","article_modified_time":"2016-09-08T09:24:56+00:00","twitter_card":"summary_large_image","twitter_misc":{"Gesch\u00e4tzte Lesezeit":"2\u00a0Minuten"},"schema":{"@context":"https:\/\/schema.org","@graph":[{"@type":"WebPage","@id":"https:\/\/www.schraml.de\/index.php\/automation-blue-berichtet-ueber-schraml-hmi\/","url":"https:\/\/www.schraml.de\/index.php\/automation-blue-berichtet-ueber-schraml-hmi\/","name":"Automation Blue Newsletter zu SCHRAML HMI-L\u00f6sung","isPartOf":{"@id":"https:\/\/www.schraml.de\/#website"},"datePublished":"2016-09-08T09:19:02+00:00","dateModified":"2016-09-08T09:24:56+00:00","description":"Fachzeitschrift ver\u00f6ffentlicht Newsletterbeitrag mit dem Thema \"Alles unter Kontrolle selbst bei Ausfall des Prozessleitrechners\" \u00fcber SCHRAML HMI-L\u00f6sung","breadcrumb":{"@id":"https:\/\/www.schraml.de\/index.php\/automation-blue-berichtet-ueber-schraml-hmi\/#breadcrumb"},"inLanguage":"de","potentialAction":[{"@type":"ReadAction","target":["https:\/\/www.schraml.de\/index.php\/automation-blue-berichtet-ueber-schraml-hmi\/"]}]},{"@type":"BreadcrumbList","@id":"https:\/\/www.schraml.de\/index.php\/automation-blue-berichtet-ueber-schraml-hmi\/#breadcrumb","itemListElement":[{"@type":"ListItem","position":1,"name":"Startseite","item":"https:\/\/www.schraml.de\/"},{"@type":"ListItem","position":2,"name":"Automation Blue berichtet \u00fcber SCHRAML HMI"}]},{"@type":"WebSite","@id":"https:\/\/www.schraml.de\/#website","url":"https:\/\/www.schraml.de\/","name":"SCHRAML Prozessleit- und Fernwirktechnik","description":"Prozessleit-, Fernwirk- und Automatisierungstechnik f\u00fcr intelligentes Wassermanagement","publisher":{"@id":"https:\/\/www.schraml.de\/#organization"},"potentialAction":[{"@type":"SearchAction","target":{"@type":"EntryPoint","urlTemplate":"https:\/\/www.schraml.de\/?s={search_term_string}"},"query-input":{"@type":"PropertyValueSpecification","valueRequired":true,"valueName":"search_term_string"}}],"inLanguage":"de"},{"@type":"Organization","@id":"https:\/\/www.schraml.de\/#organization","name":"SCHRAML GmbH","url":"https:\/\/www.schraml.de\/","logo":{"@type":"ImageObject","inLanguage":"de","@id":"https:\/\/www.schraml.de\/#\/schema\/logo\/image\/","url":"https:\/\/www.schraml.de\/wp-content\/uploads\/2016\/06\/SCHRAML-Logo.png","contentUrl":"https:\/\/www.schraml.de\/wp-content\/uploads\/2016\/06\/SCHRAML-Logo.png","width":512,"height":148,"caption":"SCHRAML GmbH"},"image":{"@id":"https:\/\/www.schraml.de\/#\/schema\/logo\/image\/"},"sameAs":["https:\/\/www.linkedin.com\/company\/schraml-gmbh","https:\/\/www.youtube.com\/channel\/UClSE-NVUQx_Cvs6hDnImkWg"]}]}},"_links":{"self":[{"href":"https:\/\/www.schraml.de\/index.php\/wp-json\/wp\/v2\/pages\/7796","targetHints":{"allow":["GET"]}}],"collection":[{"href":"https:\/\/www.schraml.de\/index.php\/wp-json\/wp\/v2\/pages"}],"about":[{"href":"https:\/\/www.schraml.de\/index.php\/wp-json\/wp\/v2\/types\/page"}],"author":[{"embeddable":true,"href":"https:\/\/www.schraml.de\/index.php\/wp-json\/wp\/v2\/users\/10"}],"replies":[{"embeddable":true,"href":"https:\/\/www.schraml.de\/index.php\/wp-json\/wp\/v2\/comments?post=7796"}],"version-history":[{"count":0,"href":"https:\/\/www.schraml.de\/index.php\/wp-json\/wp\/v2\/pages\/7796\/revisions"}],"wp:attachment":[{"href":"https:\/\/www.schraml.de\/index.php\/wp-json\/wp\/v2\/media?parent=7796"}],"curies":[{"name":"wp","href":"https:\/\/api.w.org\/{rel}","templated":true}]}}