{"id":6251,"date":"2016-04-04T14:54:55","date_gmt":"2016-04-04T12:54:55","guid":{"rendered":"http:\/\/192.168.0.113\/?page_id=6251"},"modified":"2024-03-15T13:04:42","modified_gmt":"2024-03-15T12:04:42","slug":"schraml-it-sicherheit-fuer-kritis-anlagen","status":"publish","type":"page","link":"https:\/\/www.schraml.de\/index.php\/schraml-it-sicherheit-fuer-kritis-anlagen\/","title":{"rendered":"IT-Sicherheit f\u00fcr KRITIS-Anlagen"},"content":{"rendered":"<div id='av_section_1'  class='avia-section av-7w0jiz-2e90a9b6d7b191a0ebc60ee7a77a808c main_color avia-section-default avia-no-shadow  avia-builder-el-0  el_before_av_section  avia-builder-el-first  avia-bg-style-scroll container_wrap fullsize'  ><div class='container av-section-cont-open' ><main  role=\"main\" itemprop=\"mainContentOfPage\"  class='template-page content  av-content-full alpha units'><div class='post-entry post-entry-type-page post-entry-6251'><div class='entry-content-wrapper clearfix'>\n\n<style type=\"text\/css\" data-created_by=\"avia_inline_auto\" id=\"style-css-av-24oqphn-0ee93ded7be7221d73c2f3827bffb71b\">\n.avia-image-container.av-24oqphn-0ee93ded7be7221d73c2f3827bffb71b img.avia_image{\nbox-shadow:none;\n}\n.avia-image-container.av-24oqphn-0ee93ded7be7221d73c2f3827bffb71b .av-image-caption-overlay-center{\ncolor:#ffffff;\nfont-size:10px;\n}\n<\/style>\n<div  class='avia-image-container av-24oqphn-0ee93ded7be7221d73c2f3827bffb71b av-styling- avia-align-center  avia-builder-el-1  avia-builder-el-no-sibling '   itemprop=\"image\" itemscope=\"itemscope\" itemtype=\"https:\/\/schema.org\/ImageObject\" ><div class=\"avia-image-container-inner\"><div class=\"avia-image-overlay-wrap\"><img fetchpriority=\"high\" fetchpriority=\"high\" decoding=\"async\" fetchpriority=\"high\" class='wp-image-6255 avia-img-lazy-loading-not-6255 avia_image ' src=\"https:\/\/www.schraml.de\/wp-content\/uploads\/2016\/04\/Titelleiste-IT-Sicherheit.png\" alt='IT-Sicherheit' title='Titelleiste-IT-Sicherheit'  height=\"359\" width=\"1920\"  itemprop=\"thumbnailUrl\" srcset=\"https:\/\/www.schraml.de\/wp-content\/uploads\/2016\/04\/Titelleiste-IT-Sicherheit.png 1920w, https:\/\/www.schraml.de\/wp-content\/uploads\/2016\/04\/Titelleiste-IT-Sicherheit-300x56.png 300w, https:\/\/www.schraml.de\/wp-content\/uploads\/2016\/04\/Titelleiste-IT-Sicherheit-768x144.png 768w, https:\/\/www.schraml.de\/wp-content\/uploads\/2016\/04\/Titelleiste-IT-Sicherheit-1030x193.png 1030w, https:\/\/www.schraml.de\/wp-content\/uploads\/2016\/04\/Titelleiste-IT-Sicherheit-1500x280.png 1500w, https:\/\/www.schraml.de\/wp-content\/uploads\/2016\/04\/Titelleiste-IT-Sicherheit-705x132.png 705w, https:\/\/www.schraml.de\/wp-content\/uploads\/2016\/04\/Titelleiste-IT-Sicherheit-450x84.png 450w\" sizes=\"(max-width: 1920px) 100vw, 1920px\" \/><\/div><\/div><\/div>\n\n<\/div><\/div><\/main><!-- close content main element --><\/div><\/div><div id='av_section_2'  class='avia-section av-2e49rf-78675938c0765bb5e57334c6fe724066 main_color avia-section-default avia-no-shadow  avia-builder-el-2  el_after_av_section  el_before_av_section  avia-bg-style-scroll container_wrap fullsize'  ><div class='container av-section-cont-open' ><div class='template-page content  av-content-full alpha units'><div class='post-entry post-entry-type-page post-entry-6251'><div class='entry-content-wrapper clearfix'>\n\n<style type=\"text\/css\" data-created_by=\"avia_inline_auto\" id=\"style-css-av-mn6evf-657a30c88b84812cb22c59c36a6a7ecf\">\n.flex_column.av-mn6evf-657a30c88b84812cb22c59c36a6a7ecf{\nborder-radius:0px 0px 0px 0px;\npadding:0px 0px 0px 0px;\n}\n<\/style>\n<div  class='flex_column av-mn6evf-657a30c88b84812cb22c59c36a6a7ecf av_one_full  avia-builder-el-3  el_before_av_one_third  avia-builder-el-first  first flex_column_div av-zero-column-padding  '     ><style type=\"text\/css\" data-created_by=\"avia_inline_auto\" id=\"style-css-av-kyzpbv-0b32871c4123301c97c0959525493ba2\">\n#top .av-special-heading.av-kyzpbv-0b32871c4123301c97c0959525493ba2{\npadding-bottom:10px;\n}\nbody .av-special-heading.av-kyzpbv-0b32871c4123301c97c0959525493ba2 .av-special-heading-tag .heading-char{\nfont-size:25px;\n}\n.av-special-heading.av-kyzpbv-0b32871c4123301c97c0959525493ba2 .av-subheading{\nfont-size:15px;\n}\n<\/style>\n<div  class='av-special-heading av-kyzpbv-0b32871c4123301c97c0959525493ba2 av-special-heading-h2  avia-builder-el-4  avia-builder-el-no-sibling '><h2 class='av-special-heading-tag '  itemprop=\"headline\"  >Informationsblatt zum Thema<\/h2><div class=\"special-heading-border\"><div class=\"special-heading-inner-border\"><\/div><\/div><\/div><\/div>\n<style type=\"text\/css\" data-created_by=\"avia_inline_auto\" id=\"style-css-av-iplynf-0c061da1afde79d2875ebb2f134e3749\">\n.flex_column.av-iplynf-0c061da1afde79d2875ebb2f134e3749{\nborder-radius:0px 0px 0px 0px;\npadding:0px 0px 0px 0px;\n}\n<\/style>\n<div  class='flex_column av-iplynf-0c061da1afde79d2875ebb2f134e3749 av_one_third  avia-builder-el-5  el_after_av_one_full  avia-builder-el-last  first flex_column_div av-zero-column-padding  column-top-margin'     ><style type=\"text\/css\" data-created_by=\"avia_inline_auto\" id=\"style-css-av-h89iuj-047875a8d402840fa6de84571d0e32c2\">\n.avia-image-container.av-h89iuj-047875a8d402840fa6de84571d0e32c2 img.avia_image{\nbox-shadow:none;\n}\n.avia-image-container.av-h89iuj-047875a8d402840fa6de84571d0e32c2 .av-image-caption-overlay-center{\ncolor:#ffffff;\n}\n<\/style>\n<div  class='avia-image-container av-h89iuj-047875a8d402840fa6de84571d0e32c2 av-styling- av-img-linked avia-align-center  avia-builder-el-6  avia-builder-el-no-sibling '   itemprop=\"image\" itemscope=\"itemscope\" itemtype=\"https:\/\/schema.org\/ImageObject\" ><div class=\"avia-image-container-inner\"><div class=\"avia-image-overlay-wrap\"><a href=\"https:\/\/www.schraml.de\/wp-content\/uploads\/2024\/03\/SCHRAML-Informations-und-IT-Sicherheit.pdf\" class='avia_image '  target=\"_blank\"  rel=\"noopener noreferrer\" aria-label='Screenshot 2024-03-14 165251'><img fetchpriority=\"high\" fetchpriority=\"high\" decoding=\"async\" fetchpriority=\"high\" class='wp-image-19186 avia-img-lazy-loading-not-19186 avia_image ' src=\"https:\/\/www.schraml.de\/wp-content\/uploads\/2024\/03\/Screenshot-2024-03-14-165251-212x300.png\" alt='' title='Screenshot 2024-03-14 165251'  height=\"300\" width=\"212\"  itemprop=\"thumbnailUrl\" srcset=\"https:\/\/www.schraml.de\/wp-content\/uploads\/2024\/03\/Screenshot-2024-03-14-165251-212x300.png 212w, https:\/\/www.schraml.de\/wp-content\/uploads\/2024\/03\/Screenshot-2024-03-14-165251-728x1030.png 728w, https:\/\/www.schraml.de\/wp-content\/uploads\/2024\/03\/Screenshot-2024-03-14-165251-768x1087.png 768w, https:\/\/www.schraml.de\/wp-content\/uploads\/2024\/03\/Screenshot-2024-03-14-165251-498x705.png 498w, https:\/\/www.schraml.de\/wp-content\/uploads\/2024\/03\/Screenshot-2024-03-14-165251.png 799w\" sizes=\"(max-width: 212px) 100vw, 212px\" \/><\/a><\/div><\/div><\/div><\/div>\n\n<\/div><\/div><\/div><!-- close content main div --><\/div><\/div>\n<style type=\"text\/css\" data-created_by=\"avia_inline_auto\" id=\"style-css-av-gbee97-73723ee0c05ab63e69f9b644d4cdd46b\">\n.avia-section.av-gbee97-73723ee0c05ab63e69f9b644d4cdd46b{\nbackground-color:#edf0f4;\nbackground-image:unset;\n}\n<\/style>\n<div id='av_section_3'  class='avia-section av-gbee97-73723ee0c05ab63e69f9b644d4cdd46b main_color avia-section-default avia-no-shadow  avia-builder-el-7  el_after_av_section  el_before_av_one_full  avia-bg-style-scroll container_wrap fullsize'  ><div class='container av-section-cont-open' ><div class='template-page content  av-content-full alpha units'><div class='post-entry post-entry-type-page post-entry-6251'><div class='entry-content-wrapper clearfix'>\n\n<style type=\"text\/css\" data-created_by=\"avia_inline_auto\" id=\"style-css-av-em0ti3-5b9856011c95ad764849dd8f0e177c27\">\n#top .av-special-heading.av-em0ti3-5b9856011c95ad764849dd8f0e177c27{\npadding-bottom:10px;\n}\nbody .av-special-heading.av-em0ti3-5b9856011c95ad764849dd8f0e177c27 .av-special-heading-tag .heading-char{\nfont-size:25px;\n}\n.av-special-heading.av-em0ti3-5b9856011c95ad764849dd8f0e177c27 .av-subheading{\nfont-size:15px;\n}\n<\/style>\n<div  class='av-special-heading av-em0ti3-5b9856011c95ad764849dd8f0e177c27 av-special-heading-h3 blockquote modern-quote  avia-builder-el-8  el_before_av_one_half  avia-builder-el-first '><h3 class='av-special-heading-tag '  itemprop=\"headline\"  >K\u00f6nnen wir Ihnen helfen?<\/h3><div class=\"special-heading-border\"><div class=\"special-heading-inner-border\"><\/div><\/div><\/div>\n\n<style type=\"text\/css\" data-created_by=\"avia_inline_auto\" id=\"style-css-av-d7kjp7-33b6c6ab90301c38b98093c5fd2079ef\">\n.flex_column.av-d7kjp7-33b6c6ab90301c38b98093c5fd2079ef{\nborder-radius:0px 0px 0px 0px;\npadding:0px 0px 0px 0px;\n}\n<\/style>\n<div  class='flex_column av-d7kjp7-33b6c6ab90301c38b98093c5fd2079ef av_one_half  avia-builder-el-9  el_after_av_heading  el_before_av_one_half  first flex_column_div av-zero-column-padding  '     ><style type=\"text\/css\" data-created_by=\"avia_inline_auto\" id=\"style-css-av-bc5f5n-82c892e8240d97c2b4c9a069325bdedd\">\n.iconbox.av-bc5f5n-82c892e8240d97c2b4c9a069325bdedd .iconbox_icon{\nbackground-color:#587ca1;\nborder:1px solid #587ca1;\ncolor:#ffffff;\n}\n.iconbox.av-bc5f5n-82c892e8240d97c2b4c9a069325bdedd .iconbox_icon.avia-svg-icon svg:first-child{\nfill:#ffffff;\nstroke:#ffffff;\n}\n#top #wrap_all .iconbox.av-bc5f5n-82c892e8240d97c2b4c9a069325bdedd .iconbox_content_title{\ncolor:#0a0000;\n}\n<\/style>\n<article  class='iconbox iconbox_top av-bc5f5n-82c892e8240d97c2b4c9a069325bdedd  avia-builder-el-10  avia-builder-el-no-sibling  main_color'  itemscope=\"itemscope\" itemtype=\"https:\/\/schema.org\/CreativeWork\" ><div class=\"iconbox_content\"><header class=\"entry-content-header\" aria-label=\"Icon: \"><div class='iconbox_icon heading-color avia-iconfont avia-font-entypo-fontello' data-av_icon='\ue854' data-av_iconfont='entypo-fontello'  ><\/div><\/header><div class='iconbox_content_container '  itemprop=\"text\" ><p style=\"text-align: center;\">Wir beraten Sie gerne bei\u00a0bei Fragen der IT-Sicherheit f\u00fcr Ihre Anlage<\/p>\n<h4 style=\"text-align: center;\">08062 - 70 71 0<\/h4>\n<\/div><\/div><footer class=\"entry-footer\"><\/footer><\/article><\/div>\n<style type=\"text\/css\" data-created_by=\"avia_inline_auto\" id=\"style-css-av-9gticr-17e1ba5cace9679a1a0cf406958ae2ac\">\n.flex_column.av-9gticr-17e1ba5cace9679a1a0cf406958ae2ac{\nborder-radius:0px 0px 0px 0px;\npadding:0px 0px 0px 0px;\n}\n<\/style>\n<div  class='flex_column av-9gticr-17e1ba5cace9679a1a0cf406958ae2ac av_one_half  avia-builder-el-11  el_after_av_one_half  avia-builder-el-last  flex_column_div av-zero-column-padding  '     ><style type=\"text\/css\" data-created_by=\"avia_inline_auto\" id=\"style-css-av-86brq3-35415a3695d88c06c206cc692b9a8999\">\n.iconbox.av-86brq3-35415a3695d88c06c206cc692b9a8999 .iconbox_icon{\nbackground-color:#587ca1;\nborder:1px solid #587ca1;\ncolor:#ffffff;\n}\n.iconbox.av-86brq3-35415a3695d88c06c206cc692b9a8999 .iconbox_icon.avia-svg-icon svg:first-child{\nfill:#ffffff;\nstroke:#ffffff;\n}\n#top #wrap_all .iconbox.av-86brq3-35415a3695d88c06c206cc692b9a8999 .iconbox_content_title{\ncolor:#0a0000;\n}\n<\/style>\n<article  class='iconbox iconbox_top av-86brq3-35415a3695d88c06c206cc692b9a8999  avia-builder-el-12  avia-builder-el-no-sibling  main_color'  itemscope=\"itemscope\" itemtype=\"https:\/\/schema.org\/CreativeWork\" ><div class=\"iconbox_content\"><header class=\"entry-content-header\" aria-label=\"Icon: \"><div class='iconbox_icon heading-color avia-iconfont avia-font-entypo-fontello' data-av_icon='\ue805' data-av_iconfont='entypo-fontello'  ><\/div><\/header><div class='iconbox_content_container '  itemprop=\"text\" ><p style=\"text-align: center;\">Oder schreiben Sie uns eine E-Mail mit Ihrem Anliegen - wir antworten umgehend !<\/p>\n<h4 style=\"text-align: center;\">beratung@schraml.de<\/h4>\n<\/div><\/div><footer class=\"entry-footer\"><\/footer><\/article><\/div>\n<\/div><\/div><\/div><!-- close content main div --><\/div><\/div><div id='after_section_3'  class='main_color av_default_container_wrap container_wrap fullsize'  ><div class='container av-section-cont-open' ><div class='template-page content  av-content-full alpha units'><div class='post-entry post-entry-type-page post-entry-6251'><div class='entry-content-wrapper clearfix'>\n\n<style type=\"text\/css\" data-created_by=\"avia_inline_auto\" id=\"style-css-av-kxiqj-437000171f86d643d6cafc899a360d95\">\n.flex_column.av-kxiqj-437000171f86d643d6cafc899a360d95{\nborder-radius:0px 0px 0px 0px;\npadding:0px 0px 0px 0px;\n}\n<\/style>\n<div  class='flex_column av-kxiqj-437000171f86d643d6cafc899a360d95 av_one_full  avia-builder-el-13  el_after_av_section  el_before_av_one_full  avia-builder-el-first  first flex_column_div av-zero-column-padding  '     ><\/div>\n\n<style type=\"text\/css\" data-created_by=\"avia_inline_auto\" id=\"style-css-av-47h8jv-c83810eec1060f2d571fbd2848138b4c\">\n.flex_column.av-47h8jv-c83810eec1060f2d571fbd2848138b4c{\nborder-radius:0px 0px 0px 0px;\npadding:0px 0px 0px 0px;\n}\n<\/style>\n<div  class='flex_column av-47h8jv-c83810eec1060f2d571fbd2848138b4c av_one_full  avia-builder-el-14  el_after_av_one_full  el_before_av_section  avia-builder-el-last  first flex_column_div av-zero-column-padding  column-top-margin'     ><\/div>\n<\/div><\/div><\/div><!-- close content main div --><\/div><\/div><div id='av_section_4'  class='avia-section av-2qknqj-1a698ac805e09f6784a8904686aba844 main_color avia-section-default avia-no-shadow  avia-builder-el-15  el_after_av_one_full  avia-builder-el-last  avia-bg-style-scroll container_wrap fullsize'  ><div class='container av-section-cont-open' ><div class='template-page content  av-content-full alpha units'><div class='post-entry post-entry-type-page post-entry-6251'><div class='entry-content-wrapper clearfix'>\n","protected":false},"excerpt":{"rendered":"","protected":false},"author":10,"featured_media":0,"parent":0,"menu_order":0,"comment_status":"closed","ping_status":"closed","template":"","meta":{"om_disable_all_campaigns":false,"_uf_show_specific_survey":0,"_uf_disable_surveys":false,"footnotes":""},"class_list":["post-6251","page","type-page","status-publish","hentry"],"yoast_head":"<!-- This site is optimized with the Yoast SEO plugin v27.6 - https:\/\/yoast.com\/product\/yoast-seo-wordpress\/ -->\n<title>IT-Sicherheit f\u00fcr KRITIS-Anlagen - SCHRAML Prozessleit- und Fernwirktechnik<\/title>\n<meta name=\"description\" content=\"Diese Ma\u00dfnahmen sch\u00fctzen die SCHRAML Prozessleit-, Fernwirk- und Automatisierungstechnik vor Hackerangriffen und Schadsoftware.\" \/>\n<meta name=\"robots\" content=\"index, follow, max-snippet:-1, max-image-preview:large, max-video-preview:-1\" \/>\n<link rel=\"canonical\" href=\"https:\/\/www.schraml.de\/index.php\/schraml-it-sicherheit-fuer-kritis-anlagen\/\" \/>\n<meta property=\"og:locale\" content=\"de_DE\" \/>\n<meta property=\"og:type\" content=\"article\" \/>\n<meta property=\"og:title\" content=\"IT-Sicherheit f\u00fcr KRITIS-Anlagen - SCHRAML Prozessleit- und Fernwirktechnik\" \/>\n<meta property=\"og:description\" content=\"Diese Ma\u00dfnahmen sch\u00fctzen die SCHRAML Prozessleit-, Fernwirk- und Automatisierungstechnik vor Hackerangriffen und Schadsoftware.\" \/>\n<meta property=\"og:url\" content=\"https:\/\/www.schraml.de\/index.php\/schraml-it-sicherheit-fuer-kritis-anlagen\/\" \/>\n<meta property=\"og:site_name\" content=\"SCHRAML Prozessleit- und Fernwirktechnik\" \/>\n<meta property=\"article:modified_time\" content=\"2024-03-15T12:04:42+00:00\" \/>\n<meta name=\"twitter:card\" content=\"summary_large_image\" \/>\n<meta name=\"twitter:label1\" content=\"Gesch\u00e4tzte Lesezeit\" \/>\n\t<meta name=\"twitter:data1\" content=\"1\u00a0Minute\" \/>\n<!-- \/ Yoast SEO plugin. -->","yoast_head_json":{"title":"IT-Sicherheit f\u00fcr KRITIS-Anlagen - SCHRAML Prozessleit- und Fernwirktechnik","description":"Diese Ma\u00dfnahmen sch\u00fctzen die SCHRAML Prozessleit-, Fernwirk- und Automatisierungstechnik vor Hackerangriffen und Schadsoftware.","robots":{"index":"index","follow":"follow","max-snippet":"max-snippet:-1","max-image-preview":"max-image-preview:large","max-video-preview":"max-video-preview:-1"},"canonical":"https:\/\/www.schraml.de\/index.php\/schraml-it-sicherheit-fuer-kritis-anlagen\/","og_locale":"de_DE","og_type":"article","og_title":"IT-Sicherheit f\u00fcr KRITIS-Anlagen - SCHRAML Prozessleit- und Fernwirktechnik","og_description":"Diese Ma\u00dfnahmen sch\u00fctzen die SCHRAML Prozessleit-, Fernwirk- und Automatisierungstechnik vor Hackerangriffen und Schadsoftware.","og_url":"https:\/\/www.schraml.de\/index.php\/schraml-it-sicherheit-fuer-kritis-anlagen\/","og_site_name":"SCHRAML Prozessleit- und Fernwirktechnik","article_modified_time":"2024-03-15T12:04:42+00:00","twitter_card":"summary_large_image","twitter_misc":{"Gesch\u00e4tzte Lesezeit":"1\u00a0Minute"},"schema":{"@context":"https:\/\/schema.org","@graph":[{"@type":"WebPage","@id":"https:\/\/www.schraml.de\/index.php\/schraml-it-sicherheit-fuer-kritis-anlagen\/","url":"https:\/\/www.schraml.de\/index.php\/schraml-it-sicherheit-fuer-kritis-anlagen\/","name":"IT-Sicherheit f\u00fcr KRITIS-Anlagen - SCHRAML Prozessleit- und Fernwirktechnik","isPartOf":{"@id":"https:\/\/www.schraml.de\/#website"},"datePublished":"2016-04-04T12:54:55+00:00","dateModified":"2024-03-15T12:04:42+00:00","description":"Diese Ma\u00dfnahmen sch\u00fctzen die SCHRAML Prozessleit-, Fernwirk- und Automatisierungstechnik vor Hackerangriffen und Schadsoftware.","breadcrumb":{"@id":"https:\/\/www.schraml.de\/index.php\/schraml-it-sicherheit-fuer-kritis-anlagen\/#breadcrumb"},"inLanguage":"de","potentialAction":[{"@type":"ReadAction","target":["https:\/\/www.schraml.de\/index.php\/schraml-it-sicherheit-fuer-kritis-anlagen\/"]}]},{"@type":"BreadcrumbList","@id":"https:\/\/www.schraml.de\/index.php\/schraml-it-sicherheit-fuer-kritis-anlagen\/#breadcrumb","itemListElement":[{"@type":"ListItem","position":1,"name":"Startseite","item":"https:\/\/www.schraml.de\/"},{"@type":"ListItem","position":2,"name":"IT-Sicherheit f\u00fcr KRITIS-Anlagen"}]},{"@type":"WebSite","@id":"https:\/\/www.schraml.de\/#website","url":"https:\/\/www.schraml.de\/","name":"SCHRAML Prozessleit- und Fernwirktechnik","description":"Prozessleit-, Fernwirk- und Automatisierungstechnik f\u00fcr intelligentes Wassermanagement","publisher":{"@id":"https:\/\/www.schraml.de\/#organization"},"potentialAction":[{"@type":"SearchAction","target":{"@type":"EntryPoint","urlTemplate":"https:\/\/www.schraml.de\/?s={search_term_string}"},"query-input":{"@type":"PropertyValueSpecification","valueRequired":true,"valueName":"search_term_string"}}],"inLanguage":"de"},{"@type":"Organization","@id":"https:\/\/www.schraml.de\/#organization","name":"SCHRAML GmbH","url":"https:\/\/www.schraml.de\/","logo":{"@type":"ImageObject","inLanguage":"de","@id":"https:\/\/www.schraml.de\/#\/schema\/logo\/image\/","url":"https:\/\/www.schraml.de\/wp-content\/uploads\/2016\/06\/SCHRAML-Logo.png","contentUrl":"https:\/\/www.schraml.de\/wp-content\/uploads\/2016\/06\/SCHRAML-Logo.png","width":512,"height":148,"caption":"SCHRAML GmbH"},"image":{"@id":"https:\/\/www.schraml.de\/#\/schema\/logo\/image\/"},"sameAs":["https:\/\/www.linkedin.com\/company\/schraml-gmbh","https:\/\/www.youtube.com\/channel\/UClSE-NVUQx_Cvs6hDnImkWg"]}]}},"_links":{"self":[{"href":"https:\/\/www.schraml.de\/index.php\/wp-json\/wp\/v2\/pages\/6251","targetHints":{"allow":["GET"]}}],"collection":[{"href":"https:\/\/www.schraml.de\/index.php\/wp-json\/wp\/v2\/pages"}],"about":[{"href":"https:\/\/www.schraml.de\/index.php\/wp-json\/wp\/v2\/types\/page"}],"author":[{"embeddable":true,"href":"https:\/\/www.schraml.de\/index.php\/wp-json\/wp\/v2\/users\/10"}],"replies":[{"embeddable":true,"href":"https:\/\/www.schraml.de\/index.php\/wp-json\/wp\/v2\/comments?post=6251"}],"version-history":[{"count":5,"href":"https:\/\/www.schraml.de\/index.php\/wp-json\/wp\/v2\/pages\/6251\/revisions"}],"predecessor-version":[{"id":19189,"href":"https:\/\/www.schraml.de\/index.php\/wp-json\/wp\/v2\/pages\/6251\/revisions\/19189"}],"wp:attachment":[{"href":"https:\/\/www.schraml.de\/index.php\/wp-json\/wp\/v2\/media?parent=6251"}],"curies":[{"name":"wp","href":"https:\/\/api.w.org\/{rel}","templated":true}]}}