{"id":5775,"date":"2016-03-02T15:27:24","date_gmt":"2016-03-02T14:27:24","guid":{"rendered":"http:\/\/192.168.0.113\/?page_id=5775"},"modified":"2020-12-16T07:54:45","modified_gmt":"2020-12-16T06:54:45","slug":"schraml-gmbh-so-kommen-sie-zu-uns-schraml","status":"publish","type":"page","link":"https:\/\/www.schraml.de\/index.php\/schraml-gmbh-so-kommen-sie-zu-uns-schraml\/","title":{"rendered":"So finden Sie zu uns"},"content":{"rendered":"<div id='layer_slider_1'  class='avia-layerslider main_color avia-shadow  avia-builder-el-0  el_before_av_one_half  avia-builder-el-first  container_wrap fullsize'  style='height: 181px; max-width: 1920px; margin: 0 auto;'  ><\/div><div id='after_layer_slider_1'  class='main_color av_default_container_wrap container_wrap fullsize'  ><div class='container av-section-cont-open' ><div class='template-page content  av-content-full alpha units'><div class='post-entry post-entry-type-page post-entry-5775'><div class='entry-content-wrapper clearfix'>\n\n<style type=\"text\/css\" data-created_by=\"avia_inline_auto\" id=\"style-css-av-ehv7bz-65590763690c8f8e821ef8393c29e2b3\">\n.flex_column.av-ehv7bz-65590763690c8f8e821ef8393c29e2b3{\nborder-radius:0px 0px 0px 0px;\npadding:0px 0px 0px 0px;\n}\n<\/style>\n<div  class='flex_column av-ehv7bz-65590763690c8f8e821ef8393c29e2b3 av_one_half  avia-builder-el-1  el_after_av_layerslider  el_before_av_one_half  avia-builder-el-first  first flex_column_div av-zero-column-padding  '     ><p>\n<style type=\"text\/css\" data-created_by=\"avia_inline_auto\" id=\"style-css-av-av_heading-80a9ce3b32375908a0695ca0c8bf7b9b\">\n#top .av-special-heading.av-av_heading-80a9ce3b32375908a0695ca0c8bf7b9b{\npadding-bottom:10px;\n}\nbody .av-special-heading.av-av_heading-80a9ce3b32375908a0695ca0c8bf7b9b .av-special-heading-tag .heading-char{\nfont-size:25px;\n}\n.av-special-heading.av-av_heading-80a9ce3b32375908a0695ca0c8bf7b9b .av-subheading{\nfont-size:15px;\n}\n<\/style>\n<div  class='av-special-heading av-av_heading-80a9ce3b32375908a0695ca0c8bf7b9b av-special-heading-h2 blockquote modern-quote  avia-builder-el-2  el_before_av_textblock  avia-builder-el-first '><h2 class='av-special-heading-tag '  itemprop=\"headline\"  >Mit dem Auto<\/h2><div class=\"special-heading-border\"><div class=\"special-heading-inner-border\"><\/div><\/div><\/div><br \/>\n<section  class='av_textblock_section av-bdhf6n-6092a261a24c264c9d698592f1ca7f90 '   itemscope=\"itemscope\" itemtype=\"https:\/\/schema.org\/CreativeWork\" ><div class='avia_textblock'  itemprop=\"text\" ><p><strong>Von M\u00fcnchen kommend<\/strong><\/p>\n<ul>\n<li class=\"pfeil\">Auf der A8 Richtung Salzburg bis Ausfahrt 99 \/ Irschenberg<\/li>\n<li class=\"pfeil\">Bei Ausfahrt 99 \/ Irschenberg Richtung Irschenberg-Hausham-Fischbachau halten<\/li>\n<li class=\"pfeil\">Rechts auf B472 abbiegen<\/li>\n<li class=\"pfeil\">Im Kreisverkehr geradeaus\u00a0Richtung Irschenberg Ort fahren<\/li>\n<li class=\"pfeil\">Nach ca. 350 m links Richtung Loiderding abbiegen und der Stra\u00dfe Richtung Vagen folgen (ca. 5,5 km)<\/li>\n<li class=\"pfeil\">In Vagen gleich hinter der Br\u00fccke \u00fcber den Goldbach rechts in die Goldbachstra\u00dfe einbiegen<\/li>\n<li class=\"pfeil\">Nach ca. 300 m links in die Herxheimer Stra\u00dfe einbiegen, dort finden Sie uns in Hausnummer 7<\/li>\n<\/ul>\n<p><strong>Von Salzburg \/ Rosenheim kommend<\/strong><\/p>\n<ul>\n<li class=\"pfeil\">Auf der A8 Richtung M\u00fcnchen\u00a0bis Ausfahrt 99 \/ Irschenberg<\/li>\n<li class=\"pfeil\">Bei Ausfahrt 99 \/ Irschenberg Richtung Irschenberg-Hausham-Fischbachau halten<\/li>\n<li class=\"pfeil\">Rechts auf B472 abbiegen<\/li>\n<li class=\"pfeil\">Im Kreisverkehr geradeaus\u00a0Richtung Irschenberg Ort fahren<\/li>\n<li class=\"pfeil\">Nach ca. 350 m links Richtung Loiderding abbiegen und der Stra\u00dfe Richtung Vagen folgen (ca. 5,5 km)<\/li>\n<li class=\"pfeil\">In Vagen gleich hinter der Br\u00fccke \u00fcber den Goldbach rechts in die Goldbachstra\u00dfe einbiegen<\/li>\n<li class=\"pfeil\">Nach ca. 300 m links in die Herxheimer Stra\u00dfe einbiegen, dort finden Sie uns in Hausnummer 7<\/li>\n<\/ul>\n<style>\n  li.pfeil { list-style-image: url(\/wp-content\/uploads\/2015\/12\/Dreieck-gelb.png); }<br \/><\/style>\n<\/div><\/section><\/p><\/div>\n<style type=\"text\/css\" data-created_by=\"avia_inline_auto\" id=\"style-css-av-8vrebj-24786476e41fd3cfd3886a1cb5dcecf1\">\n.flex_column.av-8vrebj-24786476e41fd3cfd3886a1cb5dcecf1{\nborder-radius:0px 0px 0px 0px;\npadding:0px 0px 0px 0px;\n}\n<\/style>\n<div  class='flex_column av-8vrebj-24786476e41fd3cfd3886a1cb5dcecf1 av_one_half  avia-builder-el-4  el_after_av_one_half  avia-builder-el-last  flex_column_div av-zero-column-padding  '     ><p>\n<style type=\"text\/css\" data-created_by=\"avia_inline_auto\" id=\"style-css-av-av_heading-54421ffb61ba6ca9f47dbbcf61dd6f2a\">\n#top .av-special-heading.av-av_heading-54421ffb61ba6ca9f47dbbcf61dd6f2a{\npadding-bottom:10px;\n}\nbody .av-special-heading.av-av_heading-54421ffb61ba6ca9f47dbbcf61dd6f2a .av-special-heading-tag .heading-char{\nfont-size:25px;\n}\n.av-special-heading.av-av_heading-54421ffb61ba6ca9f47dbbcf61dd6f2a .av-subheading{\nfont-size:15px;\n}\n<\/style>\n<div  class='av-special-heading av-av_heading-54421ffb61ba6ca9f47dbbcf61dd6f2a av-special-heading-h2 blockquote modern-quote  avia-builder-el-5  el_before_av_textblock  avia-builder-el-first '><h2 class='av-special-heading-tag '  itemprop=\"headline\"  >Mit der Bahn<\/h2><div class=\"special-heading-border\"><div class=\"special-heading-inner-border\"><\/div><\/div><\/div><br \/>\n<section  class='av_textblock_section av-63bsa7-3549e09cf53ba5c77ccb5db265d855ee '   itemscope=\"itemscope\" itemtype=\"https:\/\/schema.org\/CreativeWork\" ><div class='avia_textblock'  itemprop=\"text\" ><ul>\n<li class=\"pfeil\"><a href=\"http:\/\/www.der-meridian.de\/strecken-fahrplaene\/linie\/3-munchen-hbf-holzkirchen-rosenheim\" target=\"_blank\" rel=\"noopener\">Meridian-Zug<\/a>\u00a0von M\u00fcnchen Hauptbahnhof (Strecke M\u00fcnchen Hbf - Holzkirchen - Rosenheim) bzw. von Rosenheim kommend<\/li>\n<li class=\"pfeil\">Aussteigebahnhof: Bruckm\u00fchl<\/li>\n<li class=\"pfeil\"><a href=\"http:\/\/www.vagen.de\/pdf\/gastfreundschaft\/9581.pdf\" target=\"_blank\" rel=\"noopener\">DB Oberbayernbus Nr. 9581<\/a> vom Bahnhof Bruckm\u00fchl bis Vagen oder per <a href=\"http:\/\/www.vagen.de\/index.php\/bahn-bus-taxi.html\" target=\"_blank\" rel=\"noopener\">Funktaxi <\/a>(Tel.08062\/1709)<\/li>\n<li class=\"pfeil\">Von dort zu Fu\u00df in ca. 5 Min. zu SCHRAML in die Herxheimer Stra\u00dfe 7<\/li>\n<\/ul>\n<style>\n  li.pfeil { list-style-image: url(\/wp-content\/uploads\/2015\/12\/Dreieck-gelb.png); }<br \/><\/style>\n<\/div><\/section><\/p><\/div><\/p>\n","protected":false},"excerpt":{"rendered":"","protected":false},"author":10,"featured_media":0,"parent":0,"menu_order":0,"comment_status":"closed","ping_status":"closed","template":"","meta":{"om_disable_all_campaigns":false,"_uf_show_specific_survey":0,"_uf_disable_surveys":false,"footnotes":""},"class_list":["post-5775","page","type-page","status-publish","hentry"],"yoast_head":"<!-- This site is optimized with the Yoast SEO plugin v27.4 - https:\/\/yoast.com\/product\/yoast-seo-wordpress\/ -->\n<title>So finden Sie zu uns - SCHRAML Prozessleit- und Fernwirktechnik<\/title>\n<meta name=\"description\" content=\"SCHRAML Anfahrt - So finden Sie einfach und schnell mit Bahn oder Auto zu uns nach Vagen im bayerischen Oberland.\" \/>\n<meta name=\"robots\" content=\"index, follow, max-snippet:-1, max-image-preview:large, max-video-preview:-1\" \/>\n<link rel=\"canonical\" href=\"https:\/\/www.schraml.de\/index.php\/schraml-gmbh-so-kommen-sie-zu-uns-schraml\/\" \/>\n<meta property=\"og:locale\" content=\"de_DE\" \/>\n<meta property=\"og:type\" content=\"article\" \/>\n<meta property=\"og:title\" content=\"So finden Sie zu uns - SCHRAML Prozessleit- und Fernwirktechnik\" \/>\n<meta property=\"og:description\" content=\"SCHRAML Anfahrt - So finden Sie einfach und schnell mit Bahn oder Auto zu uns nach Vagen im bayerischen Oberland.\" \/>\n<meta property=\"og:url\" content=\"https:\/\/www.schraml.de\/index.php\/schraml-gmbh-so-kommen-sie-zu-uns-schraml\/\" \/>\n<meta property=\"og:site_name\" content=\"SCHRAML Prozessleit- und Fernwirktechnik\" \/>\n<meta property=\"article:modified_time\" content=\"2020-12-16T06:54:45+00:00\" \/>\n<meta name=\"twitter:card\" content=\"summary_large_image\" \/>\n<meta name=\"twitter:label1\" content=\"Gesch\u00e4tzte Lesezeit\" \/>\n\t<meta name=\"twitter:data1\" content=\"3\u00a0Minuten\" \/>\n<!-- \/ Yoast SEO plugin. -->","yoast_head_json":{"title":"So finden Sie zu uns - SCHRAML Prozessleit- und Fernwirktechnik","description":"SCHRAML Anfahrt - So finden Sie einfach und schnell mit Bahn oder Auto zu uns nach Vagen im bayerischen Oberland.","robots":{"index":"index","follow":"follow","max-snippet":"max-snippet:-1","max-image-preview":"max-image-preview:large","max-video-preview":"max-video-preview:-1"},"canonical":"https:\/\/www.schraml.de\/index.php\/schraml-gmbh-so-kommen-sie-zu-uns-schraml\/","og_locale":"de_DE","og_type":"article","og_title":"So finden Sie zu uns - SCHRAML Prozessleit- und Fernwirktechnik","og_description":"SCHRAML Anfahrt - So finden Sie einfach und schnell mit Bahn oder Auto zu uns nach Vagen im bayerischen Oberland.","og_url":"https:\/\/www.schraml.de\/index.php\/schraml-gmbh-so-kommen-sie-zu-uns-schraml\/","og_site_name":"SCHRAML Prozessleit- und Fernwirktechnik","article_modified_time":"2020-12-16T06:54:45+00:00","twitter_card":"summary_large_image","twitter_misc":{"Gesch\u00e4tzte Lesezeit":"3\u00a0Minuten"},"schema":{"@context":"https:\/\/schema.org","@graph":[{"@type":"WebPage","@id":"https:\/\/www.schraml.de\/index.php\/schraml-gmbh-so-kommen-sie-zu-uns-schraml\/","url":"https:\/\/www.schraml.de\/index.php\/schraml-gmbh-so-kommen-sie-zu-uns-schraml\/","name":"So finden Sie zu uns - SCHRAML Prozessleit- und Fernwirktechnik","isPartOf":{"@id":"https:\/\/www.schraml.de\/#website"},"datePublished":"2016-03-02T14:27:24+00:00","dateModified":"2020-12-16T06:54:45+00:00","description":"SCHRAML Anfahrt - So finden Sie einfach und schnell mit Bahn oder Auto zu uns nach Vagen im bayerischen Oberland.","breadcrumb":{"@id":"https:\/\/www.schraml.de\/index.php\/schraml-gmbh-so-kommen-sie-zu-uns-schraml\/#breadcrumb"},"inLanguage":"de","potentialAction":[{"@type":"ReadAction","target":["https:\/\/www.schraml.de\/index.php\/schraml-gmbh-so-kommen-sie-zu-uns-schraml\/"]}]},{"@type":"BreadcrumbList","@id":"https:\/\/www.schraml.de\/index.php\/schraml-gmbh-so-kommen-sie-zu-uns-schraml\/#breadcrumb","itemListElement":[{"@type":"ListItem","position":1,"name":"Startseite","item":"https:\/\/www.schraml.de\/"},{"@type":"ListItem","position":2,"name":"So finden Sie zu uns"}]},{"@type":"WebSite","@id":"https:\/\/www.schraml.de\/#website","url":"https:\/\/www.schraml.de\/","name":"SCHRAML Prozessleit- und Fernwirktechnik","description":"Prozessleit-, Fernwirk- und Automatisierungstechnik f\u00fcr intelligentes Wassermanagement","publisher":{"@id":"https:\/\/www.schraml.de\/#organization"},"potentialAction":[{"@type":"SearchAction","target":{"@type":"EntryPoint","urlTemplate":"https:\/\/www.schraml.de\/?s={search_term_string}"},"query-input":{"@type":"PropertyValueSpecification","valueRequired":true,"valueName":"search_term_string"}}],"inLanguage":"de"},{"@type":"Organization","@id":"https:\/\/www.schraml.de\/#organization","name":"SCHRAML GmbH","url":"https:\/\/www.schraml.de\/","logo":{"@type":"ImageObject","inLanguage":"de","@id":"https:\/\/www.schraml.de\/#\/schema\/logo\/image\/","url":"https:\/\/www.schraml.de\/wp-content\/uploads\/2016\/06\/SCHRAML-Logo.png","contentUrl":"https:\/\/www.schraml.de\/wp-content\/uploads\/2016\/06\/SCHRAML-Logo.png","width":512,"height":148,"caption":"SCHRAML GmbH"},"image":{"@id":"https:\/\/www.schraml.de\/#\/schema\/logo\/image\/"},"sameAs":["https:\/\/www.linkedin.com\/company\/schraml-gmbh","https:\/\/www.youtube.com\/channel\/UClSE-NVUQx_Cvs6hDnImkWg"]}]}},"_links":{"self":[{"href":"https:\/\/www.schraml.de\/index.php\/wp-json\/wp\/v2\/pages\/5775","targetHints":{"allow":["GET"]}}],"collection":[{"href":"https:\/\/www.schraml.de\/index.php\/wp-json\/wp\/v2\/pages"}],"about":[{"href":"https:\/\/www.schraml.de\/index.php\/wp-json\/wp\/v2\/types\/page"}],"author":[{"embeddable":true,"href":"https:\/\/www.schraml.de\/index.php\/wp-json\/wp\/v2\/users\/10"}],"replies":[{"embeddable":true,"href":"https:\/\/www.schraml.de\/index.php\/wp-json\/wp\/v2\/comments?post=5775"}],"version-history":[{"count":0,"href":"https:\/\/www.schraml.de\/index.php\/wp-json\/wp\/v2\/pages\/5775\/revisions"}],"wp:attachment":[{"href":"https:\/\/www.schraml.de\/index.php\/wp-json\/wp\/v2\/media?parent=5775"}],"curies":[{"name":"wp","href":"https:\/\/api.w.org\/{rel}","templated":true}]}}