{"id":5366,"date":"2016-02-09T15:58:21","date_gmt":"2016-02-09T14:58:21","guid":{"rendered":"http:\/\/192.168.0.113\/?page_id=5366"},"modified":"2016-07-25T14:26:38","modified_gmt":"2016-07-25T12:26:38","slug":"schraml-agb","status":"publish","type":"page","link":"https:\/\/www.schraml.de\/index.php\/schraml-agb\/","title":{"rendered":"AGB"},"content":{"rendered":"<div id='layer_slider_1'  class='avia-layerslider main_color avia-shadow  avia-builder-el-0  el_before_av_section  avia-builder-el-first  container_wrap fullsize'  style='height: 181px; max-width: 1920px; margin: 0 auto;'  ><\/div>\n<div id='av_section_1'  class='avia-section av-av_section-d18d8c2c81d10022ebd21ffa95322c35 main_color avia-section-default avia-no-shadow  avia-builder-el-1  el_after_av_layerslider  avia-builder-el-last  avia-bg-style-scroll container_wrap fullsize'  ><div class='container av-section-cont-open' ><div class='template-page content  av-content-full alpha units'><div class='post-entry post-entry-type-page post-entry-5366'><div class='entry-content-wrapper clearfix'>\n<section  class='av_textblock_section av-av_textblock-0366cc7376be6c9e82a3e9cc8987b64f '   itemscope=\"itemscope\" itemtype=\"https:\/\/schema.org\/CreativeWork\" ><div class='avia_textblock'  itemprop=\"text\" ><ol>\n<li>Geltungsbereich<\/li>\n<\/ol>\n<p>F\u00fcr alle Angebote, Bestellungen, Lieferungen, Leistungen und andere Vertr\u00e4ge der SCHRAML GmbH sind ausschlie\u00dflich die nachfolgenden Gesch\u00e4ftsbedingungen ma\u00dfgebend.\u00a0 Abweichungen von diesen Gesch\u00e4ftsbedingungen sind nur wirksam, wenn die SCHRAML GmbH dies schriftlich best\u00e4tigt.<\/p>\n<ol start=\"2\">\n<li>Vertragsabschlu\u00df<\/li>\n<\/ol>\n<p>F\u00fcr die Ausarbeitung von Angeboten erh\u00e4lt die SCHRAML GmbH vom Auftraggeber alle ben\u00f6tigten Unterlagen, Informationen und Daten. Auf dieser Basis ausgearbeitete Angebote sind \u00fcber die angegebene Laufzeit verbindlich. Ein Vertrag kommt erst mit schriftlicher Auftragsbest\u00e4tigung der SCHRAML GmbH zustande. W\u00fcnscht der Auftraggeber danach \u00c4nderungen der Leistungen, wird die SCHRAML GmbH die Machbarkeit und Auswirkung auf den Vertrag innerhalb 4 Wochen mitteilen. Schl\u00e4gt die SCHRAML GmbH eine \u00c4nderung vor, ist umgekehrt der Auftraggeber verpflichtet, innerhalb 4 Wochen eine Stellungnahme abzugeben. \u00c4nderungen werden nur verbindlich, wenn der andere Vertragspartner schriftlich zustimmt. Entstehen im Zuge der Auftragsabwicklung auf Grund nicht vorhersehbarer Umst\u00e4nde ( z.B. Fehler in vom Auftraggeber \u00fcberlassenen Daten; Inkompatibilit\u00e4ten mit bereits bestehender Hard- und Software) zus\u00e4tzliche Mehrkosten, sind diese vom Auftraggeber zu verg\u00fcten.<\/p>\n<ol start=\"3\">\n<li>Lieferung<\/li>\n<\/ol>\n<p>Lieferfristen werden in den jeweiligen Vertr\u00e4gen gesondert vereinbart. Diese verl\u00e4ngern sich angemessen, wenn die Verz\u00f6gerungen nicht von der SCHRAML GmbH zu vertreten sind. Zum Beispiel bei Vertrags\u00e4nderungen, mangelhafter oder versp\u00e4teter \u00dcberlassung von , f\u00fcr die Auftragsdurchf\u00fchrung notwendiger Informationen und Daten oder h\u00f6herer Gewalt (Streik, Aussperrung, Kriegsfolgen). Ger\u00e4t die SCHRAML GmbH in von Ihr zu vertretenden Lieferverzug, kann der Auftraggeber nach vorheriger Fristsetzung von 6 Wochen vom Vertrag zur\u00fccktreten. Dar\u00fcber hinausgehende Schadenersatzanspr\u00fcche sind ausgeschlossen. Mit der Abgabe zum Versand geht die Gefahr auf den Auftraggeber \u00fcber. Dies gilt auch, wenn der Transport frachtfrei durch die SCHRAML GmbH erfolgt.<\/p>\n<ol start=\"4\">\n<li>Gew\u00e4hrleistung<\/li>\n<\/ol>\n<p>Sobald die SCHRAML GmbH die Fertigstellung erkl\u00e4rt hat, ist die Leistung vom Auftraggeber abzunehmen. Wird dies unterlassen, gilt die Leistung 3 Wochen nach Fertigmeldung als abgenommen. Stellt sich bei der Abnahme ein Mangel heraus, wird dieser von der SCHRAML GmbH innerhalb angemessener Frist beseitigt und die Leistung erneut zur Abnahme bereit gestellt. Schwer erkennbare M\u00e4ngel oder Fehler werden von der SCHRAML GmbH noch unentgeltlich beseitigt, wenn diese innerhalb 26 Wochen nach der Abnahme schriftlich angezeigt werden. Die SCHRAML GmbH macht ausdr\u00fccklich darauf aufmerksam, da\u00df es nach dem Stand der Technik nicht m\u00f6glich ist, Software zu entwickeln, die unter allen erdenklichen\u00a0Bedingungen fehlerfrei arbeitet. Gegenstand der Gew\u00e4hrleistung ist Software, die im Sinne der Programmbeschreibung grunds\u00e4tzlich brauchbar ist. Wird ein erheblicher Fehler nicht innerhalb angemessener Frist beseitigt, hat der Auftraggeber das Recht, f\u00fcr den fehlerhaften Teil der Leistung\u00a0 vom Vertrag zur\u00fcckzutreten. Ein weitergehender Anspruch des Auftraggebers auf Ersatz eines unmittelbaren oder mittelbaren Schadens ist ausgeschlossen, soweit nicht vors\u00e4tzlich oder grob fahrl\u00e4ssiges Handeln von SCHRAML GmbH vorliegt und gesetzlich zwingende Bestimmungen dem entgegenstehen. Hat der Auftraggeber wegen vermeintlicher Gew\u00e4hrleistungsrechte die erworbene Leistung zur Durchf\u00fchrung von Nachbesserungsarbeiten an die SCHRAML GmbH \u00fcbersandt, oder einen Servicetechniker vor Ort bestellt, und stellt sich durch die \u00dcberpr\u00fcfung heraus, da\u00df ein tats\u00e4chlicher Mangel nicht vorliegt, so hat der Auftraggeber die anfallenden Kosten zu ersetzen.<\/p>\n<ol start=\"5\">\n<li>Zahlung<\/li>\n<\/ol>\n<p>Es gelten die einzel vereinbarten und auf der Rechnung ausgewiesenen Zahlungsbedingungen. Ger\u00e4t der Auftraggeber mit der Zahlung in Verzug, so ist die SCHRAML GmbH berechtigt, vom Verzugszeitpunkt an Zinsen in H\u00f6he von 6% \u00fcber dem geltenden Diskontsatz zu berechnen. Der Auftraggeber ist zur Aufrechnung, Zur\u00fcckbehaltung oder Minderung von Zahlungen nur berechtigt, wenn Gegenanspr\u00fcche rechtskr\u00e4ftig festgestellt worden oder unstreitig sind und auf demselben Vertragsverh\u00e4ltnis beruhen.<\/p>\n<ol start=\"6\">\n<li>Rechte am Vertragsgegenstand<\/li>\n<\/ol>\n<p>Bis\u00a0 zur vollst\u00e4ndigen Bezahlung bleibt die Vertragsleistung Eigentum der SCHRAML GmbH. Verpf\u00e4ndung , Sicherheits\u00fcbereignung oder \u00dcberlassung der Leistung im Tauschwege sind dem Auftraggeber nicht gestattet. Nach vollst\u00e4ndiger Bezahlung gehen das Eigentum und das Recht zur freien Verf\u00fcgung und Nutzung der Leistung auf den Auftraggeber \u00fcber. Die SCHRAML GmbH ist zur weiteren Nutzung der Vertragsleistungen berechtigt. Insbesondere k\u00f6nnen, die den Vertragsleistungen zugrundeliegenden Konzeptionen verwendet werden, um Material zu entwickeln und Dritten zur Nutzung zu \u00fcberlassen, das den gelieferten Leistungen \u00e4hnlich ist.<\/p>\n<ol start=\"7\">\n<li>Sonstiges<\/li>\n<\/ol>\n<p>Die SCHRAML GmbH wird alle als vertraulich bezeichneten\u00a0 Unterlagen, Informationen und Daten, die sie vom Auftraggeber erh\u00e4lt, nur zur Durchf\u00fchrung des Vertrages verwenden und Dritten gegen\u00fcber geheimhalten. Dies gilt auch nach Beendigung des Vertrages. Die Rechtsbeziehung zwischen der SCHRAML GmbH und dem Auftraggeber unterliegt ausschlie\u00dflich dem Recht der Bundesrepublik Deutschland. Sollte eine der vorstehenden Bestimmung ganz oder teilweise unwirksam sein, so bleiben die \u00fcbrigen Bestimmungen wirksam; anstelle der nichtigen Bestimmungen gilt in diesem Fall, was dem erkennbar gewolltem Vertragszweck am n\u00e4chsten kommt. Der Gerichtsstand ist, wenn nicht anders vereinbart, 83043 Bad Aibling.<\/p>\n<\/div><\/section>\n\n","protected":false},"excerpt":{"rendered":"","protected":false},"author":3,"featured_media":0,"parent":0,"menu_order":0,"comment_status":"closed","ping_status":"closed","template":"","meta":{"om_disable_all_campaigns":false,"_uf_show_specific_survey":0,"_uf_disable_surveys":false,"footnotes":""},"class_list":["post-5366","page","type-page","status-publish","hentry"],"yoast_head":"<!-- This site is optimized with the Yoast SEO plugin v27.4 - https:\/\/yoast.com\/product\/yoast-seo-wordpress\/ -->\n<title>AGB - SCHRAML Prozessleit- und Fernwirktechnik<\/title>\n<meta name=\"description\" content=\"Allgemeine Gesch\u00e4ftsbedingungen der SCHRAML GmbH, Anbieter eines Prozessleitsystems und von Fernwirktechnik und Automatisierungstechnik.\" \/>\n<meta name=\"robots\" content=\"index, follow, max-snippet:-1, max-image-preview:large, max-video-preview:-1\" \/>\n<link rel=\"canonical\" href=\"https:\/\/www.schraml.de\/index.php\/schraml-agb\/\" \/>\n<meta property=\"og:locale\" content=\"de_DE\" \/>\n<meta property=\"og:type\" content=\"article\" \/>\n<meta property=\"og:title\" content=\"AGB - SCHRAML Prozessleit- und Fernwirktechnik\" \/>\n<meta property=\"og:description\" content=\"Allgemeine Gesch\u00e4ftsbedingungen der SCHRAML GmbH, Anbieter eines Prozessleitsystems und von Fernwirktechnik und Automatisierungstechnik.\" \/>\n<meta property=\"og:url\" content=\"https:\/\/www.schraml.de\/index.php\/schraml-agb\/\" \/>\n<meta property=\"og:site_name\" content=\"SCHRAML Prozessleit- und Fernwirktechnik\" \/>\n<meta property=\"article:modified_time\" content=\"2016-07-25T12:26:38+00:00\" \/>\n<meta name=\"twitter:card\" content=\"summary_large_image\" \/>\n<meta name=\"twitter:label1\" content=\"Gesch\u00e4tzte Lesezeit\" \/>\n\t<meta name=\"twitter:data1\" content=\"4\u00a0Minuten\" \/>\n<!-- \/ Yoast SEO plugin. -->","yoast_head_json":{"title":"AGB - SCHRAML Prozessleit- und Fernwirktechnik","description":"Allgemeine Gesch\u00e4ftsbedingungen der SCHRAML GmbH, Anbieter eines Prozessleitsystems und von Fernwirktechnik und Automatisierungstechnik.","robots":{"index":"index","follow":"follow","max-snippet":"max-snippet:-1","max-image-preview":"max-image-preview:large","max-video-preview":"max-video-preview:-1"},"canonical":"https:\/\/www.schraml.de\/index.php\/schraml-agb\/","og_locale":"de_DE","og_type":"article","og_title":"AGB - SCHRAML Prozessleit- und Fernwirktechnik","og_description":"Allgemeine Gesch\u00e4ftsbedingungen der SCHRAML GmbH, Anbieter eines Prozessleitsystems und von Fernwirktechnik und Automatisierungstechnik.","og_url":"https:\/\/www.schraml.de\/index.php\/schraml-agb\/","og_site_name":"SCHRAML Prozessleit- und Fernwirktechnik","article_modified_time":"2016-07-25T12:26:38+00:00","twitter_card":"summary_large_image","twitter_misc":{"Gesch\u00e4tzte Lesezeit":"4\u00a0Minuten"},"schema":{"@context":"https:\/\/schema.org","@graph":[{"@type":"WebPage","@id":"https:\/\/www.schraml.de\/index.php\/schraml-agb\/","url":"https:\/\/www.schraml.de\/index.php\/schraml-agb\/","name":"AGB - SCHRAML Prozessleit- und Fernwirktechnik","isPartOf":{"@id":"https:\/\/www.schraml.de\/#website"},"datePublished":"2016-02-09T14:58:21+00:00","dateModified":"2016-07-25T12:26:38+00:00","description":"Allgemeine Gesch\u00e4ftsbedingungen der SCHRAML GmbH, Anbieter eines Prozessleitsystems und von Fernwirktechnik und Automatisierungstechnik.","breadcrumb":{"@id":"https:\/\/www.schraml.de\/index.php\/schraml-agb\/#breadcrumb"},"inLanguage":"de","potentialAction":[{"@type":"ReadAction","target":["https:\/\/www.schraml.de\/index.php\/schraml-agb\/"]}]},{"@type":"BreadcrumbList","@id":"https:\/\/www.schraml.de\/index.php\/schraml-agb\/#breadcrumb","itemListElement":[{"@type":"ListItem","position":1,"name":"Startseite","item":"https:\/\/www.schraml.de\/"},{"@type":"ListItem","position":2,"name":"AGB"}]},{"@type":"WebSite","@id":"https:\/\/www.schraml.de\/#website","url":"https:\/\/www.schraml.de\/","name":"SCHRAML Prozessleit- und Fernwirktechnik","description":"Prozessleit-, Fernwirk- und Automatisierungstechnik f\u00fcr intelligentes Wassermanagement","publisher":{"@id":"https:\/\/www.schraml.de\/#organization"},"potentialAction":[{"@type":"SearchAction","target":{"@type":"EntryPoint","urlTemplate":"https:\/\/www.schraml.de\/?s={search_term_string}"},"query-input":{"@type":"PropertyValueSpecification","valueRequired":true,"valueName":"search_term_string"}}],"inLanguage":"de"},{"@type":"Organization","@id":"https:\/\/www.schraml.de\/#organization","name":"SCHRAML GmbH","url":"https:\/\/www.schraml.de\/","logo":{"@type":"ImageObject","inLanguage":"de","@id":"https:\/\/www.schraml.de\/#\/schema\/logo\/image\/","url":"https:\/\/www.schraml.de\/wp-content\/uploads\/2016\/06\/SCHRAML-Logo.png","contentUrl":"https:\/\/www.schraml.de\/wp-content\/uploads\/2016\/06\/SCHRAML-Logo.png","width":512,"height":148,"caption":"SCHRAML GmbH"},"image":{"@id":"https:\/\/www.schraml.de\/#\/schema\/logo\/image\/"},"sameAs":["https:\/\/www.linkedin.com\/company\/schraml-gmbh","https:\/\/www.youtube.com\/channel\/UClSE-NVUQx_Cvs6hDnImkWg"]}]}},"_links":{"self":[{"href":"https:\/\/www.schraml.de\/index.php\/wp-json\/wp\/v2\/pages\/5366","targetHints":{"allow":["GET"]}}],"collection":[{"href":"https:\/\/www.schraml.de\/index.php\/wp-json\/wp\/v2\/pages"}],"about":[{"href":"https:\/\/www.schraml.de\/index.php\/wp-json\/wp\/v2\/types\/page"}],"author":[{"embeddable":true,"href":"https:\/\/www.schraml.de\/index.php\/wp-json\/wp\/v2\/users\/3"}],"replies":[{"embeddable":true,"href":"https:\/\/www.schraml.de\/index.php\/wp-json\/wp\/v2\/comments?post=5366"}],"version-history":[{"count":0,"href":"https:\/\/www.schraml.de\/index.php\/wp-json\/wp\/v2\/pages\/5366\/revisions"}],"wp:attachment":[{"href":"https:\/\/www.schraml.de\/index.php\/wp-json\/wp\/v2\/media?parent=5366"}],"curies":[{"name":"wp","href":"https:\/\/api.w.org\/{rel}","templated":true}]}}