{"id":5215,"date":"2016-02-05T14:49:53","date_gmt":"2016-02-05T13:49:53","guid":{"rendered":"http:\/\/192.168.0.113\/?page_id=5215"},"modified":"2025-11-11T14:19:09","modified_gmt":"2025-11-11T13:19:09","slug":"schraml-gprs-fernwirkloesung","status":"publish","type":"page","link":"https:\/\/www.schraml.de\/index.php\/schraml-gprs-fernwirkloesung\/","title":{"rendered":"Sichere Mobilfunk (4G LTE, LTE-M, NB-IoT) und DSL-Kommunikation"},"content":{"rendered":"<div id='layer_slider_1'  class='avia-layerslider main_color avia-shadow  avia-builder-el-0  el_before_av_section  avia-builder-el-first  container_wrap fullsize'  style='height: 181px; max-width: 1920px; margin: 0 auto;'  ><\/div>\n<div id='av_section_1'  class='avia-section av-ux4zhb-47dc27b0ab438cf0ba942cc1d7d46763 main_color avia-section-default avia-no-shadow  avia-builder-el-1  el_after_av_layerslider  el_before_av_section  avia-bg-style-scroll container_wrap fullsize'  ><div class='container av-section-cont-open' ><div class='template-page content  av-content-full alpha units'><div class='post-entry post-entry-type-page post-entry-5215'><div class='entry-content-wrapper clearfix'>\n\n<style type=\"text\/css\" data-created_by=\"avia_inline_auto\" id=\"style-css-av-tbunnj-eb062369f173da6d46d90f99941f291d\">\n.flex_column.av-tbunnj-eb062369f173da6d46d90f99941f291d{\nborder-radius:0px 0px 0px 0px;\npadding:0px 0px 0px 0px;\n}\n<\/style>\n<div  class='flex_column av-tbunnj-eb062369f173da6d46d90f99941f291d av_one_full  avia-builder-el-2  el_before_av_one_half  avia-builder-el-first  first flex_column_div av-zero-column-padding  '     ><p>\n<style type=\"text\/css\" data-created_by=\"avia_inline_auto\" id=\"style-css-av-2tpt0f-d0309560ec300623890e321ce41407ae\">\n#top .av-special-heading.av-2tpt0f-d0309560ec300623890e321ce41407ae{\npadding-bottom:30px;\n}\nbody .av-special-heading.av-2tpt0f-d0309560ec300623890e321ce41407ae .av-special-heading-tag .heading-char{\nfont-size:25px;\n}\n.av-special-heading.av-2tpt0f-d0309560ec300623890e321ce41407ae .av-subheading{\nfont-size:15px;\n}\n<\/style>\n<div  class='av-special-heading av-2tpt0f-d0309560ec300623890e321ce41407ae av-special-heading-h2 blockquote modern-quote  avia-builder-el-3  el_before_av_textblock  avia-builder-el-first '><h2 class='av-special-heading-tag '  itemprop=\"headline\"  >M2M-Fernwirken \u00fcber Mobilfunk und Internet &#8211; sicher mit der SCHRAML L\u00f6sung<\/h2><div class=\"special-heading-border\"><div class=\"special-heading-inner-border\"><\/div><\/div><\/div><br \/>\n<section  class='av_textblock_section av-pe64tr-d0fa2cf343721bc4ab833c4013a65a88 '   itemscope=\"itemscope\" itemtype=\"https:\/\/schema.org\/CreativeWork\" ><div class='avia_textblock'  itemprop=\"text\" ><p>Die Mobilfunktechnik bietet heute mit 4G LTE sowie den LPWAN M\u00f6glichkeiten via LTE-M und NB-IoT \u00dcbertragungsstandards, die wegen der hohen Netzabdeckung nahezu \u00fcberall zum Einsatz kommen k\u00f6nnen - bei gleichzeitig sehr guter Qualit\u00e4t und Zuverl\u00e4ssigkeit der M2M-Daten\u00fcbertragung. F\u00fcr Wasser- und Abwasserbetriebe sowie Betreiber von Infrastrukturanlagen mit ihren weit verstreuten Stationen schaffen diese \u00dcbertragungswege die ideale Voraussetzung f\u00fcr eine effiziente und fl\u00e4chendeckende Anbindung aller dezentralen Stationen.<\/p>\n<p><strong>IoT-Sicherheits-Gateways blocken f\u00fcr Sie unbefugte Zugriffe und Angriffe ab<\/strong><\/p>\n<p>Die Vernetzung und Machine-to-Machine (M2M)-Kommunikation bieten sehr gro\u00dfe Vorteile und Funktionen in der Anlagen- und Prozess\u00fcberwachung als auch -Steuerung. Zugleich gilt es, die <a href=\"https:\/\/www.schraml.de\/index.php\/schraml-anbindung-zentrale-mip-an-aussenstationen\/\">Risiken der IP-basierten Daten\u00fcbertragung via Mobilfunk oder auch DSL <\/a>zu minimieren oder auch auszuschlie\u00dfen. Um die Mobilfunk- und DSL-Daten\u00fcbertragung von den Fernwirkstationen zum Prozessleitsystem <strong>vor unbefugtem Zugriff<\/strong> zu sch\u00fctzen, hat SCHRAML eine sichere M2M-Fernwirkl\u00f6sung entwickelt. Diese <strong>sch\u00fctzt unsere Kunden schon seit Jahrzehnten auf einfachste aber h\u00f6chst wirksame Weise vor Angriffen aus dem Internet bzw. Mobilfunknetz.<\/strong><\/p>\n<p style=\"text-align: left; margin: 0,85; line-height: 20px;\">\n<\/div><\/section><\/p><\/div>\n<style type=\"text\/css\" data-created_by=\"avia_inline_auto\" id=\"style-css-av-60wr4v-291700a6727c568fc414b279aac74cc3\">\n.flex_column.av-60wr4v-291700a6727c568fc414b279aac74cc3{\nborder-radius:0px 0px 0px 0px;\npadding:0px 0px 0px 0px;\n}\n<\/style>\n<div  class='flex_column av-60wr4v-291700a6727c568fc414b279aac74cc3 av_one_half  avia-builder-el-5  el_after_av_one_full  el_before_av_one_half  first flex_column_div av-zero-column-padding  column-top-margin'     ><style type=\"text\/css\" data-created_by=\"avia_inline_auto\" id=\"style-css-av-khqa57ia-1829e9322c7b4ca96630cdffbe4b4685\">\n.avia-image-container.av-khqa57ia-1829e9322c7b4ca96630cdffbe4b4685 img.avia_image{\nbox-shadow:none;\n}\n.avia-image-container.av-khqa57ia-1829e9322c7b4ca96630cdffbe4b4685 .av-image-caption-overlay-center{\ncolor:#ffffff;\n}\n<\/style>\n<div  class='avia-image-container av-khqa57ia-1829e9322c7b4ca96630cdffbe4b4685 av-styling- avia-align-center  avia-builder-el-6  avia-builder-el-no-sibling '   itemprop=\"image\" itemscope=\"itemscope\" itemtype=\"https:\/\/schema.org\/ImageObject\" ><div class=\"avia-image-container-inner\"><div class=\"avia-image-overlay-wrap\"><img fetchpriority=\"high\" fetchpriority=\"high\" decoding=\"async\" fetchpriority=\"high\" class='wp-image-12480 avia-img-lazy-loading-not-12480 avia_image ' src=\"https:\/\/www.schraml.de\/wp-content\/uploads\/2020\/09\/Fernwirken-Burgtor.png\" alt='' title='Fernwirken-Burgtor'  height=\"215\" width=\"800\"  itemprop=\"thumbnailUrl\" srcset=\"https:\/\/www.schraml.de\/wp-content\/uploads\/2020\/09\/Fernwirken-Burgtor.png 800w, https:\/\/www.schraml.de\/wp-content\/uploads\/2020\/09\/Fernwirken-Burgtor-300x81.png 300w, https:\/\/www.schraml.de\/wp-content\/uploads\/2020\/09\/Fernwirken-Burgtor-768x206.png 768w, https:\/\/www.schraml.de\/wp-content\/uploads\/2020\/09\/Fernwirken-Burgtor-705x189.png 705w\" sizes=\"(max-width: 800px) 100vw, 800px\" \/><\/div><\/div><\/div><\/div>\n<style type=\"text\/css\" data-created_by=\"avia_inline_auto\" id=\"style-css-av-4pn5f3-7f1e67554c53fbc27b829b01741eee9f\">\n.flex_column.av-4pn5f3-7f1e67554c53fbc27b829b01741eee9f{\nborder-radius:0px 0px 0px 0px;\npadding:0px 0px 0px 0px;\n}\n<\/style>\n<div  class='flex_column av-4pn5f3-7f1e67554c53fbc27b829b01741eee9f av_one_half  avia-builder-el-7  el_after_av_one_half  avia-builder-el-last  flex_column_div av-zero-column-padding  column-top-margin'     ><section  class='av_textblock_section av-pe64tr-d0fa2cf343721bc4ab833c4013a65a88 '   itemscope=\"itemscope\" itemtype=\"https:\/\/schema.org\/CreativeWork\" ><div class='avia_textblock'  itemprop=\"text\" ><p><strong>Der Kern dieses Sicherheitskonzepts f\u00fcr die Fernwirktechnik ist simpel und revolution\u00e4r zugleich - wie ein geschlossenes Tor<\/strong><\/p>\n<p>Denn bei unseren Produkten ist in der Zentrale ist <strong>kein offener Port f\u00fcr Datenempfang erforderlich - <\/strong>wie in sonstigen Fernwirk-L\u00f6sungen auf dem Markt \u00fcblich. Bei uns managen die Datenkommunikation zwischen der Zentrale und den LTE\/LPWAN\/DSL Stationen die IoT-Sicherheits-Gateways. Dadurch kann bei einem SCHRAML Fernwirksystem - im Vergleich zu anderen L\u00f6sungen - \"das Zugriffs-Tor f\u00fcrs Internet einfach geschlossen bleiben\". Folglich kann auch keiner rein kommen: <a href=\"https:\/\/www.bsi.bund.de\/DE\/Publikationen\/Lageberichte\/lageberichte_node.html\" target=\"_blank\" rel=\"noopener\">externe Angriffe<\/a> werden auf Ihre Anlage bestm\u00f6glich unterbunden und ein Eindringen von Unbefugten wird weiter verhindert.<\/p>\n<p style=\"text-align: left; margin: 0,85; line-height: 20px;\">\n<\/div><\/section><\/div><\/div><\/div><\/div><!-- close content main div --><\/div><\/div><div id='av_section_2'  class='avia-section av-l4jvbj-36a748f7319608dc2e480eb00081b44a main_color avia-section-default avia-no-shadow  avia-builder-el-9  el_after_av_section  el_before_av_section  avia-bg-style-scroll container_wrap fullsize'  ><div class='container av-section-cont-open' ><div class='template-page content  av-content-full alpha units'><div class='post-entry post-entry-type-page post-entry-5215'><div class='entry-content-wrapper clearfix'>\n\n<style type=\"text\/css\" data-created_by=\"avia_inline_auto\" id=\"style-css-av-kdyxnndm-08cd4dc3771c346ca61af0a4f43ab275\">\n#top .av-special-heading.av-kdyxnndm-08cd4dc3771c346ca61af0a4f43ab275{\npadding-bottom:10px;\n}\nbody .av-special-heading.av-kdyxnndm-08cd4dc3771c346ca61af0a4f43ab275 .av-special-heading-tag .heading-char{\nfont-size:25px;\n}\n.av-special-heading.av-kdyxnndm-08cd4dc3771c346ca61af0a4f43ab275 .av-subheading{\nfont-size:15px;\n}\n<\/style>\n<div  class='av-special-heading av-kdyxnndm-08cd4dc3771c346ca61af0a4f43ab275 av-special-heading-h2 blockquote modern-quote  avia-builder-el-10  el_before_av_one_half  avia-builder-el-first '><h2 class='av-special-heading-tag '  itemprop=\"headline\"  >Von diesen Vorteilen profitieren Sie automatisch bei SCHRAML Fernwirktechnik<\/h2><div class=\"special-heading-border\"><div class=\"special-heading-inner-border\"><\/div><\/div><\/div>\n\n<style type=\"text\/css\" data-created_by=\"avia_inline_auto\" id=\"style-css-av-hx74v3-6add5762621b1d389b3da4cd48950833\">\n.flex_column.av-hx74v3-6add5762621b1d389b3da4cd48950833{\nborder-radius:0px 0px 0px 0px;\npadding:0px 0px 0px 0px;\n}\n<\/style>\n<div  class='flex_column av-hx74v3-6add5762621b1d389b3da4cd48950833 av_one_half  avia-builder-el-11  el_after_av_heading  el_before_av_one_half  first flex_column_div av-zero-column-padding  '     ><section  class='av_textblock_section av-gcybcf-f8e824e163beea4e16c7a5d9f6c23de2 '   itemscope=\"itemscope\" itemtype=\"https:\/\/schema.org\/CreativeWork\" ><div class='avia_textblock'  itemprop=\"text\" ><p><img decoding=\"async\" src=\"\/wp-content\/uploads\/2015\/12\/Dreieck-gelb.png\" alt=\"\" \/> Sehr hohe IT-Sicherheit in der Zentrale, da keine Portfreigabe f\u00fcr eingehende M2M-Verbindungen erforderlich ist (\"geschlossenes Tor\")<\/p>\n<p><img decoding=\"async\" src=\"\/wp-content\/uploads\/2015\/12\/Dreieck-gelb.png\" alt=\"\" \/> Keine Umsetzung und Konfiguration eines VPN-Netzes notwendig<\/p>\n<p><img decoding=\"async\" src=\"\/wp-content\/uploads\/2015\/12\/Dreieck-gelb.png\" alt=\"\" \/> Keine teuren Vertr\u00e4ge mit fester IP-Adresse in der Zentrale notwendig<\/p>\n<p><img decoding=\"async\" src=\"\/wp-content\/uploads\/2015\/12\/Dreieck-gelb.png\" alt=\"\" \/> Sichere und normkonforme Daten\u00fcbertragung nach IEC 60870-5<\/p>\n<p><img decoding=\"async\" src=\"\/wp-content\/uploads\/2015\/12\/Dreieck-gelb.png\" alt=\"\" \/> Redundante SCHRAML IoT-Sicherheits-Gateways f\u00fcr hohe Ausfallsicherheit<\/p>\n<\/div><\/section><\/div>\n<style type=\"text\/css\" data-created_by=\"avia_inline_auto\" id=\"style-css-av-1dbnrz-65d3b91ada6d2420edb6b33443205d3b\">\n.flex_column.av-1dbnrz-65d3b91ada6d2420edb6b33443205d3b{\nborder-radius:0px 0px 0px 0px;\npadding:0px 0px 0px 0px;\n}\n<\/style>\n<div  class='flex_column av-1dbnrz-65d3b91ada6d2420edb6b33443205d3b av_one_half  avia-builder-el-13  el_after_av_one_half  avia-builder-el-last  flex_column_div av-zero-column-padding  '     ><section  class='av_textblock_section av-c7wvhb-1ffab3dd9466452b0c6b48a8799d0420 '   itemscope=\"itemscope\" itemtype=\"https:\/\/schema.org\/CreativeWork\" ><div class='avia_textblock'  itemprop=\"text\" ><p><img decoding=\"async\" src=\"\/wp-content\/uploads\/2015\/12\/Dreieck-gelb.png\" alt=\"\" \/> Hohe IT-Sicherheit \"trotz\" Nutzung kosteng\u00fcnstiger Standard-M2M-Tarifen und\/oder Roaming-SIM-Karten<\/p>\n<p><img decoding=\"async\" src=\"\/wp-content\/uploads\/2015\/12\/Dreieck-gelb.png\" alt=\"\" \/> Ereignisorientierte und zeitzyklische Daten\u00fcbertragung f\u00fcr maximale \u00dcberwachungssicherheit<\/p>\n<p><img decoding=\"async\" src=\"\/wp-content\/uploads\/2015\/12\/Dreieck-gelb.png\" alt=\"\" \/> Hilfreiche Analysem\u00f6glichkeiten der Datenkommunikation durch SCHRAML Systemintegratoren , z.B. zur Fehleranalyse bei Mobilfunknetzproblemen<\/p>\n<\/div><\/section><\/div>\n<\/p>\n<\/div><\/div><\/div><!-- close content main div --><\/div><\/div>\n<style type=\"text\/css\" data-created_by=\"avia_inline_auto\" id=\"style-css-av-atjlpb-e8b469463158cc679e43332bd53a08dd\">\n.avia-section.av-atjlpb-e8b469463158cc679e43332bd53a08dd{\nbackground-color:#edf0f4;\nbackground-image:unset;\n}\n<\/style>\n<div id='av_section_3'  class='avia-section av-atjlpb-e8b469463158cc679e43332bd53a08dd main_color avia-section-default avia-no-shadow  avia-builder-el-15  el_after_av_section  avia-builder-el-last  avia-bg-style-scroll container_wrap fullsize'  ><div class='container av-section-cont-open' ><div class='template-page content  av-content-full alpha units'><div class='post-entry post-entry-type-page post-entry-5215'><div class='entry-content-wrapper clearfix'>\n\n<style type=\"text\/css\" data-created_by=\"avia_inline_auto\" id=\"style-css-av-9kb35r-7200f0aaae561c647f7795c94c17a3f6\">\n#top .av-special-heading.av-9kb35r-7200f0aaae561c647f7795c94c17a3f6{\npadding-bottom:10px;\n}\nbody .av-special-heading.av-9kb35r-7200f0aaae561c647f7795c94c17a3f6 .av-special-heading-tag .heading-char{\nfont-size:25px;\n}\n.av-special-heading.av-9kb35r-7200f0aaae561c647f7795c94c17a3f6 .av-subheading{\nfont-size:15px;\n}\n<\/style>\n<div  class='av-special-heading av-9kb35r-7200f0aaae561c647f7795c94c17a3f6 av-special-heading-h3 blockquote modern-quote  avia-builder-el-16  el_before_av_one_half  avia-builder-el-first '><h3 class='av-special-heading-tag '  itemprop=\"headline\"  >K\u00f6nnen wir Ihnen helfen?<\/h3><div class=\"special-heading-border\"><div class=\"special-heading-inner-border\"><\/div><\/div><\/div>\n\n<style type=\"text\/css\" data-created_by=\"avia_inline_auto\" id=\"style-css-av-84qb0v-80d89e8b1bfb33e133c409e0623f8f8e\">\n.flex_column.av-84qb0v-80d89e8b1bfb33e133c409e0623f8f8e{\nborder-radius:0px 0px 0px 0px;\npadding:0px 0px 0px 0px;\n}\n<\/style>\n<div  class='flex_column av-84qb0v-80d89e8b1bfb33e133c409e0623f8f8e av_one_half  avia-builder-el-17  el_after_av_heading  el_before_av_one_half  first flex_column_div av-zero-column-padding  '     ><style type=\"text\/css\" data-created_by=\"avia_inline_auto\" id=\"style-css-av-66ovf3-6ae8e00652aecaf983340f1a5d4b1ce5\">\n.iconbox.av-66ovf3-6ae8e00652aecaf983340f1a5d4b1ce5 .iconbox_icon{\nbackground-color:#587ca1;\nborder:1px solid #587ca1;\ncolor:#ffffff;\n}\n.iconbox.av-66ovf3-6ae8e00652aecaf983340f1a5d4b1ce5 .iconbox_icon.avia-svg-icon svg:first-child{\nfill:#ffffff;\nstroke:#ffffff;\n}\n#top #wrap_all .iconbox.av-66ovf3-6ae8e00652aecaf983340f1a5d4b1ce5 .iconbox_content_title{\ncolor:#0a0000;\n}\n<\/style>\n<article  class='iconbox iconbox_top av-66ovf3-6ae8e00652aecaf983340f1a5d4b1ce5  avia-builder-el-18  avia-builder-el-no-sibling  main_color'  itemscope=\"itemscope\" itemtype=\"https:\/\/schema.org\/CreativeWork\" ><div class=\"iconbox_content\"><header class=\"entry-content-header\" aria-label=\"Icon: \"><div class='iconbox_icon heading-color avia-iconfont avia-font-entypo-fontello' data-av_icon='\ue854' data-av_iconfont='entypo-fontello'  ><\/div><\/header><div class='iconbox_content_container '  itemprop=\"text\" ><p style=\"text-align: center;\">Wir beraten Sie gerne bei der Auswahl des f\u00fcr Sie passenden Systems unter der<\/p>\n<h4 style=\"text-align: center;\"><a href=\"tel:+49806270710\">08062 70 71-0<\/a><\/h4>\n<\/div><\/div><footer class=\"entry-footer\"><\/footer><\/article><\/div>\n<style type=\"text\/css\" data-created_by=\"avia_inline_auto\" id=\"style-css-av-4fus8f-03322585d83472abdc396fcfec76d19f\">\n.flex_column.av-4fus8f-03322585d83472abdc396fcfec76d19f{\nborder-radius:0px 0px 0px 0px;\npadding:0px 0px 0px 0px;\n}\n<\/style>\n<div  class='flex_column av-4fus8f-03322585d83472abdc396fcfec76d19f av_one_half  avia-builder-el-19  el_after_av_one_half  avia-builder-el-last  flex_column_div av-zero-column-padding  '     ><style type=\"text\/css\" data-created_by=\"avia_inline_auto\" id=\"style-css-av-2i4pkv-077c3a678d21974d5c5fa70a9387295e\">\n.iconbox.av-2i4pkv-077c3a678d21974d5c5fa70a9387295e .iconbox_icon{\nbackground-color:#587ca1;\nborder:1px solid #587ca1;\ncolor:#ffffff;\n}\n.iconbox.av-2i4pkv-077c3a678d21974d5c5fa70a9387295e .iconbox_icon.avia-svg-icon svg:first-child{\nfill:#ffffff;\nstroke:#ffffff;\n}\n#top #wrap_all .iconbox.av-2i4pkv-077c3a678d21974d5c5fa70a9387295e .iconbox_content_title{\ncolor:#0a0000;\n}\n<\/style>\n<article  class='iconbox iconbox_top av-2i4pkv-077c3a678d21974d5c5fa70a9387295e  avia-builder-el-20  avia-builder-el-no-sibling  main_color'  itemscope=\"itemscope\" itemtype=\"https:\/\/schema.org\/CreativeWork\" ><div class=\"iconbox_content\"><header class=\"entry-content-header\" aria-label=\"Icon: \"><div class='iconbox_icon heading-color avia-iconfont avia-font-entypo-fontello' data-av_icon='\ue805' data-av_iconfont='entypo-fontello'  ><\/div><\/header><div class='iconbox_content_container '  itemprop=\"text\" ><p style=\"text-align: center;\">Oder schreiben Sie uns eine E-Mail mit Ihrem Anliegen - wir antworten umgehend !<\/p>\n<h4 style=\"text-align: center;\"><a href=\"mailto:beratung@schraml.de\">beratung@schraml.de<\/a><\/h4>\n<\/div><\/div><footer class=\"entry-footer\"><\/footer><\/article><\/div>\n\n","protected":false},"excerpt":{"rendered":"","protected":false},"author":10,"featured_media":0,"parent":0,"menu_order":0,"comment_status":"closed","ping_status":"closed","template":"","meta":{"om_disable_all_campaigns":false,"_uf_show_specific_survey":0,"_uf_disable_surveys":false,"footnotes":""},"class_list":["post-5215","page","type-page","status-publish","hentry"],"yoast_head":"<!-- This site is optimized with the Yoast SEO plugin v27.4 - https:\/\/yoast.com\/product\/yoast-seo-wordpress\/ -->\n<title>Sichere Mobilfunk (4G LTE, LTE-M, NB-IoT) und DSL-Kommunikation - SCHRAML Prozessleit- und Fernwirktechnik<\/title>\n<meta name=\"description\" content=\"Die SCHRAML Fernwirkl\u00f6sung f\u00fcr LTE, GPRS &amp; DSL Verbindungen bietet einen hochwirksamen Schutz vor Angriffen aus dem Internet und Mobilfunknetz\" \/>\n<meta name=\"robots\" content=\"index, follow, max-snippet:-1, max-image-preview:large, max-video-preview:-1\" \/>\n<link rel=\"canonical\" href=\"https:\/\/www.schraml.de\/index.php\/schraml-gprs-fernwirkloesung\/\" \/>\n<meta property=\"og:locale\" content=\"de_DE\" \/>\n<meta property=\"og:type\" content=\"article\" \/>\n<meta property=\"og:title\" content=\"Sichere Mobilfunk (4G LTE, LTE-M, NB-IoT) und DSL-Kommunikation - SCHRAML Prozessleit- und Fernwirktechnik\" \/>\n<meta property=\"og:description\" content=\"Die SCHRAML Fernwirkl\u00f6sung f\u00fcr LTE, GPRS &amp; DSL Verbindungen bietet einen hochwirksamen Schutz vor Angriffen aus dem Internet und Mobilfunknetz\" \/>\n<meta property=\"og:url\" content=\"https:\/\/www.schraml.de\/index.php\/schraml-gprs-fernwirkloesung\/\" \/>\n<meta property=\"og:site_name\" content=\"SCHRAML Prozessleit- und Fernwirktechnik\" \/>\n<meta property=\"article:modified_time\" content=\"2025-11-11T13:19:09+00:00\" \/>\n<meta name=\"twitter:card\" content=\"summary_large_image\" \/>\n<meta name=\"twitter:label1\" content=\"Gesch\u00e4tzte Lesezeit\" \/>\n\t<meta name=\"twitter:data1\" content=\"5\u00a0Minuten\" \/>\n<!-- \/ Yoast SEO plugin. -->","yoast_head_json":{"title":"Sichere Mobilfunk (4G LTE, LTE-M, NB-IoT) und DSL-Kommunikation - SCHRAML Prozessleit- und Fernwirktechnik","description":"Die SCHRAML Fernwirkl\u00f6sung f\u00fcr LTE, GPRS & DSL Verbindungen bietet einen hochwirksamen Schutz vor Angriffen aus dem Internet und Mobilfunknetz","robots":{"index":"index","follow":"follow","max-snippet":"max-snippet:-1","max-image-preview":"max-image-preview:large","max-video-preview":"max-video-preview:-1"},"canonical":"https:\/\/www.schraml.de\/index.php\/schraml-gprs-fernwirkloesung\/","og_locale":"de_DE","og_type":"article","og_title":"Sichere Mobilfunk (4G LTE, LTE-M, NB-IoT) und DSL-Kommunikation - SCHRAML Prozessleit- und Fernwirktechnik","og_description":"Die SCHRAML Fernwirkl\u00f6sung f\u00fcr LTE, GPRS & DSL Verbindungen bietet einen hochwirksamen Schutz vor Angriffen aus dem Internet und Mobilfunknetz","og_url":"https:\/\/www.schraml.de\/index.php\/schraml-gprs-fernwirkloesung\/","og_site_name":"SCHRAML Prozessleit- und Fernwirktechnik","article_modified_time":"2025-11-11T13:19:09+00:00","twitter_card":"summary_large_image","twitter_misc":{"Gesch\u00e4tzte Lesezeit":"5\u00a0Minuten"},"schema":{"@context":"https:\/\/schema.org","@graph":[{"@type":"WebPage","@id":"https:\/\/www.schraml.de\/index.php\/schraml-gprs-fernwirkloesung\/","url":"https:\/\/www.schraml.de\/index.php\/schraml-gprs-fernwirkloesung\/","name":"Sichere Mobilfunk (4G LTE, LTE-M, NB-IoT) und DSL-Kommunikation - SCHRAML Prozessleit- und Fernwirktechnik","isPartOf":{"@id":"https:\/\/www.schraml.de\/#website"},"datePublished":"2016-02-05T13:49:53+00:00","dateModified":"2025-11-11T13:19:09+00:00","description":"Die SCHRAML Fernwirkl\u00f6sung f\u00fcr LTE, GPRS & DSL Verbindungen bietet einen hochwirksamen Schutz vor Angriffen aus dem Internet und Mobilfunknetz","breadcrumb":{"@id":"https:\/\/www.schraml.de\/index.php\/schraml-gprs-fernwirkloesung\/#breadcrumb"},"inLanguage":"de","potentialAction":[{"@type":"ReadAction","target":["https:\/\/www.schraml.de\/index.php\/schraml-gprs-fernwirkloesung\/"]}]},{"@type":"BreadcrumbList","@id":"https:\/\/www.schraml.de\/index.php\/schraml-gprs-fernwirkloesung\/#breadcrumb","itemListElement":[{"@type":"ListItem","position":1,"name":"Startseite","item":"https:\/\/www.schraml.de\/"},{"@type":"ListItem","position":2,"name":"Sichere Mobilfunk (4G LTE, LTE-M, NB-IoT) und DSL-Kommunikation"}]},{"@type":"WebSite","@id":"https:\/\/www.schraml.de\/#website","url":"https:\/\/www.schraml.de\/","name":"SCHRAML Prozessleit- und Fernwirktechnik","description":"Prozessleit-, Fernwirk- und Automatisierungstechnik f\u00fcr intelligentes Wassermanagement","publisher":{"@id":"https:\/\/www.schraml.de\/#organization"},"potentialAction":[{"@type":"SearchAction","target":{"@type":"EntryPoint","urlTemplate":"https:\/\/www.schraml.de\/?s={search_term_string}"},"query-input":{"@type":"PropertyValueSpecification","valueRequired":true,"valueName":"search_term_string"}}],"inLanguage":"de"},{"@type":"Organization","@id":"https:\/\/www.schraml.de\/#organization","name":"SCHRAML GmbH","url":"https:\/\/www.schraml.de\/","logo":{"@type":"ImageObject","inLanguage":"de","@id":"https:\/\/www.schraml.de\/#\/schema\/logo\/image\/","url":"https:\/\/www.schraml.de\/wp-content\/uploads\/2016\/06\/SCHRAML-Logo.png","contentUrl":"https:\/\/www.schraml.de\/wp-content\/uploads\/2016\/06\/SCHRAML-Logo.png","width":512,"height":148,"caption":"SCHRAML GmbH"},"image":{"@id":"https:\/\/www.schraml.de\/#\/schema\/logo\/image\/"},"sameAs":["https:\/\/www.linkedin.com\/company\/schraml-gmbh","https:\/\/www.youtube.com\/channel\/UClSE-NVUQx_Cvs6hDnImkWg"]}]}},"_links":{"self":[{"href":"https:\/\/www.schraml.de\/index.php\/wp-json\/wp\/v2\/pages\/5215","targetHints":{"allow":["GET"]}}],"collection":[{"href":"https:\/\/www.schraml.de\/index.php\/wp-json\/wp\/v2\/pages"}],"about":[{"href":"https:\/\/www.schraml.de\/index.php\/wp-json\/wp\/v2\/types\/page"}],"author":[{"embeddable":true,"href":"https:\/\/www.schraml.de\/index.php\/wp-json\/wp\/v2\/users\/10"}],"replies":[{"embeddable":true,"href":"https:\/\/www.schraml.de\/index.php\/wp-json\/wp\/v2\/comments?post=5215"}],"version-history":[{"count":3,"href":"https:\/\/www.schraml.de\/index.php\/wp-json\/wp\/v2\/pages\/5215\/revisions"}],"predecessor-version":[{"id":24959,"href":"https:\/\/www.schraml.de\/index.php\/wp-json\/wp\/v2\/pages\/5215\/revisions\/24959"}],"wp:attachment":[{"href":"https:\/\/www.schraml.de\/index.php\/wp-json\/wp\/v2\/media?parent=5215"}],"curies":[{"name":"wp","href":"https:\/\/api.w.org\/{rel}","templated":true}]}}