{"id":16978,"date":"2023-03-23T15:47:01","date_gmt":"2023-03-23T14:47:01","guid":{"rendered":"https:\/\/www.schraml.de\/?page_id=16978"},"modified":"2025-07-15T15:53:46","modified_gmt":"2025-07-15T13:53:46","slug":"kontakt","status":"publish","type":"page","link":"https:\/\/www.schraml.de\/index.php\/kontakt\/","title":{"rendered":"Kontakt"},"content":{"rendered":"<div id='layer_slider_1'  class='avia-layerslider main_color avia-shadow  avia-builder-el-0  el_before_av_section  avia-builder-el-first  container_wrap fullsize'  style='height: 351px; max-width: 1920px; margin: 0 auto;'  ><\/div>\n<div id='av_section_1'  class='avia-section av-lfl0k8gq-596be84508f038b7b5166dafcd7e1bc2 main_color avia-section-default avia-no-border-styling  avia-builder-el-1  el_after_av_layerslider  avia-builder-el-last  avia-bg-style-scroll container_wrap fullsize'  ><div class='container av-section-cont-open' ><div class='template-page content  av-content-full alpha units'><div class='post-entry post-entry-type-page post-entry-16978'><div class='entry-content-wrapper clearfix'>\n<section  class='av_textblock_section av-arbo8r6-868eac79083814c79da220165e1443dc '   itemscope=\"itemscope\" itemtype=\"https:\/\/schema.org\/CreativeWork\" ><div class='avia_textblock'  itemprop=\"text\" ><h1>So erreichen Sie uns:<\/h1>\n<\/div><\/section>\n<div class='flex_column_table av-2r2yfg2-f448700ee2ad80a7b7badf4591c8e836 sc-av_one_fourth av-equal-height-column-flextable'>\n<style type=\"text\/css\" data-created_by=\"avia_inline_auto\" id=\"style-css-av-2r2yfg2-f448700ee2ad80a7b7badf4591c8e836\">\n.flex_column.av-2r2yfg2-f448700ee2ad80a7b7badf4591c8e836{\npadding:30px 30px 30px 30px;\nbackground-color:#edf0f4;\n}\n<\/style>\n<div  class='flex_column av-2r2yfg2-f448700ee2ad80a7b7badf4591c8e836 av_one_fourth  avia-builder-el-3  el_after_av_textblock  el_before_av_one_fourth  first flex_column_table_cell av-equal-height-column av-align-top  column-top-margin'     ><p>\n<style type=\"text\/css\" data-created_by=\"avia_inline_auto\" id=\"style-css-av-lfl3r824-c92a7fac4b82996b7eb7d744f0f23a66\">\n.avia-image-container.av-lfl3r824-c92a7fac4b82996b7eb7d744f0f23a66 img.avia_image{\nbox-shadow:none;\n}\n.avia-image-container.av-lfl3r824-c92a7fac4b82996b7eb7d744f0f23a66 .av-image-caption-overlay-center{\ncolor:#ffffff;\n}\n<\/style>\n<div  class='avia-image-container av-lfl3r824-c92a7fac4b82996b7eb7d744f0f23a66 av-styling- avia-align-center  avia-builder-el-4  el_before_av_hr  avia-builder-el-first '   itemprop=\"image\" itemscope=\"itemscope\" itemtype=\"https:\/\/schema.org\/ImageObject\" ><div class=\"avia-image-container-inner\"><div class=\"avia-image-overlay-wrap\"><img fetchpriority=\"high\" fetchpriority=\"high\" decoding=\"async\" fetchpriority=\"high\" class='wp-image-17014 avia-img-lazy-loading-not-17014 avia_image ' src=\"https:\/\/www.schraml.de\/wp-content\/uploads\/2023\/03\/call-1.png\" alt='' title='call'  height=\"75\" width=\"75\"  itemprop=\"thumbnailUrl\" srcset=\"https:\/\/www.schraml.de\/wp-content\/uploads\/2023\/03\/call-1.png 75w, https:\/\/www.schraml.de\/wp-content\/uploads\/2023\/03\/call-1-36x36.png 36w\" sizes=\"(max-width: 75px) 100vw, 75px\" \/><\/div><\/div><\/div><br \/>\n\n<style type=\"text\/css\" data-created_by=\"avia_inline_auto\" id=\"style-css-av-lfl3z0bq-ae20a58a22e1c271167aa368ce245713\">\n#top .hr.hr-invisible.av-lfl3z0bq-ae20a58a22e1c271167aa368ce245713{\nheight:10px;\n}\n<\/style>\n<div  class='hr av-lfl3z0bq-ae20a58a22e1c271167aa368ce245713 hr-invisible  avia-builder-el-5  el_after_av_image  el_before_av_textblock '><span class='hr-inner '><span class=\"hr-inner-style\"><\/span><\/span><\/div><br \/>\n<section  class='av_textblock_section av-lfl3s1vu-a9d9b79e22e536a3b86ef270f4afb563 '   itemscope=\"itemscope\" itemtype=\"https:\/\/schema.org\/CreativeWork\" ><div class='avia_textblock'  itemprop=\"text\" ><p><strong>Tel. 08062 70 71 0<\/strong><\/p>\n<\/div><\/section><\/p><\/div><div class='av-flex-placeholder'><\/div>\n<style type=\"text\/css\" data-created_by=\"avia_inline_auto\" id=\"style-css-av-lfl6dwp3-ae9261af66c61d5ba61f699d94a3318e\">\n.flex_column.av-lfl6dwp3-ae9261af66c61d5ba61f699d94a3318e{\nborder-radius:0 0 0 0;\npadding:30px 30px 30px 30px;\nbackground-color:#edf0f4;\n}\n<\/style>\n<div  class='flex_column av-lfl6dwp3-ae9261af66c61d5ba61f699d94a3318e av_one_fourth  avia-builder-el-7  el_after_av_one_fourth  el_before_av_one_fourth  flex_column_table_cell av-equal-height-column av-align-top  column-top-margin'     ><p>\n<style type=\"text\/css\" data-created_by=\"avia_inline_auto\" id=\"style-css-av-lfl3se40-213b5207813b1d38dbcd22ffba82db5a\">\n.avia-image-container.av-lfl3se40-213b5207813b1d38dbcd22ffba82db5a img.avia_image{\nbox-shadow:none;\n}\n.avia-image-container.av-lfl3se40-213b5207813b1d38dbcd22ffba82db5a .av-image-caption-overlay-center{\ncolor:#ffffff;\n}\n<\/style>\n<div  class='avia-image-container av-lfl3se40-213b5207813b1d38dbcd22ffba82db5a av-styling- avia-align-center  avia-builder-el-8  el_before_av_hr  avia-builder-el-first '   itemprop=\"image\" itemscope=\"itemscope\" itemtype=\"https:\/\/schema.org\/ImageObject\" ><div class=\"avia-image-container-inner\"><div class=\"avia-image-overlay-wrap\"><img fetchpriority=\"high\" fetchpriority=\"high\" decoding=\"async\" fetchpriority=\"high\" class='wp-image-17016 avia-img-lazy-loading-not-17016 avia_image ' src=\"https:\/\/www.schraml.de\/wp-content\/uploads\/2023\/03\/mail-1.png\" alt='' title='mail'  height=\"75\" width=\"75\"  itemprop=\"thumbnailUrl\" srcset=\"https:\/\/www.schraml.de\/wp-content\/uploads\/2023\/03\/mail-1.png 75w, https:\/\/www.schraml.de\/wp-content\/uploads\/2023\/03\/mail-1-36x36.png 36w\" sizes=\"(max-width: 75px) 100vw, 75px\" \/><\/div><\/div><\/div><br \/>\n\n<style type=\"text\/css\" data-created_by=\"avia_inline_auto\" id=\"style-css-av-2ezuuk2-b1d1e28ca7576ea1225ab0c6c9522838\">\n#top .hr.hr-invisible.av-2ezuuk2-b1d1e28ca7576ea1225ab0c6c9522838{\nheight:10px;\n}\n<\/style>\n<div  class='hr av-2ezuuk2-b1d1e28ca7576ea1225ab0c6c9522838 hr-invisible  avia-builder-el-9  el_after_av_image  el_before_av_textblock '><span class='hr-inner '><span class=\"hr-inner-style\"><\/span><\/span><\/div><br \/>\n<section  class='av_textblock_section av-lfl6nqro-20b7330da6f4c6bd859ba8b10855830c '   itemscope=\"itemscope\" itemtype=\"https:\/\/schema.org\/CreativeWork\" ><div class='avia_textblock'  itemprop=\"text\" ><p style=\"text-align: left;\"><a href=\"mailto:info@schraml.de\" target=\"_blank\" rel=\"noopener\"><strong>info@schraml.de<\/strong><\/a><\/p>\n<\/div><\/section><br \/>\n<section  class='av_textblock_section av-lfl3uh5m-8b691512b25fa605308ab8c1d8043afa '   itemscope=\"itemscope\" itemtype=\"https:\/\/schema.org\/CreativeWork\" ><div class='avia_textblock'  itemprop=\"text\" ><p style=\"text-align: left;\"><strong>Technische Fragen: <a href=\"mailto:support@schraml.de\" target=\"_blank\" rel=\"noopener\">support@schraml.de<\/a><\/strong><\/p>\n<\/div><\/section><br \/>\n<section  class='av_textblock_section av-lfl3v4v1-d39dc9da429b97650fcae6395a7574e1 '   itemscope=\"itemscope\" itemtype=\"https:\/\/schema.org\/CreativeWork\" ><div class='avia_textblock'  itemprop=\"text\" ><p style=\"text-align: left;\"><strong>Karriere | Jobs | Bewerbungen: <a href=\"mailto:zukunft@schraml.de\" target=\"_blank\" rel=\"noopener\">zukunft@schraml.de<\/a><\/strong><\/p>\n<\/div><\/section><\/p><\/div><div class='av-flex-placeholder'><\/div>\n<style type=\"text\/css\" data-created_by=\"avia_inline_auto\" id=\"style-css-av-1imnej6-69ad184eafb54cf9b0cd3130342215d3\">\n.flex_column.av-1imnej6-69ad184eafb54cf9b0cd3130342215d3{\npadding:30px 30px 30px 30px;\nbackground-color:#edf0f4;\n}\n<\/style>\n<div  class='flex_column av-1imnej6-69ad184eafb54cf9b0cd3130342215d3 av_one_fourth  avia-builder-el-13  el_after_av_one_fourth  el_before_av_one_fourth  flex_column_table_cell av-equal-height-column av-align-top  column-top-margin'     ><p>\n<style type=\"text\/css\" data-created_by=\"avia_inline_auto\" id=\"style-css-av-maxvh8ft-743f4cfe304394e12c84d87a3b60e2ed\">\n.avia-image-container.av-maxvh8ft-743f4cfe304394e12c84d87a3b60e2ed img.avia_image{\nbox-shadow:none;\n}\n.avia-image-container.av-maxvh8ft-743f4cfe304394e12c84d87a3b60e2ed .av-image-caption-overlay-center{\ncolor:#ffffff;\n}\n<\/style>\n<div  class='avia-image-container av-maxvh8ft-743f4cfe304394e12c84d87a3b60e2ed av-styling- avia-align-center  avia-builder-el-14  el_before_av_hr  avia-builder-el-first '   itemprop=\"image\" itemscope=\"itemscope\" itemtype=\"https:\/\/schema.org\/ImageObject\" ><div class=\"avia-image-container-inner\"><div class=\"avia-image-overlay-wrap\"><img fetchpriority=\"high\" fetchpriority=\"high\" decoding=\"async\" fetchpriority=\"high\" class='wp-image-23523 avia-img-lazy-loading-not-23523 avia_image ' src=\"https:\/\/www.schraml.de\/wp-content\/uploads\/2025\/05\/offer-2.png\" alt='' title='offer'  height=\"75\" width=\"75\"  itemprop=\"thumbnailUrl\" srcset=\"https:\/\/www.schraml.de\/wp-content\/uploads\/2025\/05\/offer-2.png 75w, https:\/\/www.schraml.de\/wp-content\/uploads\/2025\/05\/offer-2-36x36.png 36w\" sizes=\"(max-width: 75px) 100vw, 75px\" \/><\/div><\/div><\/div><br \/>\n\n<style type=\"text\/css\" data-created_by=\"avia_inline_auto\" id=\"style-css-av-125ryc2-8a39b5ef3710c70afc7e87a9e7d113a8\">\n#top .hr.hr-invisible.av-125ryc2-8a39b5ef3710c70afc7e87a9e7d113a8{\nheight:10px;\n}\n<\/style>\n<div  class='hr av-125ryc2-8a39b5ef3710c70afc7e87a9e7d113a8 hr-invisible  avia-builder-el-15  el_after_av_image  el_before_av_textblock '><span class='hr-inner '><span class=\"hr-inner-style\"><\/span><\/span><\/div><br \/>\n<section  class='av_textblock_section av-qm33rm-084a1bf22f8491091c8710e62c618f58 '   itemscope=\"itemscope\" itemtype=\"https:\/\/schema.org\/CreativeWork\" ><div class='avia_textblock'  itemprop=\"text\" ><p>Buchen Sie ein unverbindliches Beratungsespr\u00e4ch zu unseren SCHRAML L\u00f6sungen!<\/p>\n<\/div><\/section><br \/>\n<div  class='avia-button-wrap av-mcxdx8r8-3f9ff177fb629787204c143dc514c280-wrap avia-button-center  avia-builder-el-17  el_after_av_textblock  avia-builder-el-last '><a href='https:\/\/outlook.office.com\/book\/SCHRAML1@schraml.de\/?ismsaljsauthenabled'  class='avia-button av-mcxdx8r8-3f9ff177fb629787204c143dc514c280 av-link-btn avia-icon_select-no avia-size-medium avia-position-center avia-color-theme-color'   aria-label=\"Zur Terminbuchung\"><span class='avia_iconbox_title' >Zur Terminbuchung<\/span><\/a><\/div><\/p><\/div><div class='av-flex-placeholder'><\/div>\n<style type=\"text\/css\" data-created_by=\"avia_inline_auto\" id=\"style-css-av-2ajp8tu-fceeaf905a5a7e5a35d899aa201286db\">\n.flex_column.av-2ajp8tu-fceeaf905a5a7e5a35d899aa201286db{\npadding:30px 30px 30px 30px;\nbackground-color:#edf0f4;\n}\n<\/style>\n<div  class='flex_column av-2ajp8tu-fceeaf905a5a7e5a35d899aa201286db av_one_fourth  avia-builder-el-18  el_after_av_one_fourth  el_before_av_hr  flex_column_table_cell av-equal-height-column av-align-top  column-top-margin'     ><p>\n<style type=\"text\/css\" data-created_by=\"avia_inline_auto\" id=\"style-css-av-1ncmnqq-ee050a5e60b05faf6b18a259a70b001f\">\n.avia-image-container.av-1ncmnqq-ee050a5e60b05faf6b18a259a70b001f img.avia_image{\nbox-shadow:none;\n}\n.avia-image-container.av-1ncmnqq-ee050a5e60b05faf6b18a259a70b001f .av-image-caption-overlay-center{\ncolor:#ffffff;\n}\n<\/style>\n<div  class='avia-image-container av-1ncmnqq-ee050a5e60b05faf6b18a259a70b001f av-styling- avia-align-center  avia-builder-el-19  el_before_av_hr  avia-builder-el-first '   itemprop=\"image\" itemscope=\"itemscope\" itemtype=\"https:\/\/schema.org\/ImageObject\" ><div class=\"avia-image-container-inner\"><div class=\"avia-image-overlay-wrap\"><img fetchpriority=\"high\" fetchpriority=\"high\" decoding=\"async\" fetchpriority=\"high\" class='wp-image-17015 avia-img-lazy-loading-not-17015 avia_image ' src=\"https:\/\/www.schraml.de\/wp-content\/uploads\/2023\/03\/location-1.png\" alt='' title='location'  height=\"75\" width=\"75\"  itemprop=\"thumbnailUrl\" srcset=\"https:\/\/www.schraml.de\/wp-content\/uploads\/2023\/03\/location-1.png 75w, https:\/\/www.schraml.de\/wp-content\/uploads\/2023\/03\/location-1-36x36.png 36w\" sizes=\"(max-width: 75px) 100vw, 75px\" \/><\/div><\/div><\/div><br \/>\n\n<style type=\"text\/css\" data-created_by=\"avia_inline_auto\" id=\"style-css-av-1c3ar3m-2560bac3dbaf2ae92454095272e24763\">\n#top .hr.hr-invisible.av-1c3ar3m-2560bac3dbaf2ae92454095272e24763{\nheight:10px;\n}\n<\/style>\n<div  class='hr av-1c3ar3m-2560bac3dbaf2ae92454095272e24763 hr-invisible  avia-builder-el-20  el_after_av_image  el_before_av_textblock '><span class='hr-inner '><span class=\"hr-inner-style\"><\/span><\/span><\/div><br \/>\n<section  class='av_textblock_section av-inrqya-07666968b847f807c66960c5a5a19b78 '   itemscope=\"itemscope\" itemtype=\"https:\/\/schema.org\/CreativeWork\" ><div class='avia_textblock'  itemprop=\"text\" ><p><a href=\"https:\/\/www.google.de\/maps\/place\/Schraml+GmbH\/@47.8716606,11.8863689,17z\/data=!4m5!3m4!1s0x479df69782754d37:0x29db7408d6bc31f!8m2!3d47.871657!4d11.888563\" target=\"_blank\" rel=\"noopener\"><strong>Herxheimer Stra\u00dfe 7<\/strong><\/a><\/p>\n<p><strong>83620 Vagen bei Feldkirchen-Westerham<\/strong><\/p>\n<\/div><\/section><\/p><\/div><\/div><!--close column table wrapper. Autoclose: 1 -->\n<style type=\"text\/css\" data-created_by=\"avia_inline_auto\" id=\"style-css-av-lfl7df7z-ac5e623811d82031699906a03eda372a\">\n#top .hr.hr-invisible.av-lfl7df7z-ac5e623811d82031699906a03eda372a{\nheight:50px;\n}\n<\/style>\n<div  class='hr av-lfl7df7z-ac5e623811d82031699906a03eda372a hr-invisible  avia-builder-el-22  el_after_av_one_fourth  el_before_av_one_half '><span class='hr-inner '><span class=\"hr-inner-style\"><\/span><\/span><\/div>\n\n<style type=\"text\/css\" data-created_by=\"avia_inline_auto\" id=\"style-css-av-1fqtemq-859cb0515bc2c4f18069bf7e5085ee4e\">\n.flex_column.av-1fqtemq-859cb0515bc2c4f18069bf7e5085ee4e{\npadding:30px 30px 30px 30px;\nbackground-color:#edf0f4;\n}\n<\/style>\n<div  class='flex_column av-1fqtemq-859cb0515bc2c4f18069bf7e5085ee4e av_one_half  avia-builder-el-23  el_after_av_hr  el_before_av_one_half  first flex_column_div  '     ><section  class='av_textblock_section av-lfl6y6g3-8f4c8d0fe16bdaec2bacf2020dff6eba '   itemscope=\"itemscope\" itemtype=\"https:\/\/schema.org\/CreativeWork\" ><div class='avia_textblock'  itemprop=\"text\" ><h1>Sie m\u00f6chten von uns kontaktiert werden?<\/h1>\n<\/div><\/section><br \/>\n<form action=\"https:\/\/www.schraml.de\/index.php\/kontakt\/\" method=\"post\" data-fields-with-error=\"Fehler wurden in folgenden Feld(ern) gefunden:\" class=\"avia_ajax_form av-form-labels-visible   avia-builder-el-25  el_after_av_textblock  avia-builder-el-last  av-show-form-errors   \" data-avia-form-id=\"1\" data-avia-redirect=''  aria-label='Formular' ><fieldset><p class='  first_form  form_element form_fullwidth' id='element_avia_1_1'><label for=\"avia_1_1\">Name <abbr class=\"required\" title=\"ben\u00f6tigt\">*<\/abbr><\/label> <input name=\"avia_1_1\" class=\"text_input is_empty\" type=\"text\" id=\"avia_1_1\" value=\"\" \/><\/p><p class='  first_form  form_element form_fullwidth' id='element_avia_2_1'><label for=\"avia_2_1\">Anlagen-\/Firmenname <abbr class=\"required\" title=\"ben\u00f6tigt\">*<\/abbr><\/label> <input name=\"avia_2_1\" class=\"text_input is_empty\" type=\"text\" id=\"avia_2_1\" value=\"\" \/><\/p><p class='  first_form  form_element form_fullwidth' id='element_avia_3_1'><label for=\"avia_3_1\">E-Mail <abbr class=\"required\" title=\"ben\u00f6tigt\">*<\/abbr><\/label> <input name=\"avia_3_1\" class=\"text_input is_email\" type=\"text\" id=\"avia_3_1\" value=\"\" \/><\/p><p class='  first_form  form_element form_fullwidth' id='element_avia_4_1'><label for=\"avia_4_1\">Telefonnummer <abbr class=\"required\" title=\"ben\u00f6tigt\">*<\/abbr><\/label> <input name=\"avia_4_1\" class=\"text_input is_empty\" type=\"text\" id=\"avia_4_1\" value=\"\" \/><\/p><p class='  first_form  form_element form_fullwidth' id='element_avia_5_1'><input  name=\"avia_5_1\" class=\"input_checkbox \" type=\"checkbox\" id=\"avia_5_1\" value=\"true\"\/><label class=\"input_checkbox_label\" for=\"avia_5_1\">Ich m\u00f6chte kontaktiert werden.<\/label><\/p><p class='  first_form  form_element form_fullwidth' id='element_avia_6_1'><input  name=\"avia_6_1\" class=\"input_checkbox \" type=\"checkbox\" id=\"avia_6_1\" value=\"true\"\/><label class=\"input_checkbox_label\" for=\"avia_6_1\">Ich m\u00f6chte ein unverbindliches Angebot erhalten.<\/label><\/p><p class='  first_form  form_element form_fullwidth' id='element_avia_7_1'><input  name=\"avia_7_1\" class=\"input_checkbox \" type=\"checkbox\" id=\"avia_7_1\" value=\"true\"\/><label class=\"input_checkbox_label\" for=\"avia_7_1\">Ich m\u00f6chte Informationen zu einem Upgrade-Vertrag erhalten.<\/label><\/p><p class='  first_form  form_element form_fullwidth' id='element_avia_8_1'><label for=\"avia_8_1\" class=\"textare_label hidden textare_label_avia_8_1\">Hier k\u00f6nnen Sie uns genauer mitteilen, wor\u00fcber Sie mit uns sprechen m\u00f6chten oder wozu wir Ihnen ein unverbindliches Angebot erstellen d\u00fcrfen:<\/label><textarea  name=\"avia_8_1\" class=\"text_area \" cols=\"40\" rows=\"7\" id=\"avia_8_1\" ><\/textarea><\/p><p class='  first_form  form_element form_fullwidth' id='element_avia_9_1'><input  name=\"avia_9_1\" class=\"input_checkbox \" type=\"checkbox\" id=\"avia_9_1\" value=\"true\"\/><label class=\"input_checkbox_label\" for=\"avia_9_1\">Ich habe die Nutzungsbedingungen und die Datenschutzerkl\u00e4rung von www.schraml.de gelesen und akzeptiere diese. *<\/label><\/p><p class=\"hidden\"><input type=\"text\" name=\"avia_10_1\" class=\"hidden \" id=\"avia_10_1\" value=\"\" \/><\/p><p class='   form_element form_fullwidth' id='element_avia_11_1'><span class='value_verifier_label'>6 + 1 = ?<\/span><input name=\"avia_11_1_verifier\" type=\"hidden\" id=\"avia_11_1_verifier\" value=\"713872734\"\/><label for=\"avia_11_1\">Bitte l\u00f6se die Gleichung. Diese Ma\u00dfnahme dient der Abwehr von Spam <abbr class=\"required\" title=\"ben\u00f6tigt\">*<\/abbr><\/label><input name=\"avia_11_1\" class=\"text_input captcha\" type=\"text\" id=\"avia_11_1\" value=\"\"\/><\/p><p class=\"form_element \"><input type=\"hidden\" value=\"1\" name=\"avia_generated_form1\" \/><input type=\"submit\" value=\"Senden\" class=\"button\"  data-sending-label=\"Sende\"\/><\/p><\/fieldset><\/form><div id=\"ajaxresponse_1\" class=\"ajaxresponse ajaxresponse_1 hidden\"><\/div><\/p><\/div>\n<style type=\"text\/css\" data-created_by=\"avia_inline_auto\" id=\"style-css-av-l9hdki-c22e696eacb0921fa84cc472a8521ce0\">\n.flex_column.av-l9hdki-c22e696eacb0921fa84cc472a8521ce0{\npadding:30px 30px 30px 30px;\nbackground-color:#edf0f4;\n}\n<\/style>\n<div  class='flex_column av-l9hdki-c22e696eacb0921fa84cc472a8521ce0 av_one_half  avia-builder-el-26  el_after_av_one_half  avia-builder-el-last  flex_column_div  '     ><section  class='av_textblock_section av-lfl7frwv-818885cb35572fff2a596040c7e659bc '   itemscope=\"itemscope\" itemtype=\"https:\/\/schema.org\/CreativeWork\" ><div class='avia_textblock'  itemprop=\"text\" ><h1>Unsere Social Media Kan\u00e4le<\/h1>\n<\/div><\/section><br \/>\n\n<style type=\"text\/css\" data-created_by=\"avia_inline_auto\" id=\"style-css-av-mbxz8y-0403e06f62c57f41cc6dcf0f1c76ce8e\">\n#top .hr.hr-invisible.av-mbxz8y-0403e06f62c57f41cc6dcf0f1c76ce8e{\nheight:10px;\n}\n<\/style>\n<div  class='hr av-mbxz8y-0403e06f62c57f41cc6dcf0f1c76ce8e hr-invisible  avia-builder-el-28  el_after_av_textblock  el_before_av_textblock '><span class='hr-inner '><span class=\"hr-inner-style\"><\/span><\/span><\/div><br \/>\n<section  class='av_textblock_section av-lfl7gavv-d77f0bc212f194384f8e5bdfb8c1f7b8 '   itemscope=\"itemscope\" itemtype=\"https:\/\/schema.org\/CreativeWork\" ><div class='avia_textblock'  itemprop=\"text\" ><p><a href=\"https:\/\/www.instagram.com\/schraml_team\/\"><img decoding=\"async\" class=\"alignnone wp-image-17008\" src=\"https:\/\/www.schraml.de\/wp-content\/uploads\/2023\/03\/Kontakt-Instagram.png\" alt=\"\" width=\"50\" height=\"50\" srcset=\"https:\/\/www.schraml.de\/wp-content\/uploads\/2023\/03\/Kontakt-Instagram.png 80w, https:\/\/www.schraml.de\/wp-content\/uploads\/2023\/03\/Kontakt-Instagram-36x36.png 36w\" sizes=\"(max-width: 50px) 100vw, 50px\" \/><\/a>\u00a0<strong> <a href=\"https:\/\/www.instagram.com\/schraml_team\/\" target=\"_blank\" rel=\"noopener\">schraml_team<\/a><\/strong><\/p>\n<p><a href=\"https:\/\/www.linkedin.com\/company\/schraml-gmbh\"><img decoding=\"async\" class=\"alignnone wp-image-17009\" src=\"https:\/\/www.schraml.de\/wp-content\/uploads\/2023\/03\/Kontakt-LinkedIn.png\" alt=\"\" width=\"50\" height=\"43\" \/><\/a> <a href=\"https:\/\/www.linkedin.com\/company\/schraml-gmbh\" target=\"_blank\" rel=\"noopener\"><strong>SCHRAML GmbH<\/strong><\/a><\/p>\n<p><a href=\"https:\/\/www.youtube.com\/channel\/UClSE-NVUQx_Cvs6hDnImkWg\"><img decoding=\"async\" class=\"alignnone wp-image-17010\" src=\"https:\/\/www.schraml.de\/wp-content\/uploads\/2023\/03\/Kontakt-YouTube.png\" alt=\"\" width=\"50\" height=\"35\" \/><\/a> <a href=\"https:\/\/www.youtube.com\/channel\/UClSE-NVUQx_Cvs6hDnImkWg\" target=\"_blank\" rel=\"noopener\"><strong>SCHRAML<\/strong><\/a><\/p>\n<\/div><\/section><\/p><\/div>\n","protected":false},"excerpt":{"rendered":"","protected":false},"author":10,"featured_media":0,"parent":0,"menu_order":0,"comment_status":"closed","ping_status":"closed","template":"","meta":{"om_disable_all_campaigns":false,"_uf_show_specific_survey":0,"_uf_disable_surveys":false,"footnotes":""},"class_list":["post-16978","page","type-page","status-publish","hentry"],"yoast_head":"<!-- This site is optimized with the Yoast SEO plugin v27.3 - https:\/\/yoast.com\/product\/yoast-seo-wordpress\/ -->\n<title>Kontakt<\/title>\n<meta name=\"description\" content=\"So k\u00f6nnen Sie uns bei SCHRAML erreichen\" \/>\n<meta name=\"robots\" content=\"index, follow, max-snippet:-1, max-image-preview:large, max-video-preview:-1\" \/>\n<link rel=\"canonical\" href=\"https:\/\/www.schraml.de\/index.php\/kontakt\/\" \/>\n<meta property=\"og:locale\" content=\"de_DE\" \/>\n<meta property=\"og:type\" content=\"article\" \/>\n<meta property=\"og:title\" content=\"Kontakt\" \/>\n<meta property=\"og:description\" content=\"So k\u00f6nnen Sie uns bei SCHRAML erreichen\" \/>\n<meta property=\"og:url\" content=\"https:\/\/www.schraml.de\/index.php\/kontakt\/\" \/>\n<meta property=\"og:site_name\" content=\"SCHRAML Prozessleit- und Fernwirktechnik\" \/>\n<meta property=\"article:modified_time\" content=\"2025-07-15T13:53:46+00:00\" \/>\n<meta property=\"og:image\" content=\"https:\/\/www.schraml.de\/wp-content\/uploads\/2023\/03\/Kontakt-Instagram.png\" \/>\n<meta name=\"twitter:card\" content=\"summary_large_image\" \/>\n<meta name=\"twitter:label1\" content=\"Gesch\u00e4tzte Lesezeit\" \/>\n\t<meta name=\"twitter:data1\" content=\"3\u00a0Minuten\" \/>\n<!-- \/ Yoast SEO plugin. -->","yoast_head_json":{"title":"Kontakt","description":"So k\u00f6nnen Sie uns bei SCHRAML erreichen","robots":{"index":"index","follow":"follow","max-snippet":"max-snippet:-1","max-image-preview":"max-image-preview:large","max-video-preview":"max-video-preview:-1"},"canonical":"https:\/\/www.schraml.de\/index.php\/kontakt\/","og_locale":"de_DE","og_type":"article","og_title":"Kontakt","og_description":"So k\u00f6nnen Sie uns bei SCHRAML erreichen","og_url":"https:\/\/www.schraml.de\/index.php\/kontakt\/","og_site_name":"SCHRAML Prozessleit- und Fernwirktechnik","article_modified_time":"2025-07-15T13:53:46+00:00","og_image":[{"url":"https:\/\/www.schraml.de\/wp-content\/uploads\/2023\/03\/Kontakt-Instagram.png","type":"","width":"","height":""}],"twitter_card":"summary_large_image","twitter_misc":{"Gesch\u00e4tzte Lesezeit":"3\u00a0Minuten"},"schema":{"@context":"https:\/\/schema.org","@graph":[{"@type":"WebPage","@id":"https:\/\/www.schraml.de\/index.php\/kontakt\/","url":"https:\/\/www.schraml.de\/index.php\/kontakt\/","name":"Kontakt","isPartOf":{"@id":"https:\/\/www.schraml.de\/#website"},"primaryImageOfPage":{"@id":"https:\/\/www.schraml.de\/index.php\/kontakt\/#primaryimage"},"image":{"@id":"https:\/\/www.schraml.de\/index.php\/kontakt\/#primaryimage"},"thumbnailUrl":"https:\/\/www.schraml.de\/wp-content\/uploads\/2023\/03\/Kontakt-Instagram.png","datePublished":"2023-03-23T14:47:01+00:00","dateModified":"2025-07-15T13:53:46+00:00","description":"So k\u00f6nnen Sie uns bei SCHRAML erreichen","breadcrumb":{"@id":"https:\/\/www.schraml.de\/index.php\/kontakt\/#breadcrumb"},"inLanguage":"de","potentialAction":[{"@type":"ReadAction","target":["https:\/\/www.schraml.de\/index.php\/kontakt\/"]}]},{"@type":"ImageObject","inLanguage":"de","@id":"https:\/\/www.schraml.de\/index.php\/kontakt\/#primaryimage","url":"https:\/\/www.schraml.de\/wp-content\/uploads\/2023\/03\/Kontakt-Instagram.png","contentUrl":"https:\/\/www.schraml.de\/wp-content\/uploads\/2023\/03\/Kontakt-Instagram.png","width":80,"height":80},{"@type":"BreadcrumbList","@id":"https:\/\/www.schraml.de\/index.php\/kontakt\/#breadcrumb","itemListElement":[{"@type":"ListItem","position":1,"name":"Startseite","item":"https:\/\/www.schraml.de\/"},{"@type":"ListItem","position":2,"name":"Kontakt"}]},{"@type":"WebSite","@id":"https:\/\/www.schraml.de\/#website","url":"https:\/\/www.schraml.de\/","name":"SCHRAML Prozessleit- und Fernwirktechnik","description":"Prozessleit-, Fernwirk- und Automatisierungstechnik f\u00fcr intelligentes Wassermanagement","publisher":{"@id":"https:\/\/www.schraml.de\/#organization"},"potentialAction":[{"@type":"SearchAction","target":{"@type":"EntryPoint","urlTemplate":"https:\/\/www.schraml.de\/?s={search_term_string}"},"query-input":{"@type":"PropertyValueSpecification","valueRequired":true,"valueName":"search_term_string"}}],"inLanguage":"de"},{"@type":"Organization","@id":"https:\/\/www.schraml.de\/#organization","name":"SCHRAML GmbH","url":"https:\/\/www.schraml.de\/","logo":{"@type":"ImageObject","inLanguage":"de","@id":"https:\/\/www.schraml.de\/#\/schema\/logo\/image\/","url":"https:\/\/www.schraml.de\/wp-content\/uploads\/2016\/06\/SCHRAML-Logo.png","contentUrl":"https:\/\/www.schraml.de\/wp-content\/uploads\/2016\/06\/SCHRAML-Logo.png","width":512,"height":148,"caption":"SCHRAML GmbH"},"image":{"@id":"https:\/\/www.schraml.de\/#\/schema\/logo\/image\/"},"sameAs":["https:\/\/www.linkedin.com\/company\/schraml-gmbh","https:\/\/www.youtube.com\/channel\/UClSE-NVUQx_Cvs6hDnImkWg"]}]}},"_links":{"self":[{"href":"https:\/\/www.schraml.de\/index.php\/wp-json\/wp\/v2\/pages\/16978","targetHints":{"allow":["GET"]}}],"collection":[{"href":"https:\/\/www.schraml.de\/index.php\/wp-json\/wp\/v2\/pages"}],"about":[{"href":"https:\/\/www.schraml.de\/index.php\/wp-json\/wp\/v2\/types\/page"}],"author":[{"embeddable":true,"href":"https:\/\/www.schraml.de\/index.php\/wp-json\/wp\/v2\/users\/10"}],"replies":[{"embeddable":true,"href":"https:\/\/www.schraml.de\/index.php\/wp-json\/wp\/v2\/comments?post=16978"}],"version-history":[{"count":15,"href":"https:\/\/www.schraml.de\/index.php\/wp-json\/wp\/v2\/pages\/16978\/revisions"}],"predecessor-version":[{"id":23946,"href":"https:\/\/www.schraml.de\/index.php\/wp-json\/wp\/v2\/pages\/16978\/revisions\/23946"}],"wp:attachment":[{"href":"https:\/\/www.schraml.de\/index.php\/wp-json\/wp\/v2\/media?parent=16978"}],"curies":[{"name":"wp","href":"https:\/\/api.w.org\/{rel}","templated":true}]}}