{"id":15940,"date":"2022-08-01T13:58:44","date_gmt":"2022-08-01T11:58:44","guid":{"rendered":"https:\/\/www.schraml.de\/?page_id=15940"},"modified":"2022-08-23T11:48:09","modified_gmt":"2022-08-23T09:48:09","slug":"anmeldung-webinar-codesys-fuer-schraml-spsen","status":"publish","type":"page","link":"https:\/\/www.schraml.de\/index.php\/anmeldung-webinar-codesys-fuer-schraml-spsen\/","title":{"rendered":"Anmeldung Webinar CODESYS f\u00fcr SCHRAML SPSen"},"content":{"rendered":"<div id='layer_slider_1'  class='avia-layerslider main_color avia-shadow  avia-builder-el-0  el_before_av_section  avia-builder-el-first  container_wrap fullsize'  style='height: 399px; max-width: 1920px; margin: 0 auto;'  ><\/div>\n<div id='av_section_1'  class='avia-section av-ptszqc-3f245cd5eb6af2922c9eb1c7b2012c52 main_color avia-section-default avia-no-border-styling  avia-builder-el-1  el_after_av_layerslider  el_before_av_section  avia-bg-style-scroll container_wrap fullsize'  ><div class='container av-section-cont-open' ><div class='template-page content  av-content-full alpha units'><div class='post-entry post-entry-type-page post-entry-15940'><div class='entry-content-wrapper clearfix'>\n<section  class='av_textblock_section av-l6c36mrk-cea8d9c2abaeeef9b496af73940b03c1 '   itemscope=\"itemscope\" itemtype=\"https:\/\/schema.org\/CreativeWork\" ><div class='avia_textblock'  itemprop=\"text\" ><p>SCHRAML Fernwirkstationen - das ist viel mehr als nur moderne Fernwirktechnik!<\/p>\n<p><strong>Was alles mittels CODESYS m\u00f6glich ist, zeigen wir Ihnen in unserem 90-min\u00fctigen, kostenlosen Webinar.<\/strong><\/p>\n<h4><strong>Webinar-Themen<\/strong><\/h4>\n<ul>\n<li>CODESYS - die herstellerunabh\u00e4ngige Automatisierungssoftware gem. IEC 61131-3<\/li>\n<li>CODESYS Sprachen und Vorteile<\/li>\n<li>Was brauche ich zum Programmieren mit CODESYS?<\/li>\n<li>Einsatzm\u00f6glichkeiten und Anwendungsbeispiele\n<ul>\n<li>Vollwertige SPS-Steuerung f\u00fcr z.B. Pumpwerke, R\u00dcB, Hochwasserschutz uvm.<\/li>\n<li>direkte, schnelle und autarke Querkommunikation zwischen den Stationen<\/li>\n<li>Zusatzanwendungen wie SMS-Alarm, Webcam-Trigger, WLAN Access Points etc.<\/li>\n<\/ul>\n<\/li>\n<\/ul>\n<\/div><\/section>\n\n<\/div><\/div><\/div><!-- close content main div --><\/div><\/div>\n<style type=\"text\/css\" data-created_by=\"avia_inline_auto\" id=\"style-css-av-6jwwif8-3d8e5be415e17392093591defbe45600\">\n.avia-section.av-6jwwif8-3d8e5be415e17392093591defbe45600{\nbackground-color:#dbe2ea;\nbackground-image:unset;\n}\n<\/style>\n<div id='av_section_2'  class='avia-section av-6jwwif8-3d8e5be415e17392093591defbe45600 main_color avia-section-default avia-no-border-styling  avia-builder-el-3  el_after_av_section  el_before_av_section  avia-bg-style-scroll container_wrap fullsize'  ><div class='container av-section-cont-open' ><div class='template-page content  av-content-full alpha units'><div class='post-entry post-entry-type-page post-entry-15940'><div class='entry-content-wrapper clearfix'>\n\n<style type=\"text\/css\" data-created_by=\"avia_inline_auto\" id=\"style-css-av-60zurj8-a4b8f154fed754915c5f4d07392d0867\">\n#top .av-special-heading.av-60zurj8-a4b8f154fed754915c5f4d07392d0867{\npadding-bottom:10px;\n}\nbody .av-special-heading.av-60zurj8-a4b8f154fed754915c5f4d07392d0867 .av-special-heading-tag .heading-char{\nfont-size:25px;\n}\n.av-special-heading.av-60zurj8-a4b8f154fed754915c5f4d07392d0867 .av-subheading{\nfont-size:15px;\n}\n<\/style>\n<div  class='av-special-heading av-60zurj8-a4b8f154fed754915c5f4d07392d0867 av-special-heading-h2 blockquote modern-quote  avia-builder-el-4  el_before_av_textblock  avia-builder-el-first '><h2 class='av-special-heading-tag '  itemprop=\"headline\"  >So funktioniert\u2019s<\/h2><div class=\"special-heading-border\"><div class=\"special-heading-inner-border\"><\/div><\/div><\/div>\n<section  class='av_textblock_section av-5uqzcck-1c794e664bdf3346424636eeb0524f08 '   itemscope=\"itemscope\" itemtype=\"https:\/\/schema.org\/CreativeWork\" ><div class='avia_textblock'  itemprop=\"text\" ><p>F\u00fcr die Teilnahme an unseren Live-Seminaren ben\u00f6tigen Sie ein Ger\u00e4t mit Internetzugang. Sie k\u00f6nnen sich also vom Rechner, Tablet, Laptop oder Smartphone in das Webinar einw\u00e4hlen.<\/p>\n<p>Nach Ihrer Anmeldung \u00fcber das unten stehende Formular erhalten Sie von uns eine E-Mail mit Ihrer Teilnahmebest\u00e4tigung und rechtzeitig vor dem Webinar-Termin die Login-Informationen f\u00fcr unser Webinar-Portal.<\/p>\n<p>Sie ben\u00f6tigen keine Kamera und kein Mikrofon! Die Audio-\u00dcbertragung des Webinars kann entweder \u00fcber den Lautsprecher in Ihrem Ger\u00e4t erfolgen oder Sie k\u00f6nnen sich parallel auch \u00fcber Telefon in das Webinar einw\u00e4hlen.<\/p>\n<\/div><\/section>\n\n<\/div><\/div><\/div><!-- close content main div --><\/div><\/div><div id='av_section_3'  class='avia-section av-57bkosk-db8be1c8e9138ab90990dea9212948db main_color avia-section-default avia-no-border-styling  avia-builder-el-6  el_after_av_section  el_before_av_contact  avia-bg-style-scroll container_wrap fullsize'  ><div class='container av-section-cont-open' ><div class='template-page content  av-content-full alpha units'><div class='post-entry post-entry-type-page post-entry-15940'><div class='entry-content-wrapper clearfix'>\n\n<style type=\"text\/css\" data-created_by=\"avia_inline_auto\" id=\"style-css-av-l6akoott-528a7aaa612e3a68da121743585b3b4a\">\n#top .av-special-heading.av-l6akoott-528a7aaa612e3a68da121743585b3b4a{\npadding-bottom:10px;\n}\nbody .av-special-heading.av-l6akoott-528a7aaa612e3a68da121743585b3b4a .av-special-heading-tag .heading-char{\nfont-size:25px;\n}\n.av-special-heading.av-l6akoott-528a7aaa612e3a68da121743585b3b4a .av-subheading{\nfont-size:15px;\n}\n<\/style>\n<div  class='av-special-heading av-l6akoott-528a7aaa612e3a68da121743585b3b4a av-special-heading-h2 blockquote modern-quote  avia-builder-el-7  el_before_av_one_half  avia-builder-el-first '><h2 class='av-special-heading-tag '  itemprop=\"headline\"  >Termin<\/h2><div class=\"special-heading-border\"><div class=\"special-heading-inner-border\"><\/div><\/div><\/div>\n\n<style type=\"text\/css\" data-created_by=\"avia_inline_auto\" id=\"style-css-av-4zjzj44-9d62f462d7305b654da7567822cef006\">\n#top .flex_column.av-4zjzj44-9d62f462d7305b654da7567822cef006{\nmargin-top:30px;\nmargin-bottom:30px;\n}\n.flex_column.av-4zjzj44-9d62f462d7305b654da7567822cef006{\nborder-radius:0px 0px 0px 0px;\npadding:20px 20px 20px 20px;\nbackground-color:#fbd981;\n}\n.responsive #top #wrap_all .flex_column.av-4zjzj44-9d62f462d7305b654da7567822cef006{\nmargin-top:30px;\nmargin-bottom:30px;\n}\n<\/style>\n<div  class='flex_column av-4zjzj44-9d62f462d7305b654da7567822cef006 av_one_half  avia-builder-el-8  el_after_av_heading  avia-builder-el-last  first flex_column_div  '     ><section  class='av_textblock_section av-l6akp4ew-ead1f582ece51ae70790c936cba640d5 '   itemscope=\"itemscope\" itemtype=\"https:\/\/schema.org\/CreativeWork\" ><div class='avia_textblock'  itemprop=\"text\" ><p><strong>15. September 2022, 10.00 - 11.30 Uhr<\/strong><\/p>\n<\/div><\/section><\/div><\/div><\/div><\/div><!-- close content main div --><\/div><\/div><div id='after_section_3'  class='main_color av_default_container_wrap container_wrap fullsize'  ><div class='container av-section-cont-open' ><div class='template-page content  av-content-full alpha units'><div class='post-entry post-entry-type-page post-entry-15940'><div class='entry-content-wrapper clearfix'><form action=\"https:\/\/www.schraml.de\/index.php\/anmeldung-webinar-codesys-fuer-schraml-spsen\/\" method=\"post\" data-fields-with-error=\"Fehler wurden in folgenden Feld(ern) gefunden:\" class=\"avia_ajax_form av-form-labels-visible   avia-builder-el-10  el_after_av_section  avia-builder-el-no-sibling   \" data-avia-form-id=\"1\" data-avia-redirect='' ><h3 class=''>Meine Anmeldung zum kostenlosen Webinar: CODESYS f\u00fcr SCHRAML Fernwirktechnik<\/h3><fieldset><p class='  first_form  form_element form_fullwidth' id='element_avia_1_1'><label for=\"avia_1_1\">Name <abbr class=\"required\" title=\"ben\u00f6tigt\">*<\/abbr><\/label> <input name=\"avia_1_1\" class=\"text_input is_empty\" type=\"text\" id=\"avia_1_1\" value=\"\" \/><\/p><p class='  first_form  form_element form_fullwidth' id='element_avia_2_1'><label for=\"avia_2_1\">Vorname <abbr class=\"required\" title=\"ben\u00f6tigt\">*<\/abbr><\/label> <input name=\"avia_2_1\" class=\"text_input is_empty\" type=\"text\" id=\"avia_2_1\" value=\"\" \/><\/p><p class='  first_form  form_element form_fullwidth' id='element_avia_3_1'><label for=\"avia_3_1\">Firma oder Anlagenname <abbr class=\"required\" title=\"ben\u00f6tigt\">*<\/abbr><\/label> <input name=\"avia_3_1\" class=\"text_input is_empty\" type=\"text\" id=\"avia_3_1\" value=\"\" \/><\/p><p class='  first_form  form_element form_fullwidth' id='element_avia_4_1'><label for=\"avia_4_1\">E-Mail <abbr class=\"required\" title=\"ben\u00f6tigt\">*<\/abbr><\/label> <input name=\"avia_4_1\" class=\"text_input is_email\" type=\"text\" id=\"avia_4_1\" value=\"\" \/><\/p><p class='  first_form  form_element form_fullwidth av-last-visible-form-element' id='element_avia_5_1'><input  name=\"avia_5_1\" class=\"input_checkbox is_empty\" type=\"checkbox\" id=\"avia_5_1\" value=\"true\"\/><label class=\"input_checkbox_label\" for=\"avia_5_1\">Ich habe die Nutzungsbedingungen und die Datenschutzerkl\u00e4rung von www.schraml.de gelesen und akzeptiere diese. <abbr class=\"required\" title=\"ben\u00f6tigt\">*<\/abbr><\/label><\/p><p class=\"hidden\"><input type=\"text\" name=\"avia_6_1\" class=\"hidden \" id=\"avia_6_1\" value=\"\" \/><\/p><p class=\"form_element \"><input type=\"hidden\" value=\"1\" name=\"avia_generated_form1\" \/><input type=\"submit\" value=\"Anmelden\" class=\"button\"  data-sending-label=\"Sende\"\/><\/p><\/fieldset><\/form><div id=\"ajaxresponse_1\" class=\"ajaxresponse ajaxresponse_1 hidden\"><\/div><\/p>\n","protected":false},"excerpt":{"rendered":"","protected":false},"author":10,"featured_media":0,"parent":0,"menu_order":0,"comment_status":"closed","ping_status":"closed","template":"","meta":{"om_disable_all_campaigns":false,"_uf_show_specific_survey":0,"_uf_disable_surveys":false,"footnotes":""},"class_list":["post-15940","page","type-page","status-publish","hentry"],"yoast_head":"<!-- This site is optimized with the Yoast SEO plugin v27.2 - https:\/\/yoast.com\/product\/yoast-seo-wordpress\/ -->\n<title>Anmeldung Webinar CODESYS f\u00fcr SCHRAML SPSen - SCHRAML Prozessleit- und Fernwirktechnik<\/title>\n<meta name=\"robots\" content=\"index, follow, max-snippet:-1, max-image-preview:large, max-video-preview:-1\" \/>\n<link rel=\"canonical\" href=\"https:\/\/www.schraml.de\/index.php\/anmeldung-webinar-codesys-fuer-schraml-spsen\/\" \/>\n<meta property=\"og:locale\" content=\"de_DE\" \/>\n<meta property=\"og:type\" content=\"article\" \/>\n<meta property=\"og:title\" content=\"Anmeldung Webinar CODESYS f\u00fcr SCHRAML SPSen - SCHRAML Prozessleit- und Fernwirktechnik\" \/>\n<meta property=\"og:url\" content=\"https:\/\/www.schraml.de\/index.php\/anmeldung-webinar-codesys-fuer-schraml-spsen\/\" \/>\n<meta property=\"og:site_name\" content=\"SCHRAML Prozessleit- und Fernwirktechnik\" \/>\n<meta property=\"article:modified_time\" content=\"2022-08-23T09:48:09+00:00\" \/>\n<meta name=\"twitter:card\" content=\"summary_large_image\" \/>\n<meta name=\"twitter:label1\" content=\"Gesch\u00e4tzte Lesezeit\" \/>\n\t<meta name=\"twitter:data1\" content=\"4\u00a0Minuten\" \/>\n<!-- \/ Yoast SEO plugin. -->","yoast_head_json":{"title":"Anmeldung Webinar CODESYS f\u00fcr SCHRAML SPSen - SCHRAML Prozessleit- und Fernwirktechnik","robots":{"index":"index","follow":"follow","max-snippet":"max-snippet:-1","max-image-preview":"max-image-preview:large","max-video-preview":"max-video-preview:-1"},"canonical":"https:\/\/www.schraml.de\/index.php\/anmeldung-webinar-codesys-fuer-schraml-spsen\/","og_locale":"de_DE","og_type":"article","og_title":"Anmeldung Webinar CODESYS f\u00fcr SCHRAML SPSen - SCHRAML Prozessleit- und Fernwirktechnik","og_url":"https:\/\/www.schraml.de\/index.php\/anmeldung-webinar-codesys-fuer-schraml-spsen\/","og_site_name":"SCHRAML Prozessleit- und Fernwirktechnik","article_modified_time":"2022-08-23T09:48:09+00:00","twitter_card":"summary_large_image","twitter_misc":{"Gesch\u00e4tzte Lesezeit":"4\u00a0Minuten"},"schema":{"@context":"https:\/\/schema.org","@graph":[{"@type":"WebPage","@id":"https:\/\/www.schraml.de\/index.php\/anmeldung-webinar-codesys-fuer-schraml-spsen\/","url":"https:\/\/www.schraml.de\/index.php\/anmeldung-webinar-codesys-fuer-schraml-spsen\/","name":"Anmeldung Webinar CODESYS f\u00fcr SCHRAML SPSen - SCHRAML Prozessleit- und Fernwirktechnik","isPartOf":{"@id":"https:\/\/www.schraml.de\/#website"},"datePublished":"2022-08-01T11:58:44+00:00","dateModified":"2022-08-23T09:48:09+00:00","breadcrumb":{"@id":"https:\/\/www.schraml.de\/index.php\/anmeldung-webinar-codesys-fuer-schraml-spsen\/#breadcrumb"},"inLanguage":"de","potentialAction":[{"@type":"ReadAction","target":["https:\/\/www.schraml.de\/index.php\/anmeldung-webinar-codesys-fuer-schraml-spsen\/"]}]},{"@type":"BreadcrumbList","@id":"https:\/\/www.schraml.de\/index.php\/anmeldung-webinar-codesys-fuer-schraml-spsen\/#breadcrumb","itemListElement":[{"@type":"ListItem","position":1,"name":"Startseite","item":"https:\/\/www.schraml.de\/"},{"@type":"ListItem","position":2,"name":"Anmeldung Webinar CODESYS f\u00fcr SCHRAML SPSen"}]},{"@type":"WebSite","@id":"https:\/\/www.schraml.de\/#website","url":"https:\/\/www.schraml.de\/","name":"SCHRAML Prozessleit- und Fernwirktechnik","description":"Prozessleit-, Fernwirk- und Automatisierungstechnik f\u00fcr intelligentes Wassermanagement","publisher":{"@id":"https:\/\/www.schraml.de\/#organization"},"potentialAction":[{"@type":"SearchAction","target":{"@type":"EntryPoint","urlTemplate":"https:\/\/www.schraml.de\/?s={search_term_string}"},"query-input":{"@type":"PropertyValueSpecification","valueRequired":true,"valueName":"search_term_string"}}],"inLanguage":"de"},{"@type":"Organization","@id":"https:\/\/www.schraml.de\/#organization","name":"SCHRAML GmbH","url":"https:\/\/www.schraml.de\/","logo":{"@type":"ImageObject","inLanguage":"de","@id":"https:\/\/www.schraml.de\/#\/schema\/logo\/image\/","url":"https:\/\/www.schraml.de\/wp-content\/uploads\/2016\/06\/SCHRAML-Logo.png","contentUrl":"https:\/\/www.schraml.de\/wp-content\/uploads\/2016\/06\/SCHRAML-Logo.png","width":512,"height":148,"caption":"SCHRAML GmbH"},"image":{"@id":"https:\/\/www.schraml.de\/#\/schema\/logo\/image\/"},"sameAs":["https:\/\/www.linkedin.com\/company\/schraml-gmbh","https:\/\/www.youtube.com\/channel\/UClSE-NVUQx_Cvs6hDnImkWg"]}]}},"_links":{"self":[{"href":"https:\/\/www.schraml.de\/index.php\/wp-json\/wp\/v2\/pages\/15940","targetHints":{"allow":["GET"]}}],"collection":[{"href":"https:\/\/www.schraml.de\/index.php\/wp-json\/wp\/v2\/pages"}],"about":[{"href":"https:\/\/www.schraml.de\/index.php\/wp-json\/wp\/v2\/types\/page"}],"author":[{"embeddable":true,"href":"https:\/\/www.schraml.de\/index.php\/wp-json\/wp\/v2\/users\/10"}],"replies":[{"embeddable":true,"href":"https:\/\/www.schraml.de\/index.php\/wp-json\/wp\/v2\/comments?post=15940"}],"version-history":[{"count":0,"href":"https:\/\/www.schraml.de\/index.php\/wp-json\/wp\/v2\/pages\/15940\/revisions"}],"wp:attachment":[{"href":"https:\/\/www.schraml.de\/index.php\/wp-json\/wp\/v2\/media?parent=15940"}],"curies":[{"name":"wp","href":"https:\/\/api.w.org\/{rel}","templated":true}]}}