{"id":13103,"date":"2020-12-22T14:57:48","date_gmt":"2020-12-22T13:57:48","guid":{"rendered":"https:\/\/www.schraml.de\/?page_id=13103"},"modified":"2022-01-26T08:59:29","modified_gmt":"2022-01-26T07:59:29","slug":"anmeldung-aqasys-anwenderschulung-online","status":"publish","type":"page","link":"https:\/\/www.schraml.de\/index.php\/anmeldung-aqasys-anwenderschulung-online\/","title":{"rendered":"Anmeldung AQASYS Anwenderschulung Online"},"content":{"rendered":"<div id='layer_slider_1'  class='avia-layerslider main_color avia-shadow  avia-builder-el-0  el_before_av_section  avia-builder-el-first  container_wrap fullsize'  style='height: 401px; max-width: 1920px; margin: 0 auto;'  ><\/div>\n<div id='av_section_1'  class='avia-section av-1dlrs9s-1ffab6f0cb39308fd354814f9a998342 main_color avia-section-default avia-no-border-styling  avia-builder-el-1  el_after_av_layerslider  avia-builder-el-last  avia-bg-style-scroll container_wrap fullsize'  ><div class='container av-section-cont-open' ><div class='template-page content  av-content-full alpha units'><div class='post-entry post-entry-type-page post-entry-13103'><div class='entry-content-wrapper clearfix'>\n\n<style type=\"text\/css\" data-created_by=\"avia_inline_auto\" id=\"style-css-av-4fyfur-466e89706561f72c1f7123fb1962948c\">\n.flex_column.av-4fyfur-466e89706561f72c1f7123fb1962948c{\nborder-radius:0px 0px 0px 0px;\npadding:0px 0px 0px 0px;\n}\n<\/style>\n<div  class='flex_column av-4fyfur-466e89706561f72c1f7123fb1962948c av_one_full  avia-builder-el-2  avia-builder-el-no-sibling  first flex_column_div av-zero-column-padding  '     ><p>\n<style type=\"text\/css\" data-created_by=\"avia_inline_auto\" id=\"style-css-av-kcywef40-9888e196c19c27afd3b249b25d883903\">\n#top .hr.hr-invisible.av-kcywef40-9888e196c19c27afd3b249b25d883903{\nheight:50px;\n}\n<\/style>\n<div  class='hr av-kcywef40-9888e196c19c27afd3b249b25d883903 hr-invisible  avia-builder-el-3  el_before_av_textblock  avia-builder-el-first '><span class='hr-inner '><span class=\"hr-inner-style\"><\/span><\/span><\/div><br \/>\n<section  class='av_textblock_section av-kd04zsoq-7dfd61f74567b38fc47661c8fb31933e '   itemscope=\"itemscope\" itemtype=\"https:\/\/schema.org\/CreativeWork\" ><div class='avia_textblock'  itemprop=\"text\" ><h4>Hiermit melde ich mich verbindlich f\u00fcr die AQASYS Online Anwenderschulung an.<\/h4>\n<\/div><\/section><br \/>\n\n<style type=\"text\/css\" data-created_by=\"avia_inline_auto\" id=\"style-css-av-kcywef40-9888e196c19c27afd3b249b25d883903\">\n#top .hr.hr-invisible.av-kcywef40-9888e196c19c27afd3b249b25d883903{\nheight:50px;\n}\n<\/style>\n<div  class='hr av-kcywef40-9888e196c19c27afd3b249b25d883903 hr-invisible  avia-builder-el-5  el_after_av_textblock  el_before_av_textblock '><span class='hr-inner '><span class=\"hr-inner-style\"><\/span><\/span><\/div><br \/>\n<section  class='av_textblock_section av-44l9wz-c9e21ed36664a1a9b8239ffc4165449c '   itemscope=\"itemscope\" itemtype=\"https:\/\/schema.org\/CreativeWork\" ><div class='avia_textblock'  itemprop=\"text\" ><p><strong>Termin:<\/strong><\/p>\n<ul>\n<li>\n<p class=\"xmsonormal\"><span style=\"color: black;\">10. \u2013 12.05.2022 \u2013 jeweils 8.00 \u2013 12.00 Uhr online<\/span><\/p>\n<\/li>\n<\/ul>\n<p><strong>Teilnahmegeb\u00fchr:<\/strong> 1.580,00 Euro pro Person zzgl. Mehrwertsteuer; die Verrechnung der Teilnahmegeb\u00fchr erfolgt vorab. Die Teilnahmegeb\u00fchr kann bei kurzfristigen Absagen leider nicht erstattet werden.<\/p>\n<p><strong>Webinar-Portal Einwahl:<\/strong> Die Login-Daten f\u00fcr die Einwahl in das Webinar-Portal erhalten Sie nach Ihrer Anmeldung und Zahlungseingang.<\/p>\n<p><strong>Technische Voraussetzungen:<\/strong><\/p>\n<ul>\n<li>mindestens ein, besser zwei Bildschirme (nicht zwingend erforderlich, aber einfacher in der Anwendung): einer f\u00fcr das Webinar, einer f\u00fcr TeamViewer<\/li>\n<li>F\u00fcr die Ton\u00fcbertragung entweder ein Lautsprecher und ein Mikrofon (z.B. vom Laptop) oder ein normaler Telefonanschluss (Audio\u00fcbertragung ist auch \u00fcber Telefon m\u00f6glich)<\/li>\n<li>Ideal, aber nicht zwingend erforderlich: eine Webcam<\/li>\n<li>ein TeamViewer-Zugang<\/li>\n<\/ul>\n<\/div><\/section><br \/>\n\n<style type=\"text\/css\" data-created_by=\"avia_inline_auto\" id=\"style-css-av-kcywef40-9888e196c19c27afd3b249b25d883903\">\n#top .hr.hr-invisible.av-kcywef40-9888e196c19c27afd3b249b25d883903{\nheight:50px;\n}\n<\/style>\n<div  class='hr av-kcywef40-9888e196c19c27afd3b249b25d883903 hr-invisible  avia-builder-el-7  el_after_av_textblock  el_before_av_contact '><span class='hr-inner '><span class=\"hr-inner-style\"><\/span><\/span><\/div><br \/>\n<form action=\"https:\/\/www.schraml.de\/index.php\/anmeldung-aqasys-anwenderschulung-online\/\" method=\"post\" data-fields-with-error=\"Fehler wurden in folgenden Feld(ern) gefunden:\" class=\"avia_ajax_form av-form-labels-visible   avia-builder-el-8  el_after_av_hr  avia-builder-el-last   \" data-avia-form-id=\"1\" data-avia-redirect='https:\/\/www.schraml.de\/index.php\/antwort-anmeldeformular\/' ><fieldset><p class='  first_form  form_element form_fullwidth' id='element_avia_1_1'><label for=\"avia_1_1\">Name <abbr class=\"required\" title=\"ben\u00f6tigt\">*<\/abbr><\/label> <input name=\"avia_1_1\" class=\"text_input is_empty\" type=\"text\" id=\"avia_1_1\" value=\"\" \/><\/p><p class='  first_form  form_element form_fullwidth' id='element_avia_2_1'><label for=\"avia_2_1\">Vorname <abbr class=\"required\" title=\"ben\u00f6tigt\">*<\/abbr><\/label> <input name=\"avia_2_1\" class=\"text_input is_empty\" type=\"text\" id=\"avia_2_1\" value=\"\" \/><\/p><p class='  first_form  form_element form_fullwidth' id='element_avia_3_1'><label for=\"avia_3_1\">Position<\/label> <input name=\"avia_3_1\" class=\"text_input \" type=\"text\" id=\"avia_3_1\" value=\"\" \/><\/p><p class='  first_form  form_element form_fullwidth' id='element_avia_4_1'><label for=\"avia_4_1\">E-Mail <abbr class=\"required\" title=\"ben\u00f6tigt\">*<\/abbr><\/label> <input name=\"avia_4_1\" class=\"text_input is_email\" type=\"text\" id=\"avia_4_1\" value=\"\" \/><\/p><p class='  first_form  form_element form_fullwidth' id='element_avia_5_1'><label for=\"avia_5_1\">Telefonnummer direkt<\/label> <input name=\"avia_5_1\" class=\"text_input \" type=\"text\" id=\"avia_5_1\" value=\"\" \/><\/p><div id='avia_6_1' class='av-form-text'><p>\n<strong>Rechnungsanschrift<\/strong><\/p>\n<\/div><p class='  first_form  form_element form_fullwidth' id='element_avia_7_1'><label for=\"avia_7_1\">Firma <abbr class=\"required\" title=\"ben\u00f6tigt\">*<\/abbr><\/label> <input name=\"avia_7_1\" class=\"text_input is_empty\" type=\"text\" id=\"avia_7_1\" value=\"\" \/><\/p><p class='  first_form  form_element form_element_third' id='element_avia_8_1'><label for=\"avia_8_1\">PLZ <abbr class=\"required\" title=\"ben\u00f6tigt\">*<\/abbr><\/label> <input name=\"avia_8_1\" class=\"text_input is_positiv_number\" type=\"text\" id=\"avia_8_1\" value=\"\" \/><\/p><p class='  form_element form_element_two_third' id='element_avia_9_1'><label for=\"avia_9_1\">Ort <abbr class=\"required\" title=\"ben\u00f6tigt\">*<\/abbr><\/label> <input name=\"avia_9_1\" class=\"text_input is_empty\" type=\"text\" id=\"avia_9_1\" value=\"\" \/><\/p><p class='  first_form  form_element form_element_two_third' id='element_avia_10_1'><label for=\"avia_10_1\">Stra\u00dfe <abbr class=\"required\" title=\"ben\u00f6tigt\">*<\/abbr><\/label> <input name=\"avia_10_1\" class=\"text_input is_empty\" type=\"text\" id=\"avia_10_1\" value=\"\" \/><\/p><p class='  form_element form_element_third' id='element_avia_11_1'><label for=\"avia_11_1\">Hausnummer <abbr class=\"required\" title=\"ben\u00f6tigt\">*<\/abbr><\/label> <input name=\"avia_11_1\" class=\"text_input is_positiv_number\" type=\"text\" id=\"avia_11_1\" value=\"\" \/><\/p><div id='avia_12_1' class='av-form-text'><p>\nHiermit melde ich mich verbindlich f\u00fcr folgende AQASYS Online Anwenderschulung (Teilnahmegeb\u00fchr 1.580 Euro zzgl. Mehrwertsteuer) an:<\/p>\n<\/div><p class='  first_form  form_element form_element_third' id='element_avia_13_1'><input  name=\"avia_13_1\" class=\"input_checkbox \" type=\"checkbox\" id=\"avia_13_1\" value=\"true\"\/><label class=\"input_checkbox_label\" for=\"avia_13_1\">10. - 12. Mai 2022 (3 Vormittage)<\/label><\/p><p class='  first_form  form_element form_fullwidth av-last-visible-form-element' id='element_avia_14_1'><input checked=\"checked\" name=\"avia_14_1\" class=\"input_checkbox \" type=\"checkbox\" id=\"avia_14_1\" value=\"true\"\/><label class=\"input_checkbox_label\" for=\"avia_14_1\">Ich habe die Nutzungsbedingungen und die Datenschutzerkl\u00e4rung von www.schraml.de gelesen und akzeptiere diese.<\/label><\/p><p class=\"hidden\"><input type=\"text\" name=\"avia_15_1\" class=\"hidden \" id=\"avia_15_1\" value=\"\" \/><\/p><p class=\"form_element \"><input type=\"hidden\" value=\"1\" name=\"avia_generated_form1\" \/><input type=\"submit\" value=\"Senden\" class=\"button\"  data-sending-label=\"Sende\"\/><\/p><\/fieldset><\/form><div id=\"ajaxresponse_1\" class=\"ajaxresponse ajaxresponse_1 hidden\"><\/div><\/p><\/div>\n","protected":false},"excerpt":{"rendered":"","protected":false},"author":10,"featured_media":0,"parent":0,"menu_order":0,"comment_status":"closed","ping_status":"closed","template":"","meta":{"om_disable_all_campaigns":false,"_uf_show_specific_survey":0,"_uf_disable_surveys":false,"footnotes":""},"class_list":["post-13103","page","type-page","status-publish","hentry"],"yoast_head":"<!-- This site is optimized with the Yoast SEO plugin v27.4 - https:\/\/yoast.com\/product\/yoast-seo-wordpress\/ -->\n<title>Anmeldung AQASYS Anwenderschulung Online - SCHRAML Prozessleit- und Fernwirktechnik<\/title>\n<meta name=\"robots\" content=\"index, follow, max-snippet:-1, max-image-preview:large, max-video-preview:-1\" \/>\n<link rel=\"canonical\" href=\"https:\/\/www.schraml.de\/index.php\/anmeldung-aqasys-anwenderschulung-online\/\" \/>\n<meta property=\"og:locale\" content=\"de_DE\" \/>\n<meta property=\"og:type\" content=\"article\" \/>\n<meta property=\"og:title\" content=\"Anmeldung AQASYS Anwenderschulung Online - SCHRAML Prozessleit- und Fernwirktechnik\" \/>\n<meta property=\"og:url\" content=\"https:\/\/www.schraml.de\/index.php\/anmeldung-aqasys-anwenderschulung-online\/\" \/>\n<meta property=\"og:site_name\" content=\"SCHRAML Prozessleit- und Fernwirktechnik\" \/>\n<meta property=\"article:modified_time\" content=\"2022-01-26T07:59:29+00:00\" \/>\n<meta name=\"twitter:card\" content=\"summary_large_image\" \/>\n<meta name=\"twitter:label1\" content=\"Gesch\u00e4tzte Lesezeit\" \/>\n\t<meta name=\"twitter:data1\" content=\"3\u00a0Minuten\" \/>\n<!-- \/ Yoast SEO plugin. -->","yoast_head_json":{"title":"Anmeldung AQASYS Anwenderschulung Online - SCHRAML Prozessleit- und Fernwirktechnik","robots":{"index":"index","follow":"follow","max-snippet":"max-snippet:-1","max-image-preview":"max-image-preview:large","max-video-preview":"max-video-preview:-1"},"canonical":"https:\/\/www.schraml.de\/index.php\/anmeldung-aqasys-anwenderschulung-online\/","og_locale":"de_DE","og_type":"article","og_title":"Anmeldung AQASYS Anwenderschulung Online - SCHRAML Prozessleit- und Fernwirktechnik","og_url":"https:\/\/www.schraml.de\/index.php\/anmeldung-aqasys-anwenderschulung-online\/","og_site_name":"SCHRAML Prozessleit- und Fernwirktechnik","article_modified_time":"2022-01-26T07:59:29+00:00","twitter_card":"summary_large_image","twitter_misc":{"Gesch\u00e4tzte Lesezeit":"3\u00a0Minuten"},"schema":{"@context":"https:\/\/schema.org","@graph":[{"@type":"WebPage","@id":"https:\/\/www.schraml.de\/index.php\/anmeldung-aqasys-anwenderschulung-online\/","url":"https:\/\/www.schraml.de\/index.php\/anmeldung-aqasys-anwenderschulung-online\/","name":"Anmeldung AQASYS Anwenderschulung Online - SCHRAML Prozessleit- und Fernwirktechnik","isPartOf":{"@id":"https:\/\/www.schraml.de\/#website"},"datePublished":"2020-12-22T13:57:48+00:00","dateModified":"2022-01-26T07:59:29+00:00","breadcrumb":{"@id":"https:\/\/www.schraml.de\/index.php\/anmeldung-aqasys-anwenderschulung-online\/#breadcrumb"},"inLanguage":"de","potentialAction":[{"@type":"ReadAction","target":["https:\/\/www.schraml.de\/index.php\/anmeldung-aqasys-anwenderschulung-online\/"]}]},{"@type":"BreadcrumbList","@id":"https:\/\/www.schraml.de\/index.php\/anmeldung-aqasys-anwenderschulung-online\/#breadcrumb","itemListElement":[{"@type":"ListItem","position":1,"name":"Startseite","item":"https:\/\/www.schraml.de\/"},{"@type":"ListItem","position":2,"name":"Anmeldung AQASYS Anwenderschulung Online"}]},{"@type":"WebSite","@id":"https:\/\/www.schraml.de\/#website","url":"https:\/\/www.schraml.de\/","name":"SCHRAML Prozessleit- und Fernwirktechnik","description":"Prozessleit-, Fernwirk- und Automatisierungstechnik f\u00fcr intelligentes Wassermanagement","publisher":{"@id":"https:\/\/www.schraml.de\/#organization"},"potentialAction":[{"@type":"SearchAction","target":{"@type":"EntryPoint","urlTemplate":"https:\/\/www.schraml.de\/?s={search_term_string}"},"query-input":{"@type":"PropertyValueSpecification","valueRequired":true,"valueName":"search_term_string"}}],"inLanguage":"de"},{"@type":"Organization","@id":"https:\/\/www.schraml.de\/#organization","name":"SCHRAML GmbH","url":"https:\/\/www.schraml.de\/","logo":{"@type":"ImageObject","inLanguage":"de","@id":"https:\/\/www.schraml.de\/#\/schema\/logo\/image\/","url":"https:\/\/www.schraml.de\/wp-content\/uploads\/2016\/06\/SCHRAML-Logo.png","contentUrl":"https:\/\/www.schraml.de\/wp-content\/uploads\/2016\/06\/SCHRAML-Logo.png","width":512,"height":148,"caption":"SCHRAML GmbH"},"image":{"@id":"https:\/\/www.schraml.de\/#\/schema\/logo\/image\/"},"sameAs":["https:\/\/www.linkedin.com\/company\/schraml-gmbh","https:\/\/www.youtube.com\/channel\/UClSE-NVUQx_Cvs6hDnImkWg"]}]}},"_links":{"self":[{"href":"https:\/\/www.schraml.de\/index.php\/wp-json\/wp\/v2\/pages\/13103","targetHints":{"allow":["GET"]}}],"collection":[{"href":"https:\/\/www.schraml.de\/index.php\/wp-json\/wp\/v2\/pages"}],"about":[{"href":"https:\/\/www.schraml.de\/index.php\/wp-json\/wp\/v2\/types\/page"}],"author":[{"embeddable":true,"href":"https:\/\/www.schraml.de\/index.php\/wp-json\/wp\/v2\/users\/10"}],"replies":[{"embeddable":true,"href":"https:\/\/www.schraml.de\/index.php\/wp-json\/wp\/v2\/comments?post=13103"}],"version-history":[{"count":0,"href":"https:\/\/www.schraml.de\/index.php\/wp-json\/wp\/v2\/pages\/13103\/revisions"}],"wp:attachment":[{"href":"https:\/\/www.schraml.de\/index.php\/wp-json\/wp\/v2\/media?parent=13103"}],"curies":[{"name":"wp","href":"https:\/\/api.w.org\/{rel}","templated":true}]}}